{"id":3859,"date":"2024-08-23T21:53:01","date_gmt":"2024-08-24T02:53:01","guid":{"rendered":"https:\/\/andeantopexpeditions.com\/?page_id=3859"},"modified":"2026-03-22T14:44:14","modified_gmt":"2026-03-22T19:44:14","slug":"tambopata-national-reserve","status":"publish","type":"page","link":"https:\/\/andeantopexpeditions.com\/pt\/peru-amazon-tours\/tambopata-national-reserve\/","title":{"rendered":"Reserva Nacional de Tambopata"},"content":{"rendered":"<div data-elementor-type=\"wp-page\" data-elementor-id=\"3859\" class=\"elementor elementor-3859\" data-elementor-post-type=\"page\">\n\t\t\t\t\r\n\t\t<section class=\"elementor-section elementor-top-section elementor-element elementor-element-af7cc2c elementor-section-height-full elementor-section-stretched elementor-section-boxed elementor-section-height-default elementor-section-items-middle elementor-invisible\" data-id=\"af7cc2c\" data-element_type=\"section\" data-e-type=\"section\" data-settings=\"{&quot;background_background&quot;:&quot;classic&quot;,&quot;animation&quot;:&quot;fadeIn&quot;,&quot;stretch_section&quot;:&quot;section-stretched&quot;}\">\n\t\t\t\t\t\t\t<div class=\"elementor-background-overlay\"><\/div>\n\t\t\t\t\t\t\t<div class=\"elementor-container elementor-column-gap-no\">\n\t\t\t\t\t<div class=\"elementor-column elementor-col-100 elementor-top-column elementor-element elementor-element-7a374c9\" data-id=\"7a374c9\" data-element_type=\"column\" data-e-type=\"column\">\n\t\t\t<div class=\"elementor-widget-wrap elementor-element-populated\">\n\t\t\t\t\t\t<div class=\"elementor-element elementor-element-9b1d429 elementor-widget elementor-widget-spacer\" data-id=\"9b1d429\" data-element_type=\"widget\" data-e-type=\"widget\" data-widget_type=\"spacer.default\">\n\t\t\t\t<div class=\"elementor-widget-container\">\n\t\t\t\t\t\t\t<div class=\"elementor-spacer\">\n\t\t\t<div class=\"elementor-spacer-inner\"><\/div>\n\t\t<\/div>\n\t\t\t\t\t\t<\/div>\n\t\t\t\t<\/div>\n\t\t\t\t<div class=\"elementor-element elementor-element-40172cb elementor-invisible elementor-widget elementor-widget-heading\" data-id=\"40172cb\" data-element_type=\"widget\" data-e-type=\"widget\" data-settings=\"{&quot;_animation&quot;:&quot;fadeInUp&quot;}\" data-widget_type=\"heading.default\">\n\t\t\t\t<div class=\"elementor-widget-container\">\n\t\t\t\t\t<h1 class=\"elementor-heading-title elementor-size-default\">Reserva Nacional de Tambopata<\/h1>\t\t\t\t<\/div>\n\t\t\t\t<\/div>\n\t\t\t\t<div class=\"elementor-element elementor-element-03dd978 elementor-invisible elementor-widget elementor-widget-heading\" data-id=\"03dd978\" data-element_type=\"widget\" data-e-type=\"widget\" data-settings=\"{&quot;_animation&quot;:&quot;fadeInUp&quot;}\" data-widget_type=\"heading.default\">\n\t\t\t\t<div class=\"elementor-widget-container\">\n\t\t\t\t\t<h3 class=\"elementor-heading-title elementor-size-default\">Explore a cultura, a hist\u00f3ria e a natureza do Peru com nossos passeios.<\/h3>\t\t\t\t<\/div>\n\t\t\t\t<\/div>\n\t\t\t\t\t<\/div>\n\t\t<\/div>\n\t\t\t\t\t<\/div>\n\t\t<\/section>\n\t\t\t\t<section class=\"elementor-section elementor-top-section elementor-element elementor-element-5e9de9a elementor-section-boxed elementor-section-height-default elementor-section-height-default\" data-id=\"5e9de9a\" data-element_type=\"section\" data-e-type=\"section\" data-settings=\"{&quot;background_background&quot;:&quot;classic&quot;}\">\n\t\t\t\t\t\t<div class=\"elementor-container elementor-column-gap-extended\">\n\t\t\t\t\t<div class=\"elementor-column elementor-col-100 elementor-top-column elementor-element elementor-element-122c345\" data-id=\"122c345\" data-element_type=\"column\" data-e-type=\"column\">\n\t\t\t<div class=\"elementor-widget-wrap elementor-element-populated\">\n\t\t\t\t\t\t<div class=\"elementor-element elementor-element-8523339 elementor-invisible elementor-widget elementor-widget-text-editor\" data-id=\"8523339\" data-element_type=\"widget\" data-e-type=\"widget\" data-settings=\"{&quot;_animation&quot;:&quot;fadeIn&quot;}\" data-widget_type=\"text-editor.default\">\n\t\t\t\t<div class=\"elementor-widget-container\">\n\t\t\t\t\t\t\t\t\t<div class=\"flex-shrink-0 flex flex-col relative items-end\"><div class=\"pt-0.5 juice:pt-0\"><div class=\"gizmo-bot-avatar flex h-6 w-6 items-center justify-center overflow-hidden rounded-full juice:h-8 juice:w-8\"><div class=\"relative p-1 rounded-sm flex items-center justify-center bg-token-main-surface-primary text-token-text-primary h-8 w-8\"><p class=\"p1\">Se voc\u00ea busca um destino que lhe proporcione um contato direto com a beleza selvagem da Amaz\u00f4nia, este \u00e9 o lugar perfeito para come\u00e7ar. Escondida no sudeste do Peru, esta \u00e1rea protegida \u00e9 um para\u00edso para os amantes da natureza, oferecendo floresta tropical exuberante, rios sinuosos e uma incr\u00edvel variedade de vida selvagem. Embora seja menos conhecida do que outros pontos tur\u00edsticos peruanos, \u00e9 facilmente um dos mais inesquec\u00edveis.<\/p><p class=\"p1\">Por exemplo, voc\u00ea pode avistar araras coloridas reunidas em barrancos de argila, jacar\u00e9s descansando nas margens dos rios e macacos saltando pela copa das \u00e1rvores. Al\u00e9m disso, a regi\u00e3o abriga centenas de esp\u00e9cies de aves, mam\u00edferos raros e uma flora exuberante. Ademais, hospedagens sustent\u00e1veis \u200b\u200be passeios guiados permitem que voc\u00ea explore a regi\u00e3o de forma respons\u00e1vel, ao mesmo tempo que apoia as comunidades locais.<\/p><p class=\"p1\">Seja qual for o motivo da sua viagem \u2013 aventura, fotografia ou simplesmente paz e tranquilidade \u2013, voc\u00ea encontrar\u00e1 algo m\u00e1gico aqui. Al\u00e9m disso, a calorosa hospitalidade dos moradores locais torna a experi\u00eancia ainda mais encantadora, garantindo uma estadia confort\u00e1vel e memor\u00e1vel.<\/p><p class=\"p1\">Ent\u00e3o, se voc\u00ea est\u00e1 pronto para explorar um dos cantos mais biodiversos do planeta, o <span class=\"s1\"><b>Reserva Nacional de Tambopata<\/b><\/span> est\u00e1 \u00e0 sua espera. Para mapas, detalhes sobre conserva\u00e7\u00e3o e orienta\u00e7\u00f5es de viagem, visite <a href=\"https:\/\/www.gob.pe\/institucion\/sernanp\/informes-publicaciones\/1793047-reserva-nacional-tambopata\">SERNANP \u2013 Informa\u00e7\u00f5es da Reserva Tambopata<\/a>.<\/p><p class=\"p1\">Sua jornada pela Amaz\u00f4nia come\u00e7a aqui \u2014 selvagem, vibrante e absolutamente inesquec\u00edvel.<\/p><\/div><\/div><\/div><\/div>\t\t\t\t\t\t\t\t<\/div>\n\t\t\t\t<\/div>\n\t\t\t\t<div class=\"elementor-element elementor-element-3450ff4 elementor-invisible elementor-widget elementor-widget-heading\" data-id=\"3450ff4\" data-element_type=\"widget\" data-e-type=\"widget\" data-settings=\"{&quot;_animation&quot;:&quot;fadeInUp&quot;}\" data-widget_type=\"heading.default\">\n\t\t\t\t<div class=\"elementor-widget-container\">\n\t\t\t\t\t<h2 class=\"elementor-heading-title elementor-size-default\">Reserva Nacional de Tambopata<\/h2>\t\t\t\t<\/div>\n\t\t\t\t<\/div>\n\t\t\t\t\t<\/div>\n\t\t<\/div>\n\t\t\t\t\t<\/div>\n\t\t<\/section>\n\t\t<div class=\"elementor-element elementor-element-bbe344b e-grid e-con-boxed e-con e-parent\" data-id=\"bbe344b\" data-element_type=\"container\" data-e-type=\"container\" data-settings=\"{&quot;background_background&quot;:&quot;classic&quot;}\">\n\t\t\t\t\t<div class=\"e-con-inner\">\n\t\t\t\t<div class=\"elementor-element elementor-element-81b8d9d elementor-cta--layout-image-above elementor-cta--skin-classic elementor-animated-content elementor-bg-transform elementor-bg-transform-zoom-in elementor-invisible elementor-widget elementor-widget-call-to-action\" data-id=\"81b8d9d\" data-element_type=\"widget\" data-e-type=\"widget\" data-settings=\"{&quot;_animation&quot;:&quot;fadeInUp&quot;}\" data-widget_type=\"call-to-action.default\">\n\t\t\t\t<div class=\"elementor-widget-container\">\n\t\t\t\t\t\t\t<div class=\"elementor-cta\">\n\t\t\t\t\t<div class=\"elementor-cta__bg-wrapper\">\n\t\t\t\t<div class=\"elementor-cta__bg elementor-bg\" style=\"background-image: url(https:\/\/andeantopexpeditions.com\/wp-content\/uploads\/2024\/08\/TAMBOPATA-2-1024x683.jpg);\" role=\"img\" aria-label=\"Trilha na selva dos lagos Tambopata e Sandoval, atrav\u00e9s da densa floresta tropical.\"><\/div>\n\t\t\t\t<div class=\"elementor-cta__bg-overlay\"><\/div>\n\t\t\t<\/div>\n\t\t\t\t\t\t\t<div class=\"elementor-cta__content\">\n\t\t\t\t\n\t\t\t\t\n\t\t\t\t\t\t\t\t\t<div class=\"elementor-cta__description elementor-cta__content-item elementor-content-item\">\n\t\t\t\t\t\tTambopata &amp; Sandoval lake: Nature<br> in 3 Days\t\t\t\t\t<\/div>\n\t\t\t\t\n\t\t\t\t\t\t\t\t\t<div class=\"elementor-cta__button-wrapper elementor-cta__content-item elementor-content-item\">\n\t\t\t\t\t<a class=\"elementor-cta__button elementor-button elementor-size-\" href=\"https:\/\/andeantopexpeditions.com\/pt\/peru-amazon-tours\/tambopata-national-reserve\/tambopata-sandoval-lake-3-days\/\">\n\t\t\t\t\t\tDESCOBRIR\t\t\t\t\t<\/a>\n\t\t\t\t\t<\/div>\n\t\t\t\t\t\t\t<\/div>\n\t\t\t\t\t\t<\/div>\n\t\t\t\t\t\t<\/div>\n\t\t\t\t<\/div>\n\t\t\t\t<div class=\"elementor-element elementor-element-f59ea39 elementor-cta--layout-image-above elementor-cta--skin-classic elementor-animated-content elementor-bg-transform elementor-bg-transform-zoom-in elementor-invisible elementor-widget elementor-widget-call-to-action\" data-id=\"f59ea39\" data-element_type=\"widget\" data-e-type=\"widget\" data-settings=\"{&quot;_animation&quot;:&quot;fadeInUp&quot;}\" data-widget_type=\"call-to-action.default\">\n\t\t\t\t<div class=\"elementor-widget-container\">\n\t\t\t\t\t\t\t<div class=\"elementor-cta\">\n\t\t\t\t\t<div class=\"elementor-cta__bg-wrapper\">\n\t\t\t\t<div class=\"elementor-cta__bg elementor-bg\" style=\"background-image: url(https:\/\/andeantopexpeditions.com\/wp-content\/uploads\/2024\/08\/TAMBOPATA-4-1024x683.jpg);\" role=\"img\" aria-label=\"Parque Nacional Manu, macaco selvagem sentado em uma \u00e1rvore na exuberante floresta tropical.\"><\/div>\n\t\t\t\t<div class=\"elementor-cta__bg-overlay\"><\/div>\n\t\t\t<\/div>\n\t\t\t\t\t\t\t<div class=\"elementor-cta__content\">\n\t\t\t\t\n\t\t\t\t\n\t\t\t\t\t\t\t\t\t<div class=\"elementor-cta__description elementor-cta__content-item elementor-content-item\">\n\t\t\t\t\t\tExplore Tambopata e o Lago Sandoval em 4 dias \u2013 Expedi\u00e7\u00e3o na Selva\t\t\t\t\t<\/div>\n\t\t\t\t\n\t\t\t\t\t\t\t\t\t<div class=\"elementor-cta__button-wrapper elementor-cta__content-item elementor-content-item\">\n\t\t\t\t\t<a class=\"elementor-cta__button elementor-button elementor-size-\" href=\"https:\/\/andeantopexpeditions.com\/pt\/peru-amazon-tours\/tambopata-national-reserve\/tambopata-sandoval-lake-jungle-expedition-4-days\/\">\n\t\t\t\t\t\tDESCOBRIR\t\t\t\t\t<\/a>\n\t\t\t\t\t<\/div>\n\t\t\t\t\t\t\t<\/div>\n\t\t\t\t\t\t<\/div>\n\t\t\t\t\t\t<\/div>\n\t\t\t\t<\/div>\n\t\t\t\t<div class=\"elementor-element elementor-element-17f36ec elementor-cta--layout-image-above elementor-cta--skin-classic elementor-animated-content elementor-bg-transform elementor-bg-transform-zoom-in elementor-invisible elementor-widget elementor-widget-call-to-action\" data-id=\"17f36ec\" data-element_type=\"widget\" data-e-type=\"widget\" data-settings=\"{&quot;_animation&quot;:&quot;fadeInUp&quot;}\" data-widget_type=\"call-to-action.default\">\n\t\t\t\t<div class=\"elementor-widget-container\">\n\t\t\t\t\t\t\t<div class=\"elementor-cta\">\n\t\t\t\t\t<div class=\"elementor-cta__bg-wrapper\">\n\t\t\t\t<div class=\"elementor-cta__bg elementor-bg\" style=\"background-image: url(https:\/\/andeantopexpeditions.com\/wp-content\/uploads\/2024\/08\/TAMBOPATA-1-1024x681.jpg);\" role=\"img\" aria-label=\"TAMBOPATA 1\"><\/div>\n\t\t\t\t<div class=\"elementor-cta__bg-overlay\"><\/div>\n\t\t\t<\/div>\n\t\t\t\t\t\t\t<div class=\"elementor-cta__content\">\n\t\t\t\t\n\t\t\t\t\n\t\t\t\t\t\t\t\t\t<div class=\"elementor-cta__description elementor-cta__content-item elementor-content-item\">\n\t\t\t\t\t\tObserva\u00e7\u00e3o de Araras em Barreira de Argila em Tambopata: Experi\u00eancia de 2 Dias na Selva Peruana\n\t\t\t\t\t<\/div>\n\t\t\t\t\n\t\t\t\t\t\t\t\t\t<div class=\"elementor-cta__button-wrapper elementor-cta__content-item elementor-content-item\">\n\t\t\t\t\t<a class=\"elementor-cta__button elementor-button elementor-size-\" href=\"https:\/\/andeantopexpeditions.com\/pt\/peru-amazon-tours\/tambopata-national-reserve\/macaw-clay-lick-tambopata\/\">\n\t\t\t\t\t\tDESCOBRIR\t\t\t\t\t<\/a>\n\t\t\t\t\t<\/div>\n\t\t\t\t\t\t\t<\/div>\n\t\t\t\t\t\t<\/div>\n\t\t\t\t\t\t<\/div>\n\t\t\t\t<\/div>\n\t\t\t\t\t<\/div>\n\t\t\t\t<\/div>\n\t\t\t\t<\/div>","protected":false},"excerpt":{"rendered":"<p>TAMBOPATA NATIONAL RESERVE Explore the culture, history and nature of Peru with our tours If you\u2019re looking for a destination that brings you face-to-face with the raw beauty of the Amazon, this is the perfect place to begin. Tucked away in southeastern Peru, this protected area is a paradise for nature lovers, offering lush rainforest,&#8230;<\/p>","protected":false},"author":3,"featured_media":8609,"parent":1518,"menu_order":0,"comment_status":"closed","ping_status":"closed","template":"elementor_header_footer","meta":{"footnotes":""},"class_list":["post-3859","page","type-page","status-publish","has-post-thumbnail","hentry"],"yoast_head":"<!-- This site is optimized with the Yoast SEO plugin v27.2 - https:\/\/yoast.com\/product\/yoast-seo-wordpress\/ -->\n<title>TAMBOPATA NATIONAL RESERVE - Andean Top Expeditions<\/title>\n<meta name=\"description\" content=\"Discover the wonders of Tambopata national reserve: explore Peru&#039;s rich culture, history, and wildlife on a thrilling tour through the jungle\" \/>\n<meta name=\"robots\" content=\"index, follow, max-snippet:-1, max-image-preview:large, max-video-preview:-1\" \/>\n<link rel=\"canonical\" href=\"https:\/\/andeantopexpeditions.com\/pt\/peru-amazon-tours\/tambopata-national-reserve\/\" \/>\n<meta property=\"og:locale\" content=\"pt_BR\" \/>\n<meta property=\"og:type\" content=\"article\" \/>\n<meta property=\"og:title\" content=\"TAMBOPATA NATIONAL RESERVE - Andean Top Expeditions\" \/>\n<meta property=\"og:description\" content=\"Discover the wonders of Tambopata national reserve: explore Peru&#039;s rich culture, history, and wildlife on a thrilling tour through the jungle\" \/>\n<meta property=\"og:url\" content=\"https:\/\/andeantopexpeditions.com\/pt\/peru-amazon-tours\/tambopata-national-reserve\/\" \/>\n<meta property=\"og:site_name\" content=\"Andean Top Expeditions\" \/>\n<meta property=\"article:publisher\" content=\"https:\/\/www.facebook.com\/andeantopexpeditions\/?locale=es_LA\" \/>\n<meta property=\"article:modified_time\" content=\"2026-03-22T19:44:14+00:00\" \/>\n<meta property=\"og:image\" content=\"https:\/\/andeantopexpeditions.com\/wp-content\/uploads\/2025\/06\/tambopata10.jpg\" \/>\n\t<meta property=\"og:image:width\" content=\"1000\" \/>\n\t<meta property=\"og:image:height\" content=\"563\" \/>\n\t<meta property=\"og:image:type\" content=\"image\/jpeg\" \/>\n<meta name=\"twitter:card\" content=\"summary_large_image\" \/>\n<meta name=\"twitter:label1\" content=\"Est. tempo de leitura\" \/>\n\t<meta name=\"twitter:data1\" content=\"2 minutos\" \/>\n<script type=\"application\/ld+json\" class=\"yoast-schema-graph\">{\"@context\":\"https:\/\/schema.org\",\"@graph\":[{\"@type\":\"WebPage\",\"@id\":\"https:\/\/andeantopexpeditions.com\/es\/peru-amazon-tours\/tambopata-national-reserve\/\",\"url\":\"https:\/\/andeantopexpeditions.com\/es\/peru-amazon-tours\/tambopata-national-reserve\/\",\"name\":\"TAMBOPATA NATIONAL RESERVE - Andean Top Expeditions\",\"isPartOf\":{\"@id\":\"https:\/\/andeantopexpeditions.com\/#website\"},\"primaryImageOfPage\":{\"@id\":\"https:\/\/andeantopexpeditions.com\/es\/peru-amazon-tours\/tambopata-national-reserve\/#primaryimage\"},\"image\":{\"@id\":\"https:\/\/andeantopexpeditions.com\/es\/peru-amazon-tours\/tambopata-national-reserve\/#primaryimage\"},\"thumbnailUrl\":\"https:\/\/andeantopexpeditions.com\/wp-content\/uploads\/2025\/06\/tambopata10.jpg\",\"datePublished\":\"2024-08-24T02:53:01+00:00\",\"dateModified\":\"2026-03-22T19:44:14+00:00\",\"description\":\"Discover the wonders of Tambopata national reserve: explore Peru's rich culture, history, and wildlife on a thrilling tour through the jungle\",\"breadcrumb\":{\"@id\":\"https:\/\/andeantopexpeditions.com\/es\/peru-amazon-tours\/tambopata-national-reserve\/#breadcrumb\"},\"inLanguage\":\"pt-BR\",\"potentialAction\":[{\"@type\":\"ReadAction\",\"target\":[\"https:\/\/andeantopexpeditions.com\/es\/peru-amazon-tours\/tambopata-national-reserve\/\"]}]},{\"@type\":\"ImageObject\",\"inLanguage\":\"pt-BR\",\"@id\":\"https:\/\/andeantopexpeditions.com\/es\/peru-amazon-tours\/tambopata-national-reserve\/#primaryimage\",\"url\":\"https:\/\/andeantopexpeditions.com\/wp-content\/uploads\/2025\/06\/tambopata10.jpg\",\"contentUrl\":\"https:\/\/andeantopexpeditions.com\/wp-content\/uploads\/2025\/06\/tambopata10.jpg\",\"width\":1000,\"height\":563,\"caption\":\"Tambopata National Reserve welcomes you with magical river views and untouched nature\"},{\"@type\":\"BreadcrumbList\",\"@id\":\"https:\/\/andeantopexpeditions.com\/es\/peru-amazon-tours\/tambopata-national-reserve\/#breadcrumb\",\"itemListElement\":[{\"@type\":\"ListItem\",\"position\":1,\"name\":\"Portada\",\"item\":\"https:\/\/andeantopexpeditions.com\/\"},{\"@type\":\"ListItem\",\"position\":2,\"name\":\"PERU AMAZON TOURS\",\"item\":\"https:\/\/andeantopexpeditions.com\/es\/peru-amazon-tours\/\"},{\"@type\":\"ListItem\",\"position\":3,\"name\":\"TAMBOPATA NATIONAL RESERVE\"}]},{\"@type\":\"WebSite\",\"@id\":\"https:\/\/andeantopexpeditions.com\/#website\",\"url\":\"https:\/\/andeantopexpeditions.com\/\",\"name\":\"Andean top Expeditions\",\"description\":\"Travel &amp; Tour Booking Agency WordPress Theme\",\"publisher\":{\"@id\":\"https:\/\/andeantopexpeditions.com\/#organization\"},\"potentialAction\":[{\"@type\":\"SearchAction\",\"target\":{\"@type\":\"EntryPoint\",\"urlTemplate\":\"https:\/\/andeantopexpeditions.com\/?s={search_term_string}\"},\"query-input\":{\"@type\":\"PropertyValueSpecification\",\"valueRequired\":true,\"valueName\":\"search_term_string\"}}],\"inLanguage\":\"pt-BR\"},{\"@type\":\"Organization\",\"@id\":\"https:\/\/andeantopexpeditions.com\/#organization\",\"name\":\"Andean top Expeditions\",\"url\":\"https:\/\/andeantopexpeditions.com\/\",\"logo\":{\"@type\":\"ImageObject\",\"inLanguage\":\"pt-BR\",\"@id\":\"https:\/\/andeantopexpeditions.com\/#\/schema\/logo\/image\/\",\"url\":\"https:\/\/andeantopexpeditions.com\/wp-content\/uploads\/2024\/08\/andean-log.png\",\"contentUrl\":\"https:\/\/andeantopexpeditions.com\/wp-content\/uploads\/2024\/08\/andean-log.png\",\"width\":180,\"height\":60,\"caption\":\"Andean top Expeditions\"},\"image\":{\"@id\":\"https:\/\/andeantopexpeditions.com\/#\/schema\/logo\/image\/\"},\"sameAs\":[\"https:\/\/www.facebook.com\/andeantopexpeditions\/?locale=es_LA\",\"https:\/\/www.instagram.com\/andeantopexpeditions\/\",\"https:\/\/www.tripadvisor.co\/Attraction_Review-g294314-d15244712-Reviews-Andean_Top_Expeditions-Cusco_Cusco_Region.html\"]}]}<\/script>\n<!-- \/ Yoast SEO plugin. -->","yoast_head_json":{"title":"TAMBOPATA NATIONAL RESERVE - Andean Top Expeditions","description":"Discover the wonders of Tambopata national reserve: explore Peru's rich culture, history, and wildlife on a thrilling tour through the jungle","robots":{"index":"index","follow":"follow","max-snippet":"max-snippet:-1","max-image-preview":"max-image-preview:large","max-video-preview":"max-video-preview:-1"},"canonical":"https:\/\/andeantopexpeditions.com\/pt\/peru-amazon-tours\/tambopata-national-reserve\/","og_locale":"pt_BR","og_type":"article","og_title":"TAMBOPATA NATIONAL RESERVE - Andean Top Expeditions","og_description":"Discover the wonders of Tambopata national reserve: explore Peru's rich culture, history, and wildlife on a thrilling tour through the jungle","og_url":"https:\/\/andeantopexpeditions.com\/pt\/peru-amazon-tours\/tambopata-national-reserve\/","og_site_name":"Andean Top Expeditions","article_publisher":"https:\/\/www.facebook.com\/andeantopexpeditions\/?locale=es_LA","article_modified_time":"2026-03-22T19:44:14+00:00","og_image":[{"width":1000,"height":563,"url":"https:\/\/andeantopexpeditions.com\/wp-content\/uploads\/2025\/06\/tambopata10.jpg","type":"image\/jpeg"}],"twitter_card":"summary_large_image","twitter_misc":{"Est. tempo de leitura":"2 minutos"},"schema":{"@context":"https:\/\/schema.org","@graph":[{"@type":"WebPage","@id":"https:\/\/andeantopexpeditions.com\/es\/peru-amazon-tours\/tambopata-national-reserve\/","url":"https:\/\/andeantopexpeditions.com\/es\/peru-amazon-tours\/tambopata-national-reserve\/","name":"TAMBOPATA NATIONAL RESERVE - Andean Top Expeditions","isPartOf":{"@id":"https:\/\/andeantopexpeditions.com\/#website"},"primaryImageOfPage":{"@id":"https:\/\/andeantopexpeditions.com\/es\/peru-amazon-tours\/tambopata-national-reserve\/#primaryimage"},"image":{"@id":"https:\/\/andeantopexpeditions.com\/es\/peru-amazon-tours\/tambopata-national-reserve\/#primaryimage"},"thumbnailUrl":"https:\/\/andeantopexpeditions.com\/wp-content\/uploads\/2025\/06\/tambopata10.jpg","datePublished":"2024-08-24T02:53:01+00:00","dateModified":"2026-03-22T19:44:14+00:00","description":"Discover the wonders of Tambopata national reserve: explore Peru's rich culture, history, and wildlife on a thrilling tour through the jungle","breadcrumb":{"@id":"https:\/\/andeantopexpeditions.com\/es\/peru-amazon-tours\/tambopata-national-reserve\/#breadcrumb"},"inLanguage":"pt-BR","potentialAction":[{"@type":"ReadAction","target":["https:\/\/andeantopexpeditions.com\/es\/peru-amazon-tours\/tambopata-national-reserve\/"]}]},{"@type":"ImageObject","inLanguage":"pt-BR","@id":"https:\/\/andeantopexpeditions.com\/es\/peru-amazon-tours\/tambopata-national-reserve\/#primaryimage","url":"https:\/\/andeantopexpeditions.com\/wp-content\/uploads\/2025\/06\/tambopata10.jpg","contentUrl":"https:\/\/andeantopexpeditions.com\/wp-content\/uploads\/2025\/06\/tambopata10.jpg","width":1000,"height":563,"caption":"Tambopata National Reserve welcomes you with magical river views and untouched nature"},{"@type":"BreadcrumbList","@id":"https:\/\/andeantopexpeditions.com\/es\/peru-amazon-tours\/tambopata-national-reserve\/#breadcrumb","itemListElement":[{"@type":"ListItem","position":1,"name":"Portada","item":"https:\/\/andeantopexpeditions.com\/"},{"@type":"ListItem","position":2,"name":"PERU AMAZON TOURS","item":"https:\/\/andeantopexpeditions.com\/es\/peru-amazon-tours\/"},{"@type":"ListItem","position":3,"name":"TAMBOPATA NATIONAL RESERVE"}]},{"@type":"WebSite","@id":"https:\/\/andeantopexpeditions.com\/#website","url":"https:\/\/andeantopexpeditions.com\/","name":"Andean top Expeditions","description":"Travel &amp; Tour Booking Agency WordPress Theme","publisher":{"@id":"https:\/\/andeantopexpeditions.com\/#organization"},"potentialAction":[{"@type":"SearchAction","target":{"@type":"EntryPoint","urlTemplate":"https:\/\/andeantopexpeditions.com\/?s={search_term_string}"},"query-input":{"@type":"PropertyValueSpecification","valueRequired":true,"valueName":"search_term_string"}}],"inLanguage":"pt-BR"},{"@type":"Organization","@id":"https:\/\/andeantopexpeditions.com\/#organization","name":"Andean top Expeditions","url":"https:\/\/andeantopexpeditions.com\/","logo":{"@type":"ImageObject","inLanguage":"pt-BR","@id":"https:\/\/andeantopexpeditions.com\/#\/schema\/logo\/image\/","url":"https:\/\/andeantopexpeditions.com\/wp-content\/uploads\/2024\/08\/andean-log.png","contentUrl":"https:\/\/andeantopexpeditions.com\/wp-content\/uploads\/2024\/08\/andean-log.png","width":180,"height":60,"caption":"Andean top Expeditions"},"image":{"@id":"https:\/\/andeantopexpeditions.com\/#\/schema\/logo\/image\/"},"sameAs":["https:\/\/www.facebook.com\/andeantopexpeditions\/?locale=es_LA","https:\/\/www.instagram.com\/andeantopexpeditions\/","https:\/\/www.tripadvisor.co\/Attraction_Review-g294314-d15244712-Reviews-Andean_Top_Expeditions-Cusco_Cusco_Region.html"]}]}},"_links":{"self":[{"href":"https:\/\/andeantopexpeditions.com\/pt\/wp-json\/wp\/v2\/pages\/3859","targetHints":{"allow":["GET"]}}],"collection":[{"href":"https:\/\/andeantopexpeditions.com\/pt\/wp-json\/wp\/v2\/pages"}],"about":[{"href":"https:\/\/andeantopexpeditions.com\/pt\/wp-json\/wp\/v2\/types\/page"}],"author":[{"embeddable":true,"href":"https:\/\/andeantopexpeditions.com\/pt\/wp-json\/wp\/v2\/users\/3"}],"replies":[{"embeddable":true,"href":"https:\/\/andeantopexpeditions.com\/pt\/wp-json\/wp\/v2\/comments?post=3859"}],"version-history":[{"count":6,"href":"https:\/\/andeantopexpeditions.com\/pt\/wp-json\/wp\/v2\/pages\/3859\/revisions"}],"predecessor-version":[{"id":16330,"href":"https:\/\/andeantopexpeditions.com\/pt\/wp-json\/wp\/v2\/pages\/3859\/revisions\/16330"}],"up":[{"embeddable":true,"href":"https:\/\/andeantopexpeditions.com\/pt\/wp-json\/wp\/v2\/pages\/1518"}],"wp:featuredmedia":[{"embeddable":true,"href":"https:\/\/andeantopexpeditions.com\/pt\/wp-json\/wp\/v2\/media\/8609"}],"wp:attachment":[{"href":"https:\/\/andeantopexpeditions.com\/pt\/wp-json\/wp\/v2\/media?parent=3859"}],"curies":[{"name":"wp","href":"https:\/\/api.w.org\/{rel}","templated":true}]}}