{"id":2112,"date":"2024-07-19T11:03:13","date_gmt":"2024-07-19T16:03:13","guid":{"rendered":"https:\/\/andeantopexpeditions.com\/?page_id=2112"},"modified":"2026-03-22T14:29:04","modified_gmt":"2026-03-22T19:29:04","slug":"arequipa","status":"publish","type":"page","link":"https:\/\/andeantopexpeditions.com\/pt\/peru\/arequipa\/","title":{"rendered":"AREQUIPA"},"content":{"rendered":"<div data-elementor-type=\"wp-page\" data-elementor-id=\"2112\" class=\"elementor elementor-2112\" data-elementor-post-type=\"page\">\n\t\t\t\t\t\t<section class=\"elementor-section elementor-top-section elementor-element elementor-element-af7cc2c elementor-section-height-full elementor-section-stretched elementor-section-boxed elementor-section-height-default elementor-section-items-middle elementor-invisible\" data-id=\"af7cc2c\" data-element_type=\"section\" data-e-type=\"section\" data-settings=\"{&quot;background_background&quot;:&quot;classic&quot;,&quot;animation&quot;:&quot;fadeIn&quot;,&quot;stretch_section&quot;:&quot;section-stretched&quot;}\">\n\t\t\t\t\t\t\t<div class=\"elementor-background-overlay\"><\/div>\n\t\t\t\t\t\t\t<div class=\"elementor-container elementor-column-gap-no\">\n\t\t\t\t\t<div class=\"elementor-column elementor-col-100 elementor-top-column elementor-element elementor-element-7a374c9\" data-id=\"7a374c9\" data-element_type=\"column\" data-e-type=\"column\">\n\t\t\t<div class=\"elementor-widget-wrap elementor-element-populated\">\n\t\t\t\t\t\t<div class=\"elementor-element elementor-element-9b1d429 elementor-widget elementor-widget-spacer\" data-id=\"9b1d429\" data-element_type=\"widget\" data-e-type=\"widget\" data-widget_type=\"spacer.default\">\n\t\t\t\t<div class=\"elementor-widget-container\">\n\t\t\t\t\t\t\t<div class=\"elementor-spacer\">\n\t\t\t<div class=\"elementor-spacer-inner\"><\/div>\n\t\t<\/div>\n\t\t\t\t\t\t<\/div>\n\t\t\t\t<\/div>\n\t\t\t\t<div class=\"elementor-element elementor-element-40172cb elementor-invisible elementor-widget elementor-widget-heading\" data-id=\"40172cb\" data-element_type=\"widget\" data-e-type=\"widget\" data-settings=\"{&quot;_animation&quot;:&quot;fadeInUp&quot;}\" data-widget_type=\"heading.default\">\n\t\t\t\t<div class=\"elementor-widget-container\">\n\t\t\t\t\t<h1 class=\"elementor-heading-title elementor-size-default\">AREQUIPA<\/h1>\t\t\t\t<\/div>\n\t\t\t\t<\/div>\n\t\t\t\t<div class=\"elementor-element elementor-element-03dd978 elementor-invisible elementor-widget elementor-widget-heading\" data-id=\"03dd978\" data-element_type=\"widget\" data-e-type=\"widget\" data-settings=\"{&quot;_animation&quot;:&quot;fadeInUp&quot;}\" data-widget_type=\"heading.default\">\n\t\t\t\t<div class=\"elementor-widget-container\">\n\t\t\t\t\t<h3 class=\"elementor-heading-title elementor-size-default\">Explore a cultura, a hist\u00f3ria e a natureza do Peru com nossos passeios.<\/h3>\t\t\t\t<\/div>\n\t\t\t\t<\/div>\n\t\t\t\t\t<\/div>\n\t\t<\/div>\n\t\t\t\t\t<\/div>\n\t\t<\/section>\n\t\t\t\t<section class=\"elementor-section elementor-top-section elementor-element elementor-element-a9ff07e elementor-section-boxed elementor-section-height-default elementor-section-height-default\" data-id=\"a9ff07e\" data-element_type=\"section\" data-e-type=\"section\" data-settings=\"{&quot;background_background&quot;:&quot;classic&quot;}\">\n\t\t\t\t\t\t<div class=\"elementor-container elementor-column-gap-extended\">\n\t\t\t\t\t<div class=\"elementor-column elementor-col-100 elementor-top-column elementor-element elementor-element-48fdeaa\" data-id=\"48fdeaa\" data-element_type=\"column\" data-e-type=\"column\">\n\t\t\t<div class=\"elementor-widget-wrap elementor-element-populated\">\n\t\t\t\t\r\n\t\t<div class=\"elementor-element elementor-element-4854895 elementor-invisible elementor-widget elementor-widget-text-editor\" data-id=\"4854895\" data-element_type=\"widget\" data-e-type=\"widget\" data-settings=\"{&quot;_animation&quot;:&quot;fadeIn&quot;}\" data-widget_type=\"text-editor.default\">\n\t\t\t\t<div class=\"elementor-widget-container\">\n\t\t\t\t\t\t\t\t\t<div class=\"flex-shrink-0 flex flex-col relative items-end\"><div class=\"pt-0.5 juice:pt-0\"><div class=\"gizmo-bot-avatar flex h-6 w-6 items-center justify-center overflow-hidden rounded-full juice:h-8 juice:w-8\"><div class=\"relative p-1 rounded-sm flex items-center justify-center bg-token-main-surface-primary text-token-text-primary h-8 w-8\"><p class=\"p1\">Viajar para Arequipa significa entrar em uma cidade onde hist\u00f3ria, arquitetura e cultura vibrante se misturam de forma encantadora. Conhecida como a <i>Cidade Branca<\/i> Com seus bel\u00edssimos edif\u00edcios de pedra vulc\u00e2nica, esta cidade cativa instantaneamente. Rodeada por paisagens naturais deslumbrantes e protegida pelo majestoso vulc\u00e3o Misti, cada passeio se torna um deleite para os olhos.<\/p><p class=\"p1\">Nossos passeios s\u00e3o planejados para que voc\u00ea aproveite cada detalhe. Voc\u00ea explorar\u00e1 o centro hist\u00f3rico, Patrim\u00f4nio Mundial da UNESCO, incluindo destaques como o Mosteiro de Santa Catalina, a Igreja dos Jesu\u00edtas e a pitoresca Plaza de Armas. Al\u00e9m disso, poder\u00e1 admirar as vistas panor\u00e2micas de Yanahuara, saborear a rica culin\u00e1ria da regi\u00e3o e, se estiver em busca de aventura, visitar o deslumbrante C\u00e2nion do Colca para testemunhar o voo do condor.<\/p><p class=\"p1\">Seja voc\u00ea um apreciador de cultura, natureza ou simplesmente algu\u00e9m que busca relaxar, esta cidade tem tudo a oferecer. E o melhor de tudo \u00e9 que voc\u00ea pode facilmente combin\u00e1-la com viagens para destinos pr\u00f3ximos, como Puno ou Cusco.<\/p><p class=\"p1\">Saiba mais sobre esta cidade aqui: <a href=\"https:\/\/www.peru.travel\/es\/destinos\/arequipa\">peru.viagem<\/a><\/p><\/div><\/div><\/div><\/div>\t\t\t\t\t\t\t\t<\/div>\n\t\t\t\t<\/div>\n\t\t\t\t<div class=\"elementor-element elementor-element-ba42ed7 elementor-invisible elementor-widget elementor-widget-heading\" data-id=\"ba42ed7\" data-element_type=\"widget\" data-e-type=\"widget\" data-settings=\"{&quot;_animation&quot;:&quot;fadeInUp&quot;}\" data-widget_type=\"heading.default\">\n\t\t\t\t<div class=\"elementor-widget-container\">\n\t\t\t\t\t<h2 class=\"elementor-heading-title elementor-size-default\">PASSEIOS AREQUIPA<\/h2>\t\t\t\t<\/div>\n\t\t\t\t<\/div>\n\t\t\t\t\t<\/div>\n\t\t<\/div>\n\t\t\t\t\t<\/div>\n\t\t<\/section>\n\t\t<div class=\"elementor-element elementor-element-94677c6 e-grid e-con-boxed e-con e-parent\" data-id=\"94677c6\" data-element_type=\"container\" data-e-type=\"container\" data-settings=\"{&quot;background_background&quot;:&quot;classic&quot;}\">\n\t\t\t\t\t<div class=\"e-con-inner\">\n\t\t\t\t<div class=\"elementor-element elementor-element-f72d39c elementor-cta--layout-image-above elementor-cta--skin-classic elementor-animated-content elementor-bg-transform elementor-bg-transform-zoom-in elementor-invisible elementor-widget elementor-widget-call-to-action\" data-id=\"f72d39c\" data-element_type=\"widget\" data-e-type=\"widget\" data-settings=\"{&quot;_animation&quot;:&quot;fadeInUp&quot;}\" data-widget_type=\"call-to-action.default\">\n\t\t\t\t<div class=\"elementor-widget-container\">\n\t\t\t\t\t\t\t<div class=\"elementor-cta\">\n\t\t\t\t\t<div class=\"elementor-cta__bg-wrapper\">\n\t\t\t\t<div class=\"elementor-cta__bg elementor-bg\" style=\"background-image: url(https:\/\/andeantopexpeditions.com\/wp-content\/uploads\/2024\/08\/AREQUIPA-1024x683.jpg);\" role=\"img\" aria-label=\"Descubra Arequipa, a Cidade Branca rodeada por vulc\u00f5es e famosa pela sua arquitetura colonial.\"><\/div>\n\t\t\t\t<div class=\"elementor-cta__bg-overlay\"><\/div>\n\t\t\t<\/div>\n\t\t\t\t\t\t\t<div class=\"elementor-cta__content\">\n\t\t\t\t\n\t\t\t\t\n\t\t\t\t\t\t\t\t\t<div class=\"elementor-cta__description elementor-cta__content-item elementor-content-item\">\n\t\t\t\t\t\tPasseio pela cidade de Arequipa: Hist\u00f3ria, Arquitetura e Cultura Viva\t\t\t\t\t<\/div>\n\t\t\t\t\n\t\t\t\t\t\t\t\t\t<div class=\"elementor-cta__button-wrapper elementor-cta__content-item elementor-content-item\">\n\t\t\t\t\t<a class=\"elementor-cta__button elementor-button elementor-size-\" href=\"https:\/\/andeantopexpeditions.com\/pt\/peru\/arequipa\/arequipa-city-tour\/\">\n\t\t\t\t\t\tDESCOBRIR\t\t\t\t\t<\/a>\n\t\t\t\t\t<\/div>\n\t\t\t\t\t\t\t<\/div>\n\t\t\t\t\t\t<\/div>\n\t\t\t\t\t\t<\/div>\n\t\t\t\t<\/div>\n\t\t\t\t<div class=\"elementor-element elementor-element-b602f1a elementor-cta--layout-image-above elementor-cta--skin-classic elementor-animated-content elementor-bg-transform elementor-bg-transform-zoom-in elementor-invisible elementor-widget elementor-widget-call-to-action\" data-id=\"b602f1a\" data-element_type=\"widget\" data-e-type=\"widget\" data-settings=\"{&quot;_animation&quot;:&quot;fadeInUp&quot;}\" data-widget_type=\"call-to-action.default\">\n\t\t\t\t<div class=\"elementor-widget-container\">\n\t\t\t\t\t\t\t<div class=\"elementor-cta\">\n\t\t\t\t\t<div class=\"elementor-cta__bg-wrapper\">\n\t\t\t\t<div class=\"elementor-cta__bg elementor-bg\" style=\"background-image: url(https:\/\/andeantopexpeditions.com\/wp-content\/uploads\/2024\/08\/Colca_Valley-1024x311.jpg);\" role=\"img\" aria-label=\"C\u00e2nion do Colca\"><\/div>\n\t\t\t\t<div class=\"elementor-cta__bg-overlay\"><\/div>\n\t\t\t<\/div>\n\t\t\t\t\t\t\t<div class=\"elementor-cta__content\">\n\t\t\t\t\n\t\t\t\t\n\t\t\t\t\t\t\t\t\t<div class=\"elementor-cta__description elementor-cta__content-item elementor-content-item\">\n\t\t\t\t\t\tColca Canyon tour Full Day <br>from Arequipa\t\t\t\t\t<\/div>\n\t\t\t\t\n\t\t\t\t\t\t\t\t\t<div class=\"elementor-cta__button-wrapper elementor-cta__content-item elementor-content-item\">\n\t\t\t\t\t<a class=\"elementor-cta__button elementor-button elementor-size-\" href=\"https:\/\/andeantopexpeditions.com\/pt\/peru\/arequipa\/full-day-colca-canyon-tour\/\">\n\t\t\t\t\t\tDESCOBRIR\t\t\t\t\t<\/a>\n\t\t\t\t\t<\/div>\n\t\t\t\t\t\t\t<\/div>\n\t\t\t\t\t\t<\/div>\n\t\t\t\t\t\t<\/div>\n\t\t\t\t<\/div>\n\t\t\t\t<div class=\"elementor-element elementor-element-556ff02 elementor-cta--layout-image-above elementor-cta--skin-classic elementor-animated-content elementor-bg-transform elementor-bg-transform-zoom-in elementor-invisible elementor-widget elementor-widget-call-to-action\" data-id=\"556ff02\" data-element_type=\"widget\" data-e-type=\"widget\" data-settings=\"{&quot;_animation&quot;:&quot;fadeInUp&quot;}\" data-widget_type=\"call-to-action.default\">\n\t\t\t\t<div class=\"elementor-widget-container\">\n\t\t\t\t\t\t\t<div class=\"elementor-cta\">\n\t\t\t\t\t<div class=\"elementor-cta__bg-wrapper\">\n\t\t\t\t<div class=\"elementor-cta__bg elementor-bg\" style=\"background-image: url(https:\/\/andeantopexpeditions.com\/wp-content\/uploads\/2024\/09\/Andean-Top-Arequipa-1024x683.jpg);\" role=\"img\" aria-label=\"Topo Andino-Arequipa\"><\/div>\n\t\t\t\t<div class=\"elementor-cta__bg-overlay\"><\/div>\n\t\t\t<\/div>\n\t\t\t\t\t\t\t<div class=\"elementor-cta__content\">\n\t\t\t\t\n\t\t\t\t\n\t\t\t\t\t\t\t\t\t<div class=\"elementor-cta__description elementor-cta__content-item elementor-content-item\">\n\t\t\t\t\t\t2-DAY MISTI <br>VOLCANO ASCENT\t\t\t\t\t<\/div>\n\t\t\t\t\n\t\t\t\t\t\t\t\t\t<div class=\"elementor-cta__button-wrapper elementor-cta__content-item elementor-content-item\">\n\t\t\t\t\t<a class=\"elementor-cta__button elementor-button elementor-size-\" href=\"https:\/\/andeantopexpeditions.com\/pt\/peru\/arequipa\/2-day-misti-volcano-ascent\/\">\n\t\t\t\t\t\tDESCOBRIR\t\t\t\t\t<\/a>\n\t\t\t\t\t<\/div>\n\t\t\t\t\t\t\t<\/div>\n\t\t\t\t\t\t<\/div>\n\t\t\t\t\t\t<\/div>\n\t\t\t\t<\/div>\n\t\t\t\t<div class=\"elementor-element elementor-element-cbb8df2 elementor-widget-divider--view-line elementor-widget elementor-widget-divider\" data-id=\"cbb8df2\" data-element_type=\"widget\" data-e-type=\"widget\" data-widget_type=\"divider.default\">\n\t\t\t\t<div class=\"elementor-widget-container\">\n\t\t\t\t\t\t\t<div class=\"elementor-divider\">\n\t\t\t<span class=\"elementor-divider-separator\">\n\t\t\t\t\t\t<\/span>\n\t\t<\/div>\n\t\t\t\t\t\t<\/div>\n\t\t\t\t<\/div>\n\t\t\t\t<div class=\"elementor-element elementor-element-7b379b3 elementor-cta--layout-image-above elementor-cta--skin-classic elementor-animated-content elementor-bg-transform elementor-bg-transform-zoom-in elementor-invisible elementor-widget elementor-widget-call-to-action\" data-id=\"7b379b3\" data-element_type=\"widget\" data-e-type=\"widget\" data-settings=\"{&quot;_animation&quot;:&quot;fadeInUp&quot;}\" data-widget_type=\"call-to-action.default\">\n\t\t\t\t<div class=\"elementor-widget-container\">\n\t\t\t\t\t\t\t<div class=\"elementor-cta\">\n\t\t\t\t\t<div class=\"elementor-cta__bg-wrapper\">\n\t\t\t\t<div class=\"elementor-cta__bg elementor-bg\" style=\"background-image: url(https:\/\/andeantopexpeditions.com\/wp-content\/uploads\/2025\/06\/arequipa3canondel-colca-1024x768.jpg);\" role=\"img\" aria-label=\"C\u00e2nion do Colca (2 dias) \u2013 Mirante com vista para um dos c\u00e2nions mais profundos do mundo.\"><\/div>\n\t\t\t\t<div class=\"elementor-cta__bg-overlay\"><\/div>\n\t\t\t<\/div>\n\t\t\t\t\t\t\t<div class=\"elementor-cta__content\">\n\t\t\t\t\n\t\t\t\t\n\t\t\t\t\t\t\t\t\t<div class=\"elementor-cta__description elementor-cta__content-item elementor-content-item\">\n\t\t\t\t\t\tColca Canyon 2-Day Tour with <br>Hot Springs\t\t\t\t\t<\/div>\n\t\t\t\t\n\t\t\t\t\t\t\t\t\t<div class=\"elementor-cta__button-wrapper elementor-cta__content-item elementor-content-item\">\n\t\t\t\t\t<a class=\"elementor-cta__button elementor-button elementor-size-\" href=\"https:\/\/andeantopexpeditions.com\/pt\/peru\/arequipa\/colca-canyon-2-day-tour\/\">\n\t\t\t\t\t\tDESCOBRIR\t\t\t\t\t<\/a>\n\t\t\t\t\t<\/div>\n\t\t\t\t\t\t\t<\/div>\n\t\t\t\t\t\t<\/div>\n\t\t\t\t\t\t<\/div>\n\t\t\t\t<\/div>\n\t\t\t\t\t<\/div>\n\t\t\t\t<\/div>\n\t\t\t\t<\/div>","protected":false},"excerpt":{"rendered":"<p>AREQUIPA Explore the culture, history and nature of Peru with our tours Traveling to Arequipa means stepping into a city where history, architecture, and vibrant culture blend in the most charming way. Known as the White City for its beautiful volcanic stone buildings, this city instantly captivates. Surrounded by stunning natural scenery and guarded by&#8230;<\/p>","protected":false},"author":3,"featured_media":2934,"parent":1584,"menu_order":0,"comment_status":"closed","ping_status":"closed","template":"elementor_header_footer","meta":{"footnotes":""},"class_list":["post-2112","page","type-page","status-publish","has-post-thumbnail","hentry"],"yoast_head":"<!-- This site is optimized with the Yoast SEO plugin v27.2 - https:\/\/yoast.com\/product\/yoast-seo-wordpress\/ -->\n<title>AREQUIPA - Andean Top Expeditions<\/title>\n<meta name=\"description\" content=\"Discover the charm of Arequipa, the White City of Peru, Explore its historic center, stunning colonial architecture, local markets and more.\" \/>\n<meta name=\"robots\" content=\"index, follow, max-snippet:-1, max-image-preview:large, max-video-preview:-1\" \/>\n<link rel=\"canonical\" href=\"https:\/\/andeantopexpeditions.com\/pt\/peru\/arequipa\/\" \/>\n<meta property=\"og:locale\" content=\"pt_BR\" \/>\n<meta property=\"og:type\" content=\"article\" \/>\n<meta property=\"og:title\" content=\"AREQUIPA - Andean Top Expeditions\" \/>\n<meta property=\"og:description\" content=\"Discover the charm of Arequipa, the White City of Peru, Explore its historic center, stunning colonial architecture, local markets and more.\" \/>\n<meta property=\"og:url\" content=\"https:\/\/andeantopexpeditions.com\/pt\/peru\/arequipa\/\" \/>\n<meta property=\"og:site_name\" content=\"Andean Top Expeditions\" \/>\n<meta property=\"article:publisher\" content=\"https:\/\/www.facebook.com\/andeantopexpeditions\/?locale=es_LA\" \/>\n<meta property=\"article:modified_time\" content=\"2026-03-22T19:29:04+00:00\" \/>\n<meta property=\"og:image\" content=\"https:\/\/andeantopexpeditions.com\/wp-content\/uploads\/2024\/08\/AREQUIPA-2.jpg\" \/>\n\t<meta property=\"og:image:width\" content=\"2560\" \/>\n\t<meta property=\"og:image:height\" content=\"1920\" \/>\n\t<meta property=\"og:image:type\" content=\"image\/jpeg\" \/>\n<meta name=\"twitter:card\" content=\"summary_large_image\" \/>\n<meta name=\"twitter:label1\" content=\"Est. tempo de leitura\" \/>\n\t<meta name=\"twitter:data1\" content=\"1 minuto\" \/>\n<script type=\"application\/ld+json\" class=\"yoast-schema-graph\">{\"@context\":\"https:\/\/schema.org\",\"@graph\":[{\"@type\":\"WebPage\",\"@id\":\"https:\/\/andeantopexpeditions.com\/peru\/arequipa\/\",\"url\":\"https:\/\/andeantopexpeditions.com\/peru\/arequipa\/\",\"name\":\"AREQUIPA - Andean Top Expeditions\",\"isPartOf\":{\"@id\":\"https:\/\/andeantopexpeditions.com\/#website\"},\"primaryImageOfPage\":{\"@id\":\"https:\/\/andeantopexpeditions.com\/peru\/arequipa\/#primaryimage\"},\"image\":{\"@id\":\"https:\/\/andeantopexpeditions.com\/peru\/arequipa\/#primaryimage\"},\"thumbnailUrl\":\"https:\/\/andeantopexpeditions.com\/wp-content\/uploads\/2024\/08\/AREQUIPA-2.jpg\",\"datePublished\":\"2024-07-19T16:03:13+00:00\",\"dateModified\":\"2026-03-22T19:29:04+00:00\",\"description\":\"Discover the charm of Arequipa, the White City of Peru, Explore its historic center, stunning colonial architecture, local markets and more.\",\"breadcrumb\":{\"@id\":\"https:\/\/andeantopexpeditions.com\/peru\/arequipa\/#breadcrumb\"},\"inLanguage\":\"pt-BR\",\"potentialAction\":[{\"@type\":\"ReadAction\",\"target\":[\"https:\/\/andeantopexpeditions.com\/peru\/arequipa\/\"]}]},{\"@type\":\"ImageObject\",\"inLanguage\":\"pt-BR\",\"@id\":\"https:\/\/andeantopexpeditions.com\/peru\/arequipa\/#primaryimage\",\"url\":\"https:\/\/andeantopexpeditions.com\/wp-content\/uploads\/2024\/08\/AREQUIPA-2.jpg\",\"contentUrl\":\"https:\/\/andeantopexpeditions.com\/wp-content\/uploads\/2024\/08\/AREQUIPA-2.jpg\",\"width\":2560,\"height\":1920,\"caption\":\"This image shows the natural beauty and urban harmony of Arequipa, featuring the majestic El Misti volcano and the flowing Chili River in the heart of the city.\"},{\"@type\":\"BreadcrumbList\",\"@id\":\"https:\/\/andeantopexpeditions.com\/peru\/arequipa\/#breadcrumb\",\"itemListElement\":[{\"@type\":\"ListItem\",\"position\":1,\"name\":\"Portada\",\"item\":\"https:\/\/andeantopexpeditions.com\/\"},{\"@type\":\"ListItem\",\"position\":2,\"name\":\"PERU\",\"item\":\"https:\/\/andeantopexpeditions.com\/pt\/peru\/\"},{\"@type\":\"ListItem\",\"position\":3,\"name\":\"AREQUIPA\"}]},{\"@type\":\"WebSite\",\"@id\":\"https:\/\/andeantopexpeditions.com\/#website\",\"url\":\"https:\/\/andeantopexpeditions.com\/\",\"name\":\"Andean top Expeditions\",\"description\":\"Travel &amp; Tour Booking Agency WordPress Theme\",\"publisher\":{\"@id\":\"https:\/\/andeantopexpeditions.com\/#organization\"},\"potentialAction\":[{\"@type\":\"SearchAction\",\"target\":{\"@type\":\"EntryPoint\",\"urlTemplate\":\"https:\/\/andeantopexpeditions.com\/?s={search_term_string}\"},\"query-input\":{\"@type\":\"PropertyValueSpecification\",\"valueRequired\":true,\"valueName\":\"search_term_string\"}}],\"inLanguage\":\"pt-BR\"},{\"@type\":\"Organization\",\"@id\":\"https:\/\/andeantopexpeditions.com\/#organization\",\"name\":\"Andean top Expeditions\",\"url\":\"https:\/\/andeantopexpeditions.com\/\",\"logo\":{\"@type\":\"ImageObject\",\"inLanguage\":\"pt-BR\",\"@id\":\"https:\/\/andeantopexpeditions.com\/#\/schema\/logo\/image\/\",\"url\":\"https:\/\/andeantopexpeditions.com\/wp-content\/uploads\/2024\/08\/andean-log.png\",\"contentUrl\":\"https:\/\/andeantopexpeditions.com\/wp-content\/uploads\/2024\/08\/andean-log.png\",\"width\":180,\"height\":60,\"caption\":\"Andean top Expeditions\"},\"image\":{\"@id\":\"https:\/\/andeantopexpeditions.com\/#\/schema\/logo\/image\/\"},\"sameAs\":[\"https:\/\/www.facebook.com\/andeantopexpeditions\/?locale=es_LA\",\"https:\/\/www.instagram.com\/andeantopexpeditions\/\",\"https:\/\/www.tripadvisor.co\/Attraction_Review-g294314-d15244712-Reviews-Andean_Top_Expeditions-Cusco_Cusco_Region.html\"]}]}<\/script>\n<!-- \/ Yoast SEO plugin. -->","yoast_head_json":{"title":"AREQUIPA - Andean Top Expeditions","description":"Discover the charm of Arequipa, the White City of Peru, Explore its historic center, stunning colonial architecture, local markets and more.","robots":{"index":"index","follow":"follow","max-snippet":"max-snippet:-1","max-image-preview":"max-image-preview:large","max-video-preview":"max-video-preview:-1"},"canonical":"https:\/\/andeantopexpeditions.com\/pt\/peru\/arequipa\/","og_locale":"pt_BR","og_type":"article","og_title":"AREQUIPA - Andean Top Expeditions","og_description":"Discover the charm of Arequipa, the White City of Peru, Explore its historic center, stunning colonial architecture, local markets and more.","og_url":"https:\/\/andeantopexpeditions.com\/pt\/peru\/arequipa\/","og_site_name":"Andean Top Expeditions","article_publisher":"https:\/\/www.facebook.com\/andeantopexpeditions\/?locale=es_LA","article_modified_time":"2026-03-22T19:29:04+00:00","og_image":[{"width":2560,"height":1920,"url":"https:\/\/andeantopexpeditions.com\/wp-content\/uploads\/2024\/08\/AREQUIPA-2.jpg","type":"image\/jpeg"}],"twitter_card":"summary_large_image","twitter_misc":{"Est. tempo de leitura":"1 minuto"},"schema":{"@context":"https:\/\/schema.org","@graph":[{"@type":"WebPage","@id":"https:\/\/andeantopexpeditions.com\/peru\/arequipa\/","url":"https:\/\/andeantopexpeditions.com\/peru\/arequipa\/","name":"AREQUIPA - Andean Top Expeditions","isPartOf":{"@id":"https:\/\/andeantopexpeditions.com\/#website"},"primaryImageOfPage":{"@id":"https:\/\/andeantopexpeditions.com\/peru\/arequipa\/#primaryimage"},"image":{"@id":"https:\/\/andeantopexpeditions.com\/peru\/arequipa\/#primaryimage"},"thumbnailUrl":"https:\/\/andeantopexpeditions.com\/wp-content\/uploads\/2024\/08\/AREQUIPA-2.jpg","datePublished":"2024-07-19T16:03:13+00:00","dateModified":"2026-03-22T19:29:04+00:00","description":"Discover the charm of Arequipa, the White City of Peru, Explore its historic center, stunning colonial architecture, local markets and more.","breadcrumb":{"@id":"https:\/\/andeantopexpeditions.com\/peru\/arequipa\/#breadcrumb"},"inLanguage":"pt-BR","potentialAction":[{"@type":"ReadAction","target":["https:\/\/andeantopexpeditions.com\/peru\/arequipa\/"]}]},{"@type":"ImageObject","inLanguage":"pt-BR","@id":"https:\/\/andeantopexpeditions.com\/peru\/arequipa\/#primaryimage","url":"https:\/\/andeantopexpeditions.com\/wp-content\/uploads\/2024\/08\/AREQUIPA-2.jpg","contentUrl":"https:\/\/andeantopexpeditions.com\/wp-content\/uploads\/2024\/08\/AREQUIPA-2.jpg","width":2560,"height":1920,"caption":"This image shows the natural beauty and urban harmony of Arequipa, featuring the majestic El Misti volcano and the flowing Chili River in the heart of the city."},{"@type":"BreadcrumbList","@id":"https:\/\/andeantopexpeditions.com\/peru\/arequipa\/#breadcrumb","itemListElement":[{"@type":"ListItem","position":1,"name":"Portada","item":"https:\/\/andeantopexpeditions.com\/"},{"@type":"ListItem","position":2,"name":"PERU","item":"https:\/\/andeantopexpeditions.com\/pt\/peru\/"},{"@type":"ListItem","position":3,"name":"AREQUIPA"}]},{"@type":"WebSite","@id":"https:\/\/andeantopexpeditions.com\/#website","url":"https:\/\/andeantopexpeditions.com\/","name":"Andean top Expeditions","description":"Travel &amp; Tour Booking Agency WordPress Theme","publisher":{"@id":"https:\/\/andeantopexpeditions.com\/#organization"},"potentialAction":[{"@type":"SearchAction","target":{"@type":"EntryPoint","urlTemplate":"https:\/\/andeantopexpeditions.com\/?s={search_term_string}"},"query-input":{"@type":"PropertyValueSpecification","valueRequired":true,"valueName":"search_term_string"}}],"inLanguage":"pt-BR"},{"@type":"Organization","@id":"https:\/\/andeantopexpeditions.com\/#organization","name":"Andean top Expeditions","url":"https:\/\/andeantopexpeditions.com\/","logo":{"@type":"ImageObject","inLanguage":"pt-BR","@id":"https:\/\/andeantopexpeditions.com\/#\/schema\/logo\/image\/","url":"https:\/\/andeantopexpeditions.com\/wp-content\/uploads\/2024\/08\/andean-log.png","contentUrl":"https:\/\/andeantopexpeditions.com\/wp-content\/uploads\/2024\/08\/andean-log.png","width":180,"height":60,"caption":"Andean top Expeditions"},"image":{"@id":"https:\/\/andeantopexpeditions.com\/#\/schema\/logo\/image\/"},"sameAs":["https:\/\/www.facebook.com\/andeantopexpeditions\/?locale=es_LA","https:\/\/www.instagram.com\/andeantopexpeditions\/","https:\/\/www.tripadvisor.co\/Attraction_Review-g294314-d15244712-Reviews-Andean_Top_Expeditions-Cusco_Cusco_Region.html"]}]}},"_links":{"self":[{"href":"https:\/\/andeantopexpeditions.com\/pt\/wp-json\/wp\/v2\/pages\/2112","targetHints":{"allow":["GET"]}}],"collection":[{"href":"https:\/\/andeantopexpeditions.com\/pt\/wp-json\/wp\/v2\/pages"}],"about":[{"href":"https:\/\/andeantopexpeditions.com\/pt\/wp-json\/wp\/v2\/types\/page"}],"author":[{"embeddable":true,"href":"https:\/\/andeantopexpeditions.com\/pt\/wp-json\/wp\/v2\/users\/3"}],"replies":[{"embeddable":true,"href":"https:\/\/andeantopexpeditions.com\/pt\/wp-json\/wp\/v2\/comments?post=2112"}],"version-history":[{"count":6,"href":"https:\/\/andeantopexpeditions.com\/pt\/wp-json\/wp\/v2\/pages\/2112\/revisions"}],"predecessor-version":[{"id":16287,"href":"https:\/\/andeantopexpeditions.com\/pt\/wp-json\/wp\/v2\/pages\/2112\/revisions\/16287"}],"up":[{"embeddable":true,"href":"https:\/\/andeantopexpeditions.com\/pt\/wp-json\/wp\/v2\/pages\/1584"}],"wp:featuredmedia":[{"embeddable":true,"href":"https:\/\/andeantopexpeditions.com\/pt\/wp-json\/wp\/v2\/media\/2934"}],"wp:attachment":[{"href":"https:\/\/andeantopexpeditions.com\/pt\/wp-json\/wp\/v2\/media?parent=2112"}],"curies":[{"name":"wp","href":"https:\/\/api.w.org\/{rel}","templated":true}]}}