{"id":2071,"date":"2024-07-19T10:30:16","date_gmt":"2024-07-19T15:30:16","guid":{"rendered":"https:\/\/andeantopexpeditions.com\/?page_id=2071"},"modified":"2026-03-22T14:41:26","modified_gmt":"2026-03-22T19:41:26","slug":"nazca","status":"publish","type":"page","link":"https:\/\/andeantopexpeditions.com\/pt\/peru\/nazca\/","title":{"rendered":"NAZCA"},"content":{"rendered":"<div data-elementor-type=\"wp-page\" data-elementor-id=\"2071\" class=\"elementor elementor-2071\" data-elementor-post-type=\"page\">\n\t\t\t\t\t\t<section class=\"elementor-section elementor-top-section elementor-element elementor-element-af7cc2c elementor-section-height-full elementor-section-stretched elementor-section-boxed elementor-section-height-default elementor-section-items-middle elementor-invisible\" data-id=\"af7cc2c\" data-element_type=\"section\" data-e-type=\"section\" data-settings=\"{&quot;background_background&quot;:&quot;classic&quot;,&quot;animation&quot;:&quot;fadeIn&quot;,&quot;stretch_section&quot;:&quot;section-stretched&quot;}\">\n\t\t\t\t\t\t\t<div class=\"elementor-background-overlay\"><\/div>\n\t\t\t\t\t\t\t<div class=\"elementor-container elementor-column-gap-no\">\n\t\t\t\t\t<div class=\"elementor-column elementor-col-100 elementor-top-column elementor-element elementor-element-7a374c9\" data-id=\"7a374c9\" data-element_type=\"column\" data-e-type=\"column\">\n\t\t\t<div class=\"elementor-widget-wrap elementor-element-populated\">\n\t\t\t\t\t\t<div class=\"elementor-element elementor-element-9b1d429 elementor-widget elementor-widget-spacer\" data-id=\"9b1d429\" data-element_type=\"widget\" data-e-type=\"widget\" data-widget_type=\"spacer.default\">\n\t\t\t\t<div class=\"elementor-widget-container\">\n\t\t\t\t\t\t\t<div class=\"elementor-spacer\">\n\t\t\t<div class=\"elementor-spacer-inner\"><\/div>\n\t\t<\/div>\n\t\t\t\t\t\t<\/div>\n\t\t\t\t<\/div>\n\t\t\t\t<div class=\"elementor-element elementor-element-40172cb elementor-invisible elementor-widget elementor-widget-heading\" data-id=\"40172cb\" data-element_type=\"widget\" data-e-type=\"widget\" data-settings=\"{&quot;_animation&quot;:&quot;fadeInUp&quot;}\" data-widget_type=\"heading.default\">\n\t\t\t\t<div class=\"elementor-widget-container\">\n\t\t\t\t\t<h1 class=\"elementor-heading-title elementor-size-default\">NAZCA<\/h1>\t\t\t\t<\/div>\n\t\t\t\t<\/div>\n\t\t\t\t<div class=\"elementor-element elementor-element-03dd978 elementor-invisible elementor-widget elementor-widget-heading\" data-id=\"03dd978\" data-element_type=\"widget\" data-e-type=\"widget\" data-settings=\"{&quot;_animation&quot;:&quot;fadeInUp&quot;}\" data-widget_type=\"heading.default\">\n\t\t\t\t<div class=\"elementor-widget-container\">\n\t\t\t\t\t<h2 class=\"elementor-heading-title elementor-size-default\">Explore a cultura, a hist\u00f3ria e a natureza do Peru com nossos passeios.<\/h2>\t\t\t\t<\/div>\n\t\t\t\t<\/div>\n\t\t\t\t\t<\/div>\n\t\t<\/div>\n\t\t\t\t\t<\/div>\n\t\t<\/section>\n\t\t\t\t<section class=\"elementor-section elementor-top-section elementor-element elementor-element-69b4d26 elementor-section-boxed elementor-section-height-default elementor-section-height-default\" data-id=\"69b4d26\" data-element_type=\"section\" data-e-type=\"section\" data-settings=\"{&quot;background_background&quot;:&quot;classic&quot;}\">\n\t\t\t\t\t\t<div class=\"elementor-container elementor-column-gap-extended\">\n\t\t\t\t\t<div class=\"elementor-column elementor-col-100 elementor-top-column elementor-element elementor-element-03decf4\" data-id=\"03decf4\" data-element_type=\"column\" data-e-type=\"column\">\n\t\t\t<div class=\"elementor-widget-wrap elementor-element-populated\">\n\t\t\t\t\r\n\t\t<div class=\"elementor-element elementor-element-c74a5d5 elementor-invisible elementor-widget elementor-widget-text-editor\" data-id=\"c74a5d5\" data-element_type=\"widget\" data-e-type=\"widget\" data-settings=\"{&quot;_animation&quot;:&quot;fadeIn&quot;}\" data-widget_type=\"text-editor.default\">\n\t\t\t\t<div class=\"elementor-widget-container\">\n\t\t\t\t\t\t\t\t\t<div class=\"flex-shrink-0 flex flex-col relative items-end\"><div class=\"pt-0.5 juice:pt-0\"><div class=\"gizmo-bot-avatar flex h-6 w-6 items-center justify-center overflow-hidden rounded-full juice:h-8 juice:w-8\"><div class=\"relative p-1 rounded-sm flex items-center justify-center bg-token-main-surface-primary text-token-text-primary h-8 w-8\"><p class=\"p1\">Se voc\u00ea deseja explorar um dos destinos mais misteriosos e fascinantes do Peru, este lugar deve estar no topo da sua lista. Localizada na costa sul do Peru, esta cidade des\u00e9rtica \u00e9 mundialmente famosa por... <span class=\"s1\"><b>Linhas de Nazca<\/b><\/span>\u2014Geoglifos gigantescos gravados nas plan\u00edcies \u00e1ridas que continuam a intrigar historiadores, arque\u00f3logos e viajantes. No entanto, este lugar \u00e9 mais do que apenas desenhos antigos; \u00e9 uma fascinante mistura de hist\u00f3ria, cultura e beleza natural \u00e0 espera de ser explorada.<\/p><p class=\"p1\">Por exemplo, os visitantes podem desfrutar de voos panor\u00e2micos sobre as linhas para apreciar plenamente sua dimens\u00e3o e detalhes. Al\u00e9m disso, a regi\u00e3o abriga s\u00edtios arqueol\u00f3gicos incr\u00edveis, como o centro cerimonial de Cahuachi e o cemit\u00e9rio de Chauchilla. Ademais, os aquedutos de Cantalloc, nas proximidades, demonstram o qu\u00e3o avan\u00e7ada era a antiga civiliza\u00e7\u00e3o Nazca.<\/p><p class=\"p1\">Seja voc\u00ea um explorador curioso, um amante da hist\u00f3ria ou algu\u00e9m em busca de uma aventura \u00fanica, oferecemos algo especial. Al\u00e9m disso, o clima ameno e a atmosfera acolhedora da cidade a tornam uma parada agrad\u00e1vel em qualquer viagem pelo Peru.<\/p><p class=\"p1\">Ent\u00e3o, se voc\u00ea est\u00e1 planejando sua pr\u00f3xima viagem e quer desvendar um dos maiores mist\u00e9rios n\u00e3o resolvidos do mundo, visite o site oficial para obter informa\u00e7\u00f5es e rotas de acesso. <a href=\"https:\/\/www.peru.travel\/es\/atractivos\/lineas-de-nasca\">Minist\u00e9rio da Cultura do Peru<\/a>.<\/p><p class=\"p1\">Sua aventura rumo ao desconhecido come\u00e7a aqui \u2014 voc\u00ea est\u00e1 pronto?<\/p><\/div><\/div><\/div><\/div>\t\t\t\t\t\t\t\t<\/div>\n\t\t\t\t<\/div>\n\t\t\t\t<div class=\"elementor-element elementor-element-36f9e3e elementor-invisible elementor-widget elementor-widget-heading\" data-id=\"36f9e3e\" data-element_type=\"widget\" data-e-type=\"widget\" data-settings=\"{&quot;_animation&quot;:&quot;fadeInUp&quot;}\" data-widget_type=\"heading.default\">\n\t\t\t\t<div class=\"elementor-widget-container\">\n\t\t\t\t\t<h3 class=\"elementor-heading-title elementor-size-default\">PASSEIOS<\/h3>\t\t\t\t<\/div>\n\t\t\t\t<\/div>\n\t\t\t\t\t<\/div>\n\t\t<\/div>\n\t\t\t\t\t<\/div>\n\t\t<\/section>\n\t\t<div class=\"elementor-element elementor-element-3530fd8 e-grid e-con-boxed e-con e-parent\" data-id=\"3530fd8\" data-element_type=\"container\" data-e-type=\"container\" data-settings=\"{&quot;background_background&quot;:&quot;classic&quot;}\">\n\t\t\t\t\t<div class=\"e-con-inner\">\n\t\t\t\t<div class=\"elementor-element elementor-element-642bfb2 elementor-cta--layout-image-above elementor-cta--skin-classic elementor-animated-content elementor-bg-transform elementor-bg-transform-zoom-in elementor-invisible elementor-widget elementor-widget-call-to-action\" data-id=\"642bfb2\" data-element_type=\"widget\" data-e-type=\"widget\" data-settings=\"{&quot;_animation&quot;:&quot;fadeInUp&quot;}\" data-widget_type=\"call-to-action.default\">\n\t\t\t\t<div class=\"elementor-widget-container\">\n\t\t\t\t\t\t\t<div class=\"elementor-cta\">\n\t\t\t\t\t<div class=\"elementor-cta__bg-wrapper\">\n\t\t\t\t<div class=\"elementor-cta__bg elementor-bg\" style=\"background-image: url(https:\/\/andeantopexpeditions.com\/wp-content\/uploads\/2024\/08\/Nazca-3-1024x682.jpg);\" role=\"img\" aria-label=\"Vista a\u00e9rea das Linhas de Nazca \u2013 figura de aranha\"><\/div>\n\t\t\t\t<div class=\"elementor-cta__bg-overlay\"><\/div>\n\t\t\t<\/div>\n\t\t\t\t\t\t\t<div class=\"elementor-cta__content\">\n\t\t\t\t\n\t\t\t\t\n\t\t\t\t\t\t\t\t\t<div class=\"elementor-cta__description elementor-cta__content-item elementor-content-item\">\n\t\t\t\t\t\tSobrevoo das Linhas de Nazca a partir de Lima: Mist\u00e9rios Antigos vistos do ar\t\t\t\t\t<\/div>\n\t\t\t\t\n\t\t\t\t\t\t\t\t\t<div class=\"elementor-cta__button-wrapper elementor-cta__content-item elementor-content-item\">\n\t\t\t\t\t<a class=\"elementor-cta__button elementor-button elementor-size-\" href=\"https:\/\/andeantopexpeditions.com\/pt\/peru\/nazca\/nazca-lines-overflight-tour\/\">\n\t\t\t\t\t\tDESCOBRIR\t\t\t\t\t<\/a>\n\t\t\t\t\t<\/div>\n\t\t\t\t\t\t\t<\/div>\n\t\t\t\t\t\t<\/div>\n\t\t\t\t\t\t<\/div>\n\t\t\t\t<\/div>\n\t\t\t\t<div class=\"elementor-element elementor-element-53df440 elementor-cta--layout-image-above elementor-cta--skin-classic elementor-animated-content elementor-bg-transform elementor-bg-transform-zoom-in elementor-invisible elementor-widget elementor-widget-call-to-action\" data-id=\"53df440\" data-element_type=\"widget\" data-e-type=\"widget\" data-settings=\"{&quot;_animation&quot;:&quot;fadeInUp&quot;}\" data-widget_type=\"call-to-action.default\">\n\t\t\t\t<div class=\"elementor-widget-container\">\n\t\t\t\t\t\t\t<div class=\"elementor-cta\">\n\t\t\t\t\t<div class=\"elementor-cta__bg-wrapper\">\n\t\t\t\t<div class=\"elementor-cta__bg elementor-bg\" style=\"background-image: url(https:\/\/andeantopexpeditions.com\/wp-content\/uploads\/2024\/08\/tour-paracas-1024x682.jpg);\" role=\"img\" aria-label=\"O misterioso geoglifo do Candelabro esculpido nas colinas arenosas de Paracas, visto de um barco.\"><\/div>\n\t\t\t\t<div class=\"elementor-cta__bg-overlay\"><\/div>\n\t\t\t<\/div>\n\t\t\t\t\t\t\t<div class=\"elementor-cta__content\">\n\t\t\t\t\n\t\t\t\t\n\t\t\t\t\t\t\t\t\t<div class=\"elementor-cta__description elementor-cta__content-item elementor-content-item\">\n\t\t\t\t\t\tExcurs\u00e3o de um dia inteiro a Paracas e Huacachina saindo de Lima\t\t\t\t\t<\/div>\n\t\t\t\t\n\t\t\t\t\t\t\t\t\t<div class=\"elementor-cta__button-wrapper elementor-cta__content-item elementor-content-item\">\n\t\t\t\t\t<a class=\"elementor-cta__button elementor-button elementor-size-\" href=\"https:\/\/andeantopexpeditions.com\/pt\/peru\/nazca\/full-day-paracas-and-huacachina-tour\/\">\n\t\t\t\t\t\tDESCOBRIR\t\t\t\t\t<\/a>\n\t\t\t\t\t<\/div>\n\t\t\t\t\t\t\t<\/div>\n\t\t\t\t\t\t<\/div>\n\t\t\t\t\t\t<\/div>\n\t\t\t\t<\/div>\n\t\t\t\t<div class=\"elementor-element elementor-element-03ec6e6 elementor-cta--layout-image-above elementor-cta--skin-classic elementor-animated-content elementor-bg-transform elementor-bg-transform-zoom-in elementor-invisible elementor-widget elementor-widget-call-to-action\" data-id=\"03ec6e6\" data-element_type=\"widget\" data-e-type=\"widget\" data-settings=\"{&quot;_animation&quot;:&quot;fadeInUp&quot;}\" data-widget_type=\"call-to-action.default\">\n\t\t\t\t<div class=\"elementor-widget-container\">\n\t\t\t\t\t\t\t<div class=\"elementor-cta\">\n\t\t\t\t\t<div class=\"elementor-cta__bg-wrapper\">\n\t\t\t\t<div class=\"elementor-cta__bg elementor-bg\" style=\"background-image: url(https:\/\/andeantopexpeditions.com\/wp-content\/uploads\/2024\/08\/Huacachina-1024x576.jpg);\" role=\"img\" aria-label=\"Vista panor\u00e2mica do O\u00e1sis de Huacachina rodeado por dunas de areia.\"><\/div>\n\t\t\t\t<div class=\"elementor-cta__bg-overlay\"><\/div>\n\t\t\t<\/div>\n\t\t\t\t\t\t\t<div class=\"elementor-cta__content\">\n\t\t\t\t\n\t\t\t\t\n\t\t\t\t\t\t\t\t\t<div class=\"elementor-cta__description elementor-cta__content-item elementor-content-item\">\n\t\t\t\t\t\tExcurs\u00e3o a Paracas, Ica e Nazca: 2 dias de aventura inesquec\u00edveis\t\t\t\t\t<\/div>\n\t\t\t\t\n\t\t\t\t\t\t\t\t\t<div class=\"elementor-cta__button-wrapper elementor-cta__content-item elementor-content-item\">\n\t\t\t\t\t<a class=\"elementor-cta__button elementor-button elementor-size-\" href=\"https:\/\/andeantopexpeditions.com\/pt\/peru\/nazca\/2-day-paracas-ica-nazca-overflight-tour\/\">\n\t\t\t\t\t\tDESCOBRIR\t\t\t\t\t<\/a>\n\t\t\t\t\t<\/div>\n\t\t\t\t\t\t\t<\/div>\n\t\t\t\t\t\t<\/div>\n\t\t\t\t\t\t<\/div>\n\t\t\t\t<\/div>\n\t\t\t\t\t<\/div>\n\t\t\t\t<\/div>\n\t\t\t\t<\/div>","protected":false},"excerpt":{"rendered":"<p>NAZCA Explore the culture, history and nature of Peru with our tours If you\u2019re looking to explore one of Peru\u2019s most mysterious and captivating destinations, then this place should be at the top of your list. Located along the southern coast of Peru, this desert town is world-famous for the Nazca Lines\u2014massive geoglyphs etched into&#8230;<\/p>","protected":false},"author":3,"featured_media":8525,"parent":1584,"menu_order":0,"comment_status":"closed","ping_status":"closed","template":"elementor_header_footer","meta":{"footnotes":""},"class_list":["post-2071","page","type-page","status-publish","has-post-thumbnail","hentry"],"yoast_head":"<!-- This site is optimized with the Yoast SEO plugin v27.2 - https:\/\/yoast.com\/product\/yoast-seo-wordpress\/ -->\n<title>NAZCA - Andean Top Expeditions<\/title>\n<meta name=\"description\" content=\"Discover Nazca: explore Peru\u2019s rich culture, history, and stunning landscapes with our unforgettable tours.\" \/>\n<meta name=\"robots\" content=\"index, follow, max-snippet:-1, max-image-preview:large, max-video-preview:-1\" \/>\n<link rel=\"canonical\" href=\"https:\/\/andeantopexpeditions.com\/pt\/peru\/nazca\/\" \/>\n<meta property=\"og:locale\" content=\"pt_BR\" \/>\n<meta property=\"og:type\" content=\"article\" \/>\n<meta property=\"og:title\" content=\"NAZCA - Andean Top Expeditions\" \/>\n<meta property=\"og:description\" content=\"Discover Nazca: explore Peru\u2019s rich culture, history, and stunning landscapes with our unforgettable tours.\" \/>\n<meta property=\"og:url\" content=\"https:\/\/andeantopexpeditions.com\/pt\/peru\/nazca\/\" \/>\n<meta property=\"og:site_name\" content=\"Andean Top Expeditions\" \/>\n<meta property=\"article:publisher\" content=\"https:\/\/www.facebook.com\/andeantopexpeditions\/?locale=es_LA\" \/>\n<meta property=\"article:modified_time\" content=\"2026-03-22T19:41:26+00:00\" \/>\n<meta property=\"og:image\" content=\"https:\/\/andeantopexpeditions.com\/wp-content\/uploads\/2025\/06\/nasca-1089342_1280.jpg\" \/>\n\t<meta property=\"og:image:width\" content=\"1280\" \/>\n\t<meta property=\"og:image:height\" content=\"851\" \/>\n\t<meta property=\"og:image:type\" content=\"image\/jpeg\" \/>\n<meta name=\"twitter:card\" content=\"summary_large_image\" \/>\n<meta name=\"twitter:label1\" content=\"Est. tempo de leitura\" \/>\n\t<meta name=\"twitter:data1\" content=\"2 minutos\" \/>\n<script type=\"application\/ld+json\" class=\"yoast-schema-graph\">{\"@context\":\"https:\/\/schema.org\",\"@graph\":[{\"@type\":\"WebPage\",\"@id\":\"https:\/\/andeantopexpeditions.com\/peru\/nazca\/\",\"url\":\"https:\/\/andeantopexpeditions.com\/peru\/nazca\/\",\"name\":\"NAZCA - Andean Top Expeditions\",\"isPartOf\":{\"@id\":\"https:\/\/andeantopexpeditions.com\/#website\"},\"primaryImageOfPage\":{\"@id\":\"https:\/\/andeantopexpeditions.com\/peru\/nazca\/#primaryimage\"},\"image\":{\"@id\":\"https:\/\/andeantopexpeditions.com\/peru\/nazca\/#primaryimage\"},\"thumbnailUrl\":\"https:\/\/andeantopexpeditions.com\/wp-content\/uploads\/2025\/06\/nasca-1089342_1280.jpg\",\"datePublished\":\"2024-07-19T15:30:16+00:00\",\"dateModified\":\"2026-03-22T19:41:26+00:00\",\"description\":\"Discover Nazca: explore Peru\u2019s rich culture, history, and stunning landscapes with our unforgettable tours.\",\"breadcrumb\":{\"@id\":\"https:\/\/andeantopexpeditions.com\/peru\/nazca\/#breadcrumb\"},\"inLanguage\":\"pt-BR\",\"potentialAction\":[{\"@type\":\"ReadAction\",\"target\":[\"https:\/\/andeantopexpeditions.com\/peru\/nazca\/\"]}]},{\"@type\":\"ImageObject\",\"inLanguage\":\"pt-BR\",\"@id\":\"https:\/\/andeantopexpeditions.com\/peru\/nazca\/#primaryimage\",\"url\":\"https:\/\/andeantopexpeditions.com\/wp-content\/uploads\/2025\/06\/nasca-1089342_1280.jpg\",\"contentUrl\":\"https:\/\/andeantopexpeditions.com\/wp-content\/uploads\/2025\/06\/nasca-1089342_1280.jpg\",\"width\":1280,\"height\":851,\"caption\":\"The enigmatic Nazca lines, carved into the desert, reveal Peru\u2019s ancient secrets\"},{\"@type\":\"BreadcrumbList\",\"@id\":\"https:\/\/andeantopexpeditions.com\/peru\/nazca\/#breadcrumb\",\"itemListElement\":[{\"@type\":\"ListItem\",\"position\":1,\"name\":\"Portada\",\"item\":\"https:\/\/andeantopexpeditions.com\/\"},{\"@type\":\"ListItem\",\"position\":2,\"name\":\"PERU\",\"item\":\"https:\/\/andeantopexpeditions.com\/pt\/peru\/\"},{\"@type\":\"ListItem\",\"position\":3,\"name\":\"NAZCA\"}]},{\"@type\":\"WebSite\",\"@id\":\"https:\/\/andeantopexpeditions.com\/#website\",\"url\":\"https:\/\/andeantopexpeditions.com\/\",\"name\":\"Andean top Expeditions\",\"description\":\"Travel &amp; Tour Booking Agency WordPress Theme\",\"publisher\":{\"@id\":\"https:\/\/andeantopexpeditions.com\/#organization\"},\"potentialAction\":[{\"@type\":\"SearchAction\",\"target\":{\"@type\":\"EntryPoint\",\"urlTemplate\":\"https:\/\/andeantopexpeditions.com\/?s={search_term_string}\"},\"query-input\":{\"@type\":\"PropertyValueSpecification\",\"valueRequired\":true,\"valueName\":\"search_term_string\"}}],\"inLanguage\":\"pt-BR\"},{\"@type\":\"Organization\",\"@id\":\"https:\/\/andeantopexpeditions.com\/#organization\",\"name\":\"Andean top Expeditions\",\"url\":\"https:\/\/andeantopexpeditions.com\/\",\"logo\":{\"@type\":\"ImageObject\",\"inLanguage\":\"pt-BR\",\"@id\":\"https:\/\/andeantopexpeditions.com\/#\/schema\/logo\/image\/\",\"url\":\"https:\/\/andeantopexpeditions.com\/wp-content\/uploads\/2024\/08\/andean-log.png\",\"contentUrl\":\"https:\/\/andeantopexpeditions.com\/wp-content\/uploads\/2024\/08\/andean-log.png\",\"width\":180,\"height\":60,\"caption\":\"Andean top Expeditions\"},\"image\":{\"@id\":\"https:\/\/andeantopexpeditions.com\/#\/schema\/logo\/image\/\"},\"sameAs\":[\"https:\/\/www.facebook.com\/andeantopexpeditions\/?locale=es_LA\",\"https:\/\/www.instagram.com\/andeantopexpeditions\/\",\"https:\/\/www.tripadvisor.co\/Attraction_Review-g294314-d15244712-Reviews-Andean_Top_Expeditions-Cusco_Cusco_Region.html\"]}]}<\/script>\n<!-- \/ Yoast SEO plugin. -->","yoast_head_json":{"title":"NAZCA - Andean Top Expeditions","description":"Discover Nazca: explore Peru\u2019s rich culture, history, and stunning landscapes with our unforgettable tours.","robots":{"index":"index","follow":"follow","max-snippet":"max-snippet:-1","max-image-preview":"max-image-preview:large","max-video-preview":"max-video-preview:-1"},"canonical":"https:\/\/andeantopexpeditions.com\/pt\/peru\/nazca\/","og_locale":"pt_BR","og_type":"article","og_title":"NAZCA - Andean Top Expeditions","og_description":"Discover Nazca: explore Peru\u2019s rich culture, history, and stunning landscapes with our unforgettable tours.","og_url":"https:\/\/andeantopexpeditions.com\/pt\/peru\/nazca\/","og_site_name":"Andean Top Expeditions","article_publisher":"https:\/\/www.facebook.com\/andeantopexpeditions\/?locale=es_LA","article_modified_time":"2026-03-22T19:41:26+00:00","og_image":[{"width":1280,"height":851,"url":"https:\/\/andeantopexpeditions.com\/wp-content\/uploads\/2025\/06\/nasca-1089342_1280.jpg","type":"image\/jpeg"}],"twitter_card":"summary_large_image","twitter_misc":{"Est. tempo de leitura":"2 minutos"},"schema":{"@context":"https:\/\/schema.org","@graph":[{"@type":"WebPage","@id":"https:\/\/andeantopexpeditions.com\/peru\/nazca\/","url":"https:\/\/andeantopexpeditions.com\/peru\/nazca\/","name":"NAZCA - Andean Top Expeditions","isPartOf":{"@id":"https:\/\/andeantopexpeditions.com\/#website"},"primaryImageOfPage":{"@id":"https:\/\/andeantopexpeditions.com\/peru\/nazca\/#primaryimage"},"image":{"@id":"https:\/\/andeantopexpeditions.com\/peru\/nazca\/#primaryimage"},"thumbnailUrl":"https:\/\/andeantopexpeditions.com\/wp-content\/uploads\/2025\/06\/nasca-1089342_1280.jpg","datePublished":"2024-07-19T15:30:16+00:00","dateModified":"2026-03-22T19:41:26+00:00","description":"Discover Nazca: explore Peru\u2019s rich culture, history, and stunning landscapes with our unforgettable tours.","breadcrumb":{"@id":"https:\/\/andeantopexpeditions.com\/peru\/nazca\/#breadcrumb"},"inLanguage":"pt-BR","potentialAction":[{"@type":"ReadAction","target":["https:\/\/andeantopexpeditions.com\/peru\/nazca\/"]}]},{"@type":"ImageObject","inLanguage":"pt-BR","@id":"https:\/\/andeantopexpeditions.com\/peru\/nazca\/#primaryimage","url":"https:\/\/andeantopexpeditions.com\/wp-content\/uploads\/2025\/06\/nasca-1089342_1280.jpg","contentUrl":"https:\/\/andeantopexpeditions.com\/wp-content\/uploads\/2025\/06\/nasca-1089342_1280.jpg","width":1280,"height":851,"caption":"The enigmatic Nazca lines, carved into the desert, reveal Peru\u2019s ancient secrets"},{"@type":"BreadcrumbList","@id":"https:\/\/andeantopexpeditions.com\/peru\/nazca\/#breadcrumb","itemListElement":[{"@type":"ListItem","position":1,"name":"Portada","item":"https:\/\/andeantopexpeditions.com\/"},{"@type":"ListItem","position":2,"name":"PERU","item":"https:\/\/andeantopexpeditions.com\/pt\/peru\/"},{"@type":"ListItem","position":3,"name":"NAZCA"}]},{"@type":"WebSite","@id":"https:\/\/andeantopexpeditions.com\/#website","url":"https:\/\/andeantopexpeditions.com\/","name":"Andean top Expeditions","description":"Travel &amp; Tour Booking Agency WordPress Theme","publisher":{"@id":"https:\/\/andeantopexpeditions.com\/#organization"},"potentialAction":[{"@type":"SearchAction","target":{"@type":"EntryPoint","urlTemplate":"https:\/\/andeantopexpeditions.com\/?s={search_term_string}"},"query-input":{"@type":"PropertyValueSpecification","valueRequired":true,"valueName":"search_term_string"}}],"inLanguage":"pt-BR"},{"@type":"Organization","@id":"https:\/\/andeantopexpeditions.com\/#organization","name":"Andean top Expeditions","url":"https:\/\/andeantopexpeditions.com\/","logo":{"@type":"ImageObject","inLanguage":"pt-BR","@id":"https:\/\/andeantopexpeditions.com\/#\/schema\/logo\/image\/","url":"https:\/\/andeantopexpeditions.com\/wp-content\/uploads\/2024\/08\/andean-log.png","contentUrl":"https:\/\/andeantopexpeditions.com\/wp-content\/uploads\/2024\/08\/andean-log.png","width":180,"height":60,"caption":"Andean top Expeditions"},"image":{"@id":"https:\/\/andeantopexpeditions.com\/#\/schema\/logo\/image\/"},"sameAs":["https:\/\/www.facebook.com\/andeantopexpeditions\/?locale=es_LA","https:\/\/www.instagram.com\/andeantopexpeditions\/","https:\/\/www.tripadvisor.co\/Attraction_Review-g294314-d15244712-Reviews-Andean_Top_Expeditions-Cusco_Cusco_Region.html"]}]}},"_links":{"self":[{"href":"https:\/\/andeantopexpeditions.com\/pt\/wp-json\/wp\/v2\/pages\/2071","targetHints":{"allow":["GET"]}}],"collection":[{"href":"https:\/\/andeantopexpeditions.com\/pt\/wp-json\/wp\/v2\/pages"}],"about":[{"href":"https:\/\/andeantopexpeditions.com\/pt\/wp-json\/wp\/v2\/types\/page"}],"author":[{"embeddable":true,"href":"https:\/\/andeantopexpeditions.com\/pt\/wp-json\/wp\/v2\/users\/3"}],"replies":[{"embeddable":true,"href":"https:\/\/andeantopexpeditions.com\/pt\/wp-json\/wp\/v2\/comments?post=2071"}],"version-history":[{"count":3,"href":"https:\/\/andeantopexpeditions.com\/pt\/wp-json\/wp\/v2\/pages\/2071\/revisions"}],"predecessor-version":[{"id":16314,"href":"https:\/\/andeantopexpeditions.com\/pt\/wp-json\/wp\/v2\/pages\/2071\/revisions\/16314"}],"up":[{"embeddable":true,"href":"https:\/\/andeantopexpeditions.com\/pt\/wp-json\/wp\/v2\/pages\/1584"}],"wp:featuredmedia":[{"embeddable":true,"href":"https:\/\/andeantopexpeditions.com\/pt\/wp-json\/wp\/v2\/media\/8525"}],"wp:attachment":[{"href":"https:\/\/andeantopexpeditions.com\/pt\/wp-json\/wp\/v2\/media?parent=2071"}],"curies":[{"name":"wp","href":"https:\/\/api.w.org\/{rel}","templated":true}]}}