{"id":1158,"date":"2024-07-10T07:53:48","date_gmt":"2024-07-10T12:53:48","guid":{"rendered":"https:\/\/andeantopexpeditions.com\/?page_id=1158"},"modified":"2026-03-22T14:23:54","modified_gmt":"2026-03-22T19:23:54","slug":"inca-treks-alternatives","status":"publish","type":"page","link":"https:\/\/andeantopexpeditions.com\/pt\/inca-treks-alternatives\/","title":{"rendered":"TRILHAS INCA ALTERNATIVAS"},"content":{"rendered":"<div data-elementor-type=\"wp-page\" data-elementor-id=\"1158\" class=\"elementor elementor-1158\" data-elementor-post-type=\"page\">\n\t\t\t\t\t\t<section class=\"elementor-section elementor-top-section elementor-element elementor-element-af7cc2c elementor-section-height-full elementor-section-stretched elementor-section-boxed elementor-section-height-default elementor-section-items-middle elementor-invisible\" data-id=\"af7cc2c\" data-element_type=\"section\" data-e-type=\"section\" data-settings=\"{&quot;background_background&quot;:&quot;classic&quot;,&quot;animation&quot;:&quot;fadeIn&quot;,&quot;stretch_section&quot;:&quot;section-stretched&quot;}\">\n\t\t\t\t\t\t\t<div class=\"elementor-background-overlay\"><\/div>\n\t\t\t\t\t\t\t<div class=\"elementor-container elementor-column-gap-no\">\n\t\t\t\t\t<div class=\"elementor-column elementor-col-100 elementor-top-column elementor-element elementor-element-7a374c9\" data-id=\"7a374c9\" data-element_type=\"column\" data-e-type=\"column\">\n\t\t\t<div class=\"elementor-widget-wrap elementor-element-populated\">\n\t\t\t\t\t\t<div class=\"elementor-element elementor-element-9b1d429 elementor-widget elementor-widget-spacer\" data-id=\"9b1d429\" data-element_type=\"widget\" data-e-type=\"widget\" data-widget_type=\"spacer.default\">\n\t\t\t\t<div class=\"elementor-widget-container\">\n\t\t\t\t\t\t\t<div class=\"elementor-spacer\">\n\t\t\t<div class=\"elementor-spacer-inner\"><\/div>\n\t\t<\/div>\n\t\t\t\t\t\t<\/div>\n\t\t\t\t<\/div>\n\t\t\t\t<div class=\"elementor-element elementor-element-40172cb elementor-invisible elementor-widget elementor-widget-heading\" data-id=\"40172cb\" data-element_type=\"widget\" data-e-type=\"widget\" data-settings=\"{&quot;_animation&quot;:&quot;fadeInUp&quot;}\" data-widget_type=\"heading.default\">\n\t\t\t\t<div class=\"elementor-widget-container\">\n\t\t\t\t\t<h1 class=\"elementor-heading-title elementor-size-default\">TRILHAS INCA ALTERNATIVAS<\/h1>\t\t\t\t<\/div>\n\t\t\t\t<\/div>\n\t\t\t\t<div class=\"elementor-element elementor-element-03dd978 elementor-invisible elementor-widget elementor-widget-heading\" data-id=\"03dd978\" data-element_type=\"widget\" data-e-type=\"widget\" data-settings=\"{&quot;_animation&quot;:&quot;fadeInUp&quot;}\" data-widget_type=\"heading.default\">\n\t\t\t\t<div class=\"elementor-widget-container\">\n\t\t\t\t\t<h2 class=\"elementor-heading-title elementor-size-default\">Explore o melhor do Peru com nossos pacotes tur\u00edsticos, repletos de aventura e cultura.<\/h2>\t\t\t\t<\/div>\n\t\t\t\t<\/div>\n\t\t\t\t\t<\/div>\n\t\t<\/div>\n\t\t\t\t\t<\/div>\n\t\t<\/section>\n\t\t\t\t<section class=\"elementor-section elementor-top-section elementor-element elementor-element-760d43e elementor-section-boxed elementor-section-height-default elementor-section-height-default\" data-id=\"760d43e\" data-element_type=\"section\" data-e-type=\"section\" data-settings=\"{&quot;background_background&quot;:&quot;classic&quot;}\">\n\t\t\t\t\t\t<div class=\"elementor-container elementor-column-gap-extended\">\n\t\t\t\t\t<div class=\"elementor-column elementor-col-100 elementor-top-column elementor-element elementor-element-800b50b\" data-id=\"800b50b\" data-element_type=\"column\" data-e-type=\"column\">\n\t\t\t<div class=\"elementor-widget-wrap elementor-element-populated\">\n\t\t\t\t\r\n\t\t<div class=\"elementor-element elementor-element-a68b30a elementor-invisible elementor-widget elementor-widget-text-editor\" data-id=\"a68b30a\" data-element_type=\"widget\" data-e-type=\"widget\" data-settings=\"{&quot;_animation&quot;:&quot;fadeIn&quot;}\" data-widget_type=\"text-editor.default\">\n\t\t\t\t<div class=\"elementor-widget-container\">\n\t\t\t\t\t\t\t\t\t<div class=\"flex-shrink-0 flex flex-col relative items-end\"><div class=\"pt-0.5 juice:pt-0\"><div class=\"gizmo-bot-avatar flex h-6 w-6 items-center justify-center overflow-hidden rounded-full juice:h-8 juice:w-8\"><div class=\"relative p-1 rounded-sm flex items-center justify-center bg-token-main-surface-primary text-token-text-primary h-8 w-8\"><p class=\"p1\">Voc\u00ea est\u00e1 buscando alternativas \u00e0s trilhas incas que v\u00e3o al\u00e9m das rotas cl\u00e1ssicas? Voc\u00ea est\u00e1 no lugar certo. Embora a Trilha Inca seja ic\u00f4nica, existem diversas op\u00e7\u00f5es igualmente deslumbrantes que oferecem mais tranquilidade, profundidade cultural e variedade natural. Por exemplo, rotas como Salkantay, Lares e Ausangate proporcionam paisagens impressionantes, menos aglomera\u00e7\u00e3o e encontros aut\u00eanticos com as comunidades locais. Al\u00e9m disso, essas trilhas geralmente n\u00e3o exigem permiss\u00f5es, permitindo maior flexibilidade no planejamento. Ademais, cada trilha alternativa traz seus pr\u00f3prios desafios e recompensas \u00fanicos, tornando sua jornada significativa e inesquec\u00edvel. Seja voc\u00ea atra\u00eddo por altas passagens de montanha, vales coloridos ou lagoas glaciais, sempre h\u00e1 algo extraordin\u00e1rio para descobrir. Portanto, se voc\u00ea anseia por uma aventura al\u00e9m do comum, essas alternativas \u00e0s trilhas incas superar\u00e3o suas expectativas. Deixe que o caminho menos percorrido o leve ao cora\u00e7\u00e3o dos Andes \u2014 onde a cultura ancestral e a natureza indomada criam a experi\u00eancia \u00fanica. <a href=\"https:\/\/www.worldhistory.org\/trans\/es\/2-757\/red-de-caminos-incas\/\">Expedi\u00e7\u00e3o perfeita.<\/a><\/p><\/div><\/div><\/div><\/div>\t\t\t\t\t\t\t\t<\/div>\n\t\t\t\t<\/div>\n\t\t\t\t<div class=\"elementor-element elementor-element-65e2d28 elementor-invisible elementor-widget elementor-widget-heading\" data-id=\"65e2d28\" data-element_type=\"widget\" data-e-type=\"widget\" data-settings=\"{&quot;_animation&quot;:&quot;fadeInUp&quot;}\" data-widget_type=\"heading.default\">\n\t\t\t\t<div class=\"elementor-widget-container\">\n\t\t\t\t\t<h3 class=\"elementor-heading-title elementor-size-default\">PACOTES COM PASSEIOS<\/h3>\t\t\t\t<\/div>\n\t\t\t\t<\/div>\n\t\t\t\t\t<\/div>\n\t\t<\/div>\n\t\t\t\t\t<\/div>\n\t\t<\/section>\n\t\t<div class=\"elementor-element elementor-element-422f051 e-grid e-con-boxed e-con e-parent\" data-id=\"422f051\" data-element_type=\"container\" data-e-type=\"container\" data-settings=\"{&quot;background_background&quot;:&quot;classic&quot;}\">\n\t\t\t\t\t<div class=\"e-con-inner\">\n\t\t\t\t<div class=\"elementor-element elementor-element-0524c9c elementor-cta--layout-image-above elementor-cta--skin-classic elementor-animated-content elementor-bg-transform elementor-bg-transform-zoom-in elementor-invisible elementor-widget elementor-widget-call-to-action\" data-id=\"0524c9c\" data-element_type=\"widget\" data-e-type=\"widget\" data-settings=\"{&quot;_animation&quot;:&quot;fadeInUp&quot;}\" data-widget_type=\"call-to-action.default\">\n\t\t\t\t<div class=\"elementor-widget-container\">\n\t\t\t\t\t\t\t<div class=\"elementor-cta\">\n\t\t\t\t\t<div class=\"elementor-cta__bg-wrapper\">\n\t\t\t\t<div class=\"elementor-cta__bg elementor-bg\" style=\"background-image: url(https:\/\/andeantopexpeditions.com\/wp-content\/uploads\/2024\/07\/Ausangate-1024x576.jpg);\" role=\"img\" aria-label=\"Trilha Ausangate de 5 dias \u2013 Topo Andino, lago turquesa e picos nevados nos Andes peruanos.\"><\/div>\n\t\t\t\t<div class=\"elementor-cta__bg-overlay\"><\/div>\n\t\t\t<\/div>\n\t\t\t\t\t\t\t<div class=\"elementor-cta__content\">\n\t\t\t\t\n\t\t\t\t\n\t\t\t\t\t\t\t\t\t<div class=\"elementor-cta__description elementor-cta__content-item elementor-content-item\">\n\t\t\t\t\t\tTrilha de 2 dias em Ausangate \u2013 Expedi\u00e7\u00e3o ao Vale do Arco-\u00cdris e ao Vale Vermelho\t\t\t\t\t<\/div>\n\t\t\t\t\n\t\t\t\t\t\t\t\t\t<div class=\"elementor-cta__button-wrapper elementor-cta__content-item elementor-content-item\">\n\t\t\t\t\t<a class=\"elementor-cta__button elementor-button elementor-size-\" href=\"https:\/\/andeantopexpeditions.com\/pt\/inca-treks-alternatives\/ausangate-trek-2-days-rainbow-red-valley\/\">\n\t\t\t\t\t\tDESCOBRIR\t\t\t\t\t<\/a>\n\t\t\t\t\t<\/div>\n\t\t\t\t\t\t\t<\/div>\n\t\t\t\t\t\t<\/div>\n\t\t\t\t\t\t<\/div>\n\t\t\t\t<\/div>\n\t\t\t\t<div class=\"elementor-element elementor-element-19ce04b elementor-cta--layout-image-above elementor-cta--skin-classic elementor-animated-content elementor-bg-transform elementor-bg-transform-zoom-in elementor-invisible elementor-widget elementor-widget-call-to-action\" data-id=\"19ce04b\" data-element_type=\"widget\" data-e-type=\"widget\" data-settings=\"{&quot;_animation&quot;:&quot;fadeInUp&quot;}\" data-widget_type=\"call-to-action.default\">\n\t\t\t\t<div class=\"elementor-widget-container\">\n\t\t\t\t\t\t\t<div class=\"elementor-cta\">\n\t\t\t\t\t<div class=\"elementor-cta__bg-wrapper\">\n\t\t\t\t<div class=\"elementor-cta__bg elementor-bg\" style=\"background-image: url(https:\/\/andeantopexpeditions.com\/wp-content\/uploads\/2024\/07\/Ausangate-trek-e1678480367869-1024x683.jpg);\" role=\"img\" aria-label=\"Ausangate, Colina das Sete Cores, Montanha Arco-\u00cdris, Trilha de Ausangate, Passeio por Ausangate\"><\/div>\n\t\t\t\t<div class=\"elementor-cta__bg-overlay\"><\/div>\n\t\t\t<\/div>\n\t\t\t\t\t\t\t<div class=\"elementor-cta__content\">\n\t\t\t\t\n\t\t\t\t\n\t\t\t\t\t\t\t\t\t<div class=\"elementor-cta__description elementor-cta__content-item elementor-content-item\">\n\t\t\t\t\t\tTrilha de 3 dias em Ausangate \u2013 Montanha Arco-\u00cdris e Vale Vermelho\t\t\t\t\t<\/div>\n\t\t\t\t\n\t\t\t\t\t\t\t\t\t<div class=\"elementor-cta__button-wrapper elementor-cta__content-item elementor-content-item\">\n\t\t\t\t\t<a class=\"elementor-cta__button elementor-button elementor-size-\" href=\"https:\/\/andeantopexpeditions.com\/pt\/inca-treks-alternatives\/ausangate-trek-3-days-rainbow-red-valley\/\">\n\t\t\t\t\t\tDESCOBRIR\t\t\t\t\t<\/a>\n\t\t\t\t\t<\/div>\n\t\t\t\t\t\t\t<\/div>\n\t\t\t\t\t\t<\/div>\n\t\t\t\t\t\t<\/div>\n\t\t\t\t<\/div>\n\t\t\t\t<div class=\"elementor-element elementor-element-d835f78 elementor-cta--layout-image-above elementor-cta--skin-classic elementor-animated-content elementor-bg-transform elementor-bg-transform-zoom-in elementor-invisible elementor-widget elementor-widget-call-to-action\" data-id=\"d835f78\" data-element_type=\"widget\" data-e-type=\"widget\" data-settings=\"{&quot;_animation&quot;:&quot;fadeInUp&quot;}\" data-widget_type=\"call-to-action.default\">\n\t\t\t\t<div class=\"elementor-widget-container\">\n\t\t\t\t\t\t\t<div class=\"elementor-cta\">\n\t\t\t\t\t<div class=\"elementor-cta__bg-wrapper\">\n\t\t\t\t<div class=\"elementor-cta__bg elementor-bg\" style=\"background-image: url(https:\/\/andeantopexpeditions.com\/wp-content\/uploads\/2024\/07\/ausangate-header.jpg);\" role=\"img\" aria-label=\"cabe\u00e7alho ausangate\"><\/div>\n\t\t\t\t<div class=\"elementor-cta__bg-overlay\"><\/div>\n\t\t\t<\/div>\n\t\t\t\t\t\t\t<div class=\"elementor-cta__content\">\n\t\t\t\t\n\t\t\t\t\n\t\t\t\t\t\t\t\t\t<div class=\"elementor-cta__description elementor-cta__content-item elementor-content-item\">\n\t\t\t\t\t\tTrilha de Ausangate em 4 dias \u2013 Montanha Arco-\u00cdris e Vale Vermelho\t\t\t\t\t<\/div>\n\t\t\t\t\n\t\t\t\t\t\t\t\t\t<div class=\"elementor-cta__button-wrapper elementor-cta__content-item elementor-content-item\">\n\t\t\t\t\t<a class=\"elementor-cta__button elementor-button elementor-size-\" href=\"https:\/\/andeantopexpeditions.com\/pt\/inca-treks-alternatives\/ausangate-4-days\/\">\n\t\t\t\t\t\tDESCOBRIR\t\t\t\t\t<\/a>\n\t\t\t\t\t<\/div>\n\t\t\t\t\t\t\t<\/div>\n\t\t\t\t\t\t<\/div>\n\t\t\t\t\t\t<\/div>\n\t\t\t\t<\/div>\n\t\t\t\t<div class=\"elementor-element elementor-element-5e07602 elementor-cta--layout-image-above elementor-cta--skin-classic elementor-animated-content elementor-bg-transform elementor-bg-transform-zoom-in elementor-invisible elementor-widget elementor-widget-call-to-action\" data-id=\"5e07602\" data-element_type=\"widget\" data-e-type=\"widget\" data-settings=\"{&quot;_animation&quot;:&quot;fadeInUp&quot;}\" data-widget_type=\"call-to-action.default\">\n\t\t\t\t<div class=\"elementor-widget-container\">\n\t\t\t\t\t\t\t<div class=\"elementor-cta\">\n\t\t\t\t\t<div class=\"elementor-cta__bg-wrapper\">\n\t\t\t\t<div class=\"elementor-cta__bg elementor-bg\" style=\"background-image: url(https:\/\/andeantopexpeditions.com\/wp-content\/uploads\/2024\/07\/ausangate-seven-lakes-3-e1689788330290-1024x507.jpg);\" role=\"img\" aria-label=\"ausangate-sete-lagos-3-e1689788330290\"><\/div>\n\t\t\t\t<div class=\"elementor-cta__bg-overlay\"><\/div>\n\t\t\t<\/div>\n\t\t\t\t\t\t\t<div class=\"elementor-cta__content\">\n\t\t\t\t\n\t\t\t\t\n\t\t\t\t\t\t\t\t\t<div class=\"elementor-cta__description elementor-cta__content-item elementor-content-item\">\n\t\t\t\t\t\tAusangate Trek 5 Days-   Rainbow Mountain and more\t\t\t\t\t<\/div>\n\t\t\t\t\n\t\t\t\t\t\t\t\t\t<div class=\"elementor-cta__button-wrapper elementor-cta__content-item elementor-content-item\">\n\t\t\t\t\t<a class=\"elementor-cta__button elementor-button elementor-size-\" href=\"https:\/\/andeantopexpeditions.com\/pt\/inca-treks-alternatives\/ausangate-trek-5-days-rainbow-mountain\/\">\n\t\t\t\t\t\tDESCOBRIR\t\t\t\t\t<\/a>\n\t\t\t\t\t<\/div>\n\t\t\t\t\t\t\t<\/div>\n\t\t\t\t\t\t<\/div>\n\t\t\t\t\t\t<\/div>\n\t\t\t\t<\/div>\n\t\t\t\t<div class=\"elementor-element elementor-element-1c771a7 elementor-cta--layout-image-above elementor-cta--skin-classic elementor-animated-content elementor-bg-transform elementor-bg-transform-zoom-in elementor-invisible elementor-widget elementor-widget-call-to-action\" data-id=\"1c771a7\" data-element_type=\"widget\" data-e-type=\"widget\" data-settings=\"{&quot;_animation&quot;:&quot;fadeInUp&quot;}\" data-widget_type=\"call-to-action.default\">\n\t\t\t\t<div class=\"elementor-widget-container\">\n\t\t\t\t\t\t\t<div class=\"elementor-cta\">\n\t\t\t\t\t<div class=\"elementor-cta__bg-wrapper\">\n\t\t\t\t<div class=\"elementor-cta__bg elementor-bg\" style=\"background-image: url(https:\/\/andeantopexpeditions.com\/wp-content\/uploads\/2024\/07\/Choquequirao_Portada-1024x576.jpg);\" role=\"img\" aria-label=\"P\u00e1gina inicial de Choquequirao\"><\/div>\n\t\t\t\t<div class=\"elementor-cta__bg-overlay\"><\/div>\n\t\t\t<\/div>\n\t\t\t\t\t\t\t<div class=\"elementor-cta__content\">\n\t\t\t\t\n\t\t\t\t\n\t\t\t\t\t\t\t\t\t<div class=\"elementor-cta__description elementor-cta__content-item elementor-content-item\">\n\t\t\t\t\t\tTrekking em Choquequirao (4 dias): Explore a cidade inca escondida.\t\t\t\t\t<\/div>\n\t\t\t\t\n\t\t\t\t\t\t\t\t\t<div class=\"elementor-cta__button-wrapper elementor-cta__content-item elementor-content-item\">\n\t\t\t\t\t<a class=\"elementor-cta__button elementor-button elementor-size-\" href=\"https:\/\/andeantopexpeditions.com\/pt\/inca-treks-alternatives\/choquequirao-trek-4-days\/\">\n\t\t\t\t\t\tDESCOBRIR\t\t\t\t\t<\/a>\n\t\t\t\t\t<\/div>\n\t\t\t\t\t\t\t<\/div>\n\t\t\t\t\t\t<\/div>\n\t\t\t\t\t\t<\/div>\n\t\t\t\t<\/div>\n\t\t\t\t\t<\/div>\n\t\t\t\t<\/div>\n\t\t\t\t<\/div>","protected":false},"excerpt":{"rendered":"<p>INCA TREKS ALTERNATIVES Explore the best of Peru with our tour packages, full of adventure and culture. Are you searching for Inca treks alternatives that go beyond the classic routes? You\u2019re in the right place. While the Inca Trail is iconic, there are several equally breathtaking options that offer more solitude, cultural depth, and natural&#8230;<\/p>","protected":false},"author":3,"featured_media":2555,"parent":0,"menu_order":0,"comment_status":"closed","ping_status":"closed","template":"elementor_header_footer","meta":{"footnotes":""},"class_list":["post-1158","page","type-page","status-publish","has-post-thumbnail","hentry"],"yoast_head":"<!-- This site is optimized with the Yoast SEO plugin v27.4 - https:\/\/yoast.com\/product\/yoast-seo-wordpress\/ -->\n<title>INCA TREKS ALTERNATIVES - Andean Top Expeditions<\/title>\n<meta name=\"description\" content=\"With our inca treks alternatives Discover stunning landscapes with our expert-guided tours. Adventure, nature, and culture awaits you.\" \/>\n<meta name=\"robots\" content=\"index, follow, max-snippet:-1, max-image-preview:large, max-video-preview:-1\" \/>\n<link rel=\"canonical\" href=\"https:\/\/andeantopexpeditions.com\/pt\/inca-treks-alternatives\/\" \/>\n<meta property=\"og:locale\" content=\"pt_BR\" \/>\n<meta property=\"og:type\" content=\"article\" \/>\n<meta property=\"og:title\" content=\"INCA TREKS ALTERNATIVES - Andean Top Expeditions\" \/>\n<meta property=\"og:description\" content=\"With our inca treks alternatives Discover stunning landscapes with our expert-guided tours. Adventure, nature, and culture awaits you.\" \/>\n<meta property=\"og:url\" content=\"https:\/\/andeantopexpeditions.com\/pt\/inca-treks-alternatives\/\" \/>\n<meta property=\"og:site_name\" content=\"Andean Top Expeditions\" \/>\n<meta property=\"article:publisher\" content=\"https:\/\/www.facebook.com\/andeantopexpeditions\/?locale=es_LA\" \/>\n<meta property=\"article:modified_time\" content=\"2026-03-22T19:23:54+00:00\" \/>\n<meta property=\"og:image\" content=\"https:\/\/andeantopexpeditions.com\/wp-content\/uploads\/2024\/07\/ausangate-trek-peru.jpg\" \/>\n\t<meta property=\"og:image:width\" content=\"1000\" \/>\n\t<meta property=\"og:image:height\" content=\"667\" \/>\n\t<meta property=\"og:image:type\" content=\"image\/jpeg\" \/>\n<meta name=\"twitter:card\" content=\"summary_large_image\" \/>\n<meta name=\"twitter:label1\" content=\"Est. tempo de leitura\" \/>\n\t<meta name=\"twitter:data1\" content=\"1 minuto\" \/>\n<script type=\"application\/ld+json\" class=\"yoast-schema-graph\">{\"@context\":\"https:\\\/\\\/schema.org\",\"@graph\":[{\"@type\":\"WebPage\",\"@id\":\"https:\\\/\\\/andeantopexpeditions.com\\\/inca-treks-alternatives\\\/\",\"url\":\"https:\\\/\\\/andeantopexpeditions.com\\\/inca-treks-alternatives\\\/\",\"name\":\"INCA TREKS ALTERNATIVES - Andean Top Expeditions\",\"isPartOf\":{\"@id\":\"https:\\\/\\\/andeantopexpeditions.com\\\/#website\"},\"primaryImageOfPage\":{\"@id\":\"https:\\\/\\\/andeantopexpeditions.com\\\/inca-treks-alternatives\\\/#primaryimage\"},\"image\":{\"@id\":\"https:\\\/\\\/andeantopexpeditions.com\\\/inca-treks-alternatives\\\/#primaryimage\"},\"thumbnailUrl\":\"https:\\\/\\\/andeantopexpeditions.com\\\/wp-content\\\/uploads\\\/2024\\\/07\\\/ausangate-trek-peru.jpg\",\"datePublished\":\"2024-07-10T12:53:48+00:00\",\"dateModified\":\"2026-03-22T19:23:54+00:00\",\"description\":\"With our inca treks alternatives Discover stunning landscapes with our expert-guided tours. Adventure, nature, and culture awaits you.\",\"breadcrumb\":{\"@id\":\"https:\\\/\\\/andeantopexpeditions.com\\\/inca-treks-alternatives\\\/#breadcrumb\"},\"inLanguage\":\"pt-BR\",\"potentialAction\":[{\"@type\":\"ReadAction\",\"target\":[\"https:\\\/\\\/andeantopexpeditions.com\\\/inca-treks-alternatives\\\/\"]}]},{\"@type\":\"ImageObject\",\"inLanguage\":\"pt-BR\",\"@id\":\"https:\\\/\\\/andeantopexpeditions.com\\\/inca-treks-alternatives\\\/#primaryimage\",\"url\":\"https:\\\/\\\/andeantopexpeditions.com\\\/wp-content\\\/uploads\\\/2024\\\/07\\\/ausangate-trek-peru.jpg\",\"contentUrl\":\"https:\\\/\\\/andeantopexpeditions.com\\\/wp-content\\\/uploads\\\/2024\\\/07\\\/ausangate-trek-peru.jpg\",\"width\":1000,\"height\":667,\"caption\":\"Inca Treks around Ausangate: discover breathtaking Andean scenery.\"},{\"@type\":\"BreadcrumbList\",\"@id\":\"https:\\\/\\\/andeantopexpeditions.com\\\/inca-treks-alternatives\\\/#breadcrumb\",\"itemListElement\":[{\"@type\":\"ListItem\",\"position\":1,\"name\":\"Portada\",\"item\":\"https:\\\/\\\/andeantopexpeditions.com\\\/\"},{\"@type\":\"ListItem\",\"position\":2,\"name\":\"INCA TREKS ALTERNATIVES\"}]},{\"@type\":\"WebSite\",\"@id\":\"https:\\\/\\\/andeantopexpeditions.com\\\/#website\",\"url\":\"https:\\\/\\\/andeantopexpeditions.com\\\/\",\"name\":\"Andean top Expeditions\",\"description\":\"Travel &amp; Tour Booking Agency WordPress Theme\",\"publisher\":{\"@id\":\"https:\\\/\\\/andeantopexpeditions.com\\\/#organization\"},\"potentialAction\":[{\"@type\":\"SearchAction\",\"target\":{\"@type\":\"EntryPoint\",\"urlTemplate\":\"https:\\\/\\\/andeantopexpeditions.com\\\/?s={search_term_string}\"},\"query-input\":{\"@type\":\"PropertyValueSpecification\",\"valueRequired\":true,\"valueName\":\"search_term_string\"}}],\"inLanguage\":\"pt-BR\"},{\"@type\":\"Organization\",\"@id\":\"https:\\\/\\\/andeantopexpeditions.com\\\/#organization\",\"name\":\"Andean top Expeditions\",\"url\":\"https:\\\/\\\/andeantopexpeditions.com\\\/\",\"logo\":{\"@type\":\"ImageObject\",\"inLanguage\":\"pt-BR\",\"@id\":\"https:\\\/\\\/andeantopexpeditions.com\\\/#\\\/schema\\\/logo\\\/image\\\/\",\"url\":\"https:\\\/\\\/andeantopexpeditions.com\\\/wp-content\\\/uploads\\\/2024\\\/08\\\/andean-log.png\",\"contentUrl\":\"https:\\\/\\\/andeantopexpeditions.com\\\/wp-content\\\/uploads\\\/2024\\\/08\\\/andean-log.png\",\"width\":180,\"height\":60,\"caption\":\"Andean top Expeditions\"},\"image\":{\"@id\":\"https:\\\/\\\/andeantopexpeditions.com\\\/#\\\/schema\\\/logo\\\/image\\\/\"},\"sameAs\":[\"https:\\\/\\\/www.facebook.com\\\/andeantopexpeditions\\\/?locale=es_LA\",\"https:\\\/\\\/www.instagram.com\\\/andeantopexpeditions\\\/\",\"https:\\\/\\\/www.tripadvisor.co\\\/Attraction_Review-g294314-d15244712-Reviews-Andean_Top_Expeditions-Cusco_Cusco_Region.html\"]}]}<\/script>\n<!-- \/ Yoast SEO plugin. -->","yoast_head_json":{"title":"INCA TREKS ALTERNATIVES - Andean Top Expeditions","description":"With our inca treks alternatives Discover stunning landscapes with our expert-guided tours. Adventure, nature, and culture awaits you.","robots":{"index":"index","follow":"follow","max-snippet":"max-snippet:-1","max-image-preview":"max-image-preview:large","max-video-preview":"max-video-preview:-1"},"canonical":"https:\/\/andeantopexpeditions.com\/pt\/inca-treks-alternatives\/","og_locale":"pt_BR","og_type":"article","og_title":"INCA TREKS ALTERNATIVES - Andean Top Expeditions","og_description":"With our inca treks alternatives Discover stunning landscapes with our expert-guided tours. Adventure, nature, and culture awaits you.","og_url":"https:\/\/andeantopexpeditions.com\/pt\/inca-treks-alternatives\/","og_site_name":"Andean Top Expeditions","article_publisher":"https:\/\/www.facebook.com\/andeantopexpeditions\/?locale=es_LA","article_modified_time":"2026-03-22T19:23:54+00:00","og_image":[{"width":1000,"height":667,"url":"https:\/\/andeantopexpeditions.com\/wp-content\/uploads\/2024\/07\/ausangate-trek-peru.jpg","type":"image\/jpeg"}],"twitter_card":"summary_large_image","twitter_misc":{"Est. tempo de leitura":"1 minuto"},"schema":{"@context":"https:\/\/schema.org","@graph":[{"@type":"WebPage","@id":"https:\/\/andeantopexpeditions.com\/inca-treks-alternatives\/","url":"https:\/\/andeantopexpeditions.com\/inca-treks-alternatives\/","name":"INCA TREKS ALTERNATIVES - Andean Top Expeditions","isPartOf":{"@id":"https:\/\/andeantopexpeditions.com\/#website"},"primaryImageOfPage":{"@id":"https:\/\/andeantopexpeditions.com\/inca-treks-alternatives\/#primaryimage"},"image":{"@id":"https:\/\/andeantopexpeditions.com\/inca-treks-alternatives\/#primaryimage"},"thumbnailUrl":"https:\/\/andeantopexpeditions.com\/wp-content\/uploads\/2024\/07\/ausangate-trek-peru.jpg","datePublished":"2024-07-10T12:53:48+00:00","dateModified":"2026-03-22T19:23:54+00:00","description":"With our inca treks alternatives Discover stunning landscapes with our expert-guided tours. Adventure, nature, and culture awaits you.","breadcrumb":{"@id":"https:\/\/andeantopexpeditions.com\/inca-treks-alternatives\/#breadcrumb"},"inLanguage":"pt-BR","potentialAction":[{"@type":"ReadAction","target":["https:\/\/andeantopexpeditions.com\/inca-treks-alternatives\/"]}]},{"@type":"ImageObject","inLanguage":"pt-BR","@id":"https:\/\/andeantopexpeditions.com\/inca-treks-alternatives\/#primaryimage","url":"https:\/\/andeantopexpeditions.com\/wp-content\/uploads\/2024\/07\/ausangate-trek-peru.jpg","contentUrl":"https:\/\/andeantopexpeditions.com\/wp-content\/uploads\/2024\/07\/ausangate-trek-peru.jpg","width":1000,"height":667,"caption":"Inca Treks around Ausangate: discover breathtaking Andean scenery."},{"@type":"BreadcrumbList","@id":"https:\/\/andeantopexpeditions.com\/inca-treks-alternatives\/#breadcrumb","itemListElement":[{"@type":"ListItem","position":1,"name":"Portada","item":"https:\/\/andeantopexpeditions.com\/"},{"@type":"ListItem","position":2,"name":"INCA TREKS ALTERNATIVES"}]},{"@type":"WebSite","@id":"https:\/\/andeantopexpeditions.com\/#website","url":"https:\/\/andeantopexpeditions.com\/","name":"Andean top Expeditions","description":"Travel &amp; Tour Booking Agency WordPress Theme","publisher":{"@id":"https:\/\/andeantopexpeditions.com\/#organization"},"potentialAction":[{"@type":"SearchAction","target":{"@type":"EntryPoint","urlTemplate":"https:\/\/andeantopexpeditions.com\/?s={search_term_string}"},"query-input":{"@type":"PropertyValueSpecification","valueRequired":true,"valueName":"search_term_string"}}],"inLanguage":"pt-BR"},{"@type":"Organization","@id":"https:\/\/andeantopexpeditions.com\/#organization","name":"Andean top Expeditions","url":"https:\/\/andeantopexpeditions.com\/","logo":{"@type":"ImageObject","inLanguage":"pt-BR","@id":"https:\/\/andeantopexpeditions.com\/#\/schema\/logo\/image\/","url":"https:\/\/andeantopexpeditions.com\/wp-content\/uploads\/2024\/08\/andean-log.png","contentUrl":"https:\/\/andeantopexpeditions.com\/wp-content\/uploads\/2024\/08\/andean-log.png","width":180,"height":60,"caption":"Andean top Expeditions"},"image":{"@id":"https:\/\/andeantopexpeditions.com\/#\/schema\/logo\/image\/"},"sameAs":["https:\/\/www.facebook.com\/andeantopexpeditions\/?locale=es_LA","https:\/\/www.instagram.com\/andeantopexpeditions\/","https:\/\/www.tripadvisor.co\/Attraction_Review-g294314-d15244712-Reviews-Andean_Top_Expeditions-Cusco_Cusco_Region.html"]}]}},"_links":{"self":[{"href":"https:\/\/andeantopexpeditions.com\/pt\/wp-json\/wp\/v2\/pages\/1158","targetHints":{"allow":["GET"]}}],"collection":[{"href":"https:\/\/andeantopexpeditions.com\/pt\/wp-json\/wp\/v2\/pages"}],"about":[{"href":"https:\/\/andeantopexpeditions.com\/pt\/wp-json\/wp\/v2\/types\/page"}],"author":[{"embeddable":true,"href":"https:\/\/andeantopexpeditions.com\/pt\/wp-json\/wp\/v2\/users\/3"}],"replies":[{"embeddable":true,"href":"https:\/\/andeantopexpeditions.com\/pt\/wp-json\/wp\/v2\/comments?post=1158"}],"version-history":[{"count":27,"href":"https:\/\/andeantopexpeditions.com\/pt\/wp-json\/wp\/v2\/pages\/1158\/revisions"}],"predecessor-version":[{"id":16272,"href":"https:\/\/andeantopexpeditions.com\/pt\/wp-json\/wp\/v2\/pages\/1158\/revisions\/16272"}],"wp:featuredmedia":[{"embeddable":true,"href":"https:\/\/andeantopexpeditions.com\/pt\/wp-json\/wp\/v2\/media\/2555"}],"wp:attachment":[{"href":"https:\/\/andeantopexpeditions.com\/pt\/wp-json\/wp\/v2\/media?parent=1158"}],"curies":[{"name":"wp","href":"https:\/\/api.w.org\/{rel}","templated":true}]}}