{"id":3860,"date":"2024-08-23T21:53:11","date_gmt":"2024-08-24T02:53:11","guid":{"rendered":"https:\/\/andeantopexpeditions.com\/?page_id=3860"},"modified":"2026-03-22T14:43:17","modified_gmt":"2026-03-22T19:43:17","slug":"manu-national-park","status":"publish","type":"page","link":"https:\/\/andeantopexpeditions.com\/es\/peru-amazon-tours\/manu-national-park\/","title":{"rendered":"PARQUE NACIONAL DEL MANU"},"content":{"rendered":"<div data-elementor-type=\"wp-page\" data-elementor-id=\"3860\" class=\"elementor elementor-3860\" data-elementor-post-type=\"page\">\n\t\t\t\t\t\t<section class=\"elementor-section elementor-top-section elementor-element elementor-element-af7cc2c elementor-section-height-full elementor-section-stretched elementor-section-boxed elementor-section-height-default elementor-section-items-middle elementor-invisible\" data-id=\"af7cc2c\" data-element_type=\"section\" data-e-type=\"section\" data-settings=\"{&quot;background_background&quot;:&quot;classic&quot;,&quot;animation&quot;:&quot;fadeIn&quot;,&quot;stretch_section&quot;:&quot;section-stretched&quot;}\">\n\t\t\t\t\t\t\t<div class=\"elementor-background-overlay\"><\/div>\n\t\t\t\t\t\t\t<div class=\"elementor-container elementor-column-gap-no\">\n\t\t\t\t\t<div class=\"elementor-column elementor-col-100 elementor-top-column elementor-element elementor-element-7a374c9\" data-id=\"7a374c9\" data-element_type=\"column\" data-e-type=\"column\">\n\t\t\t<div class=\"elementor-widget-wrap elementor-element-populated\">\n\t\t\t\t\t\t<div class=\"elementor-element elementor-element-9b1d429 elementor-widget elementor-widget-spacer\" data-id=\"9b1d429\" data-element_type=\"widget\" data-e-type=\"widget\" data-widget_type=\"spacer.default\">\n\t\t\t\t<div class=\"elementor-widget-container\">\n\t\t\t\t\t\t\t<div class=\"elementor-spacer\">\n\t\t\t<div class=\"elementor-spacer-inner\"><\/div>\n\t\t<\/div>\n\t\t\t\t\t\t<\/div>\n\t\t\t\t<\/div>\n\t\t\t\t<div class=\"elementor-element elementor-element-40172cb elementor-invisible elementor-widget elementor-widget-heading\" data-id=\"40172cb\" data-element_type=\"widget\" data-e-type=\"widget\" data-settings=\"{&quot;_animation&quot;:&quot;fadeInUp&quot;}\" data-widget_type=\"heading.default\">\n\t\t\t\t<div class=\"elementor-widget-container\">\n\t\t\t\t\t<h1 class=\"elementor-heading-title elementor-size-default\">PARQUE NACIONAL DEL MANU<\/h1>\t\t\t\t<\/div>\n\t\t\t\t<\/div>\n\t\t\t\t<div class=\"elementor-element elementor-element-03dd978 elementor-invisible elementor-widget elementor-widget-heading\" data-id=\"03dd978\" data-element_type=\"widget\" data-e-type=\"widget\" data-settings=\"{&quot;_animation&quot;:&quot;fadeInUp&quot;}\" data-widget_type=\"heading.default\">\n\t\t\t\t<div class=\"elementor-widget-container\">\n\t\t\t\t\t<h2 class=\"elementor-heading-title elementor-size-default\">Explora la cultura, historia y naturaleza del Per\u00fa con nuestros tours<\/h2>\t\t\t\t<\/div>\n\t\t\t\t<\/div>\n\t\t\t\t\t<\/div>\n\t\t<\/div>\n\t\t\t\t\t<\/div>\n\t\t<\/section>\n\t\t\t\t<section class=\"elementor-section elementor-top-section elementor-element elementor-element-722586f elementor-section-boxed elementor-section-height-default elementor-section-height-default\" data-id=\"722586f\" data-element_type=\"section\" data-e-type=\"section\" data-settings=\"{&quot;background_background&quot;:&quot;classic&quot;}\">\n\t\t\t\t\t\t<div class=\"elementor-container elementor-column-gap-extended\">\n\t\t\t\t\t<div class=\"elementor-column elementor-col-100 elementor-top-column elementor-element elementor-element-e170c51\" data-id=\"e170c51\" data-element_type=\"column\" data-e-type=\"column\">\n\t\t\t<div class=\"elementor-widget-wrap elementor-element-populated\">\n\t\t\t\t\r\n\t\t<div class=\"elementor-element elementor-element-67d3cbe elementor-invisible elementor-widget elementor-widget-text-editor\" data-id=\"67d3cbe\" data-element_type=\"widget\" data-e-type=\"widget\" data-settings=\"{&quot;_animation&quot;:&quot;fadeIn&quot;}\" data-widget_type=\"text-editor.default\">\n\t\t\t\t<div class=\"elementor-widget-container\">\n\t\t\t\t\t\t\t\t\t<div class=\"flex-shrink-0 flex flex-col relative items-end\"><div class=\"pt-0.5 juice:pt-0\"><div class=\"gizmo-bot-avatar flex h-6 w-6 items-center justify-center overflow-hidden rounded-full juice:h-8 juice:w-8\"><div class=\"relative p-1 rounded-sm flex items-center justify-center bg-token-main-surface-primary text-token-text-primary h-8 w-8\"><p class=\"p1\">Parque Nacional del Manu. Si buscas un destino que se sienta verdaderamente virgen, pocos lugares en la Tierra se comparan con este incre\u00edble rinc\u00f3n de la Amazon\u00eda. Ubicado en el sureste de Per\u00fa, es una de las zonas con mayor biodiversidad del mundo y... <a href=\"https:\/\/whc.unesco.org\/en\/list\/402\/\">UNESCO<\/a> Patrimonio de la Humanidad. Aunque puede requerir un poco de esfuerzo para llegar, el viaje es parte de lo que hace que la experiencia sea tan especial.<\/p><p class=\"p1\">Por ejemplo, a lo largo del camino, atravesar\u00e1 bosques nubosos, tierras altas andinas y selvas v\u00edrgenes de tierras bajas, cada una con su propio ecosistema \u00fanico. Adem\u00e1s, la regi\u00f3n alberga cientos de especies de aves, esquivos jaguares, nutrias gigantes de r\u00edo y miles de variedades de plantas. Adem\u00e1s, las expediciones guiadas le permiten explorar sin da\u00f1ar el fr\u00e1gil entorno, ofreci\u00e9ndole tanto conocimiento como protecci\u00f3n.<\/p><p class=\"p1\">Tanto si eres un apasionado de la vida silvestre como si simplemente aprecias la belleza natural, este lugar te dejar\u00e1 una huella imborrable. Adem\u00e1s, conocer\u00e1s comunidades locales cuyo estilo de vida est\u00e1 profundamente ligado a la tierra, lo que enriquecer\u00e1 a\u00fan m\u00e1s tu viaje.<\/p><p class=\"p1\">Entonces, si est\u00e1s listo para experimentar la naturaleza en su forma m\u00e1s salvaje y vibrante, este parque te espera.<\/p><p class=\"p1\">Que \u00e9sta sea tu pr\u00f3xima gran aventura: salvaje, inolvidable y profundamente significativa.<\/p><\/div><\/div><\/div><\/div>\t\t\t\t\t\t\t\t<\/div>\n\t\t\t\t<\/div>\n\t\t\t\t<div class=\"elementor-element elementor-element-fe366af elementor-invisible elementor-widget elementor-widget-heading\" data-id=\"fe366af\" data-element_type=\"widget\" data-e-type=\"widget\" data-settings=\"{&quot;_animation&quot;:&quot;fadeInUp&quot;}\" data-widget_type=\"heading.default\">\n\t\t\t\t<div class=\"elementor-widget-container\">\n\t\t\t\t\t<h3 class=\"elementor-heading-title elementor-size-default\">TOURS<\/h3>\t\t\t\t<\/div>\n\t\t\t\t<\/div>\n\t\t\t\t\t<\/div>\n\t\t<\/div>\n\t\t\t\t\t<\/div>\n\t\t<\/section>\n\t\t<div class=\"elementor-element elementor-element-b79946a e-grid e-con-boxed e-con e-parent\" data-id=\"b79946a\" data-element_type=\"container\" data-e-type=\"container\" data-settings=\"{&quot;background_background&quot;:&quot;classic&quot;}\">\n\t\t\t\t\t<div class=\"e-con-inner\">\n\t\t\t\t<div class=\"elementor-element elementor-element-bc0fd02 elementor-cta--layout-image-above elementor-cta--skin-classic elementor-animated-content elementor-bg-transform elementor-bg-transform-zoom-in elementor-invisible elementor-widget elementor-widget-call-to-action\" data-id=\"bc0fd02\" data-element_type=\"widget\" data-e-type=\"widget\" data-settings=\"{&quot;_animation&quot;:&quot;fadeInUp&quot;}\" data-widget_type=\"call-to-action.default\">\n\t\t\t\t<div class=\"elementor-widget-container\">\n\t\t\t\t\t\t\t<div class=\"elementor-cta\">\n\t\t\t\t\t<div class=\"elementor-cta__bg-wrapper\">\n\t\t\t\t<div class=\"elementor-cta__bg elementor-bg\" style=\"background-image: url(https:\/\/andeantopexpeditions.com\/wp-content\/uploads\/2024\/08\/MANU-1024x682.jpg);\" role=\"img\" aria-label=\"MANU\"><\/div>\n\t\t\t\t<div class=\"elementor-cta__bg-overlay\"><\/div>\n\t\t\t<\/div>\n\t\t\t\t\t\t\t<div class=\"elementor-cta__content\">\n\t\t\t\t\n\t\t\t\t\n\t\t\t\t\t\t\t\t\t<div class=\"elementor-cta__description elementor-cta__content-item elementor-content-item\">\n\t\t\t\t\t\tParque Nacional del Manu: Vida Silvestre y Secretos de la Selva en 3 D\u00edas\t\t\t\t\t<\/div>\n\t\t\t\t\n\t\t\t\t\t\t\t\t\t<div class=\"elementor-cta__button-wrapper elementor-cta__content-item elementor-content-item\">\n\t\t\t\t\t<a class=\"elementor-cta__button elementor-button elementor-size-\" href=\"https:\/\/andeantopexpeditions.com\/es\/peru-amazon-tours\/manu-national-park\/manu-national-park-wildlife-3-days\/\">\n\t\t\t\t\t\tDESCUBRIR\t\t\t\t\t<\/a>\n\t\t\t\t\t<\/div>\n\t\t\t\t\t\t\t<\/div>\n\t\t\t\t\t\t<\/div>\n\t\t\t\t\t\t<\/div>\n\t\t\t\t<\/div>\n\t\t\t\t<div class=\"elementor-element elementor-element-aa27af4 elementor-cta--layout-image-above elementor-cta--skin-classic elementor-animated-content elementor-bg-transform elementor-bg-transform-zoom-in elementor-invisible elementor-widget elementor-widget-call-to-action\" data-id=\"aa27af4\" data-element_type=\"widget\" data-e-type=\"widget\" data-settings=\"{&quot;_animation&quot;:&quot;fadeInUp&quot;}\" data-widget_type=\"call-to-action.default\">\n\t\t\t\t<div class=\"elementor-widget-container\">\n\t\t\t\t\t\t\t<div class=\"elementor-cta\">\n\t\t\t\t\t<div class=\"elementor-cta__bg-wrapper\">\n\t\t\t\t<div class=\"elementor-cta__bg elementor-bg\" style=\"background-image: url(https:\/\/andeantopexpeditions.com\/wp-content\/uploads\/2024\/08\/MANU-3-1024x398.jpg);\" role=\"img\" aria-label=\"MANU 3\"><\/div>\n\t\t\t\t<div class=\"elementor-cta__bg-overlay\"><\/div>\n\t\t\t<\/div>\n\t\t\t\t\t\t\t<div class=\"elementor-cta__content\">\n\t\t\t\t\n\t\t\t\t\n\t\t\t\t\t\t\t\t\t<div class=\"elementor-cta__description elementor-cta__content-item elementor-content-item\">\n\t\t\t\t\t\tTour al Parque Nacional del Manu: Odisea amaz\u00f3nica de 4 d\u00edas\t\t\t\t\t<\/div>\n\t\t\t\t\n\t\t\t\t\t\t\t\t\t<div class=\"elementor-cta__button-wrapper elementor-cta__content-item elementor-content-item\">\n\t\t\t\t\t<a class=\"elementor-cta__button elementor-button elementor-size-\" href=\"https:\/\/andeantopexpeditions.com\/es\/peru-amazon-tours\/manu-national-park\/manu-national-park-tour-4-days\/\">\n\t\t\t\t\t\tDESCUBRIR\t\t\t\t\t<\/a>\n\t\t\t\t\t<\/div>\n\t\t\t\t\t\t\t<\/div>\n\t\t\t\t\t\t<\/div>\n\t\t\t\t\t\t<\/div>\n\t\t\t\t<\/div>\n\t\t\t\t\t<\/div>\n\t\t\t\t<\/div>\n\t\t\t\t<\/div>","protected":false},"excerpt":{"rendered":"<p>MANU NATIONAL PARK Explore the culture, history and nature of Peru with our tours Manu national Park, If you\u2019re searching for a destination that feels truly untouched, few places on Earth compare to this incredible corner of the Amazon. Located in southeastern Peru, it\u2019s one of the most biodiverse areas in the world and a&#8230;<\/p>","protected":false},"author":3,"featured_media":2824,"parent":1518,"menu_order":0,"comment_status":"closed","ping_status":"closed","template":"elementor_header_footer","meta":{"footnotes":""},"class_list":["post-3860","page","type-page","status-publish","has-post-thumbnail","hentry"],"yoast_head":"<!-- This site is optimized with the Yoast SEO plugin v27.4 - https:\/\/yoast.com\/product\/yoast-seo-wordpress\/ -->\n<title>MANU NATIONAL PARK - Andean Top Expeditions<\/title>\n<meta name=\"description\" content=\"Discover the r wildlife of Manu national park with our exclusive tours. Explore the Amazon jungle, vibrant communities, and wild jungle.\" \/>\n<meta name=\"robots\" content=\"index, follow, max-snippet:-1, max-image-preview:large, max-video-preview:-1\" \/>\n<link rel=\"canonical\" href=\"https:\/\/andeantopexpeditions.com\/es\/peru-amazon-tours\/manu-national-park\/\" \/>\n<meta property=\"og:locale\" content=\"es_ES\" \/>\n<meta property=\"og:type\" content=\"article\" \/>\n<meta property=\"og:title\" content=\"MANU NATIONAL PARK - Andean Top Expeditions\" \/>\n<meta property=\"og:description\" content=\"Discover the r wildlife of Manu national park with our exclusive tours. Explore the Amazon jungle, vibrant communities, and wild jungle.\" \/>\n<meta property=\"og:url\" content=\"https:\/\/andeantopexpeditions.com\/es\/peru-amazon-tours\/manu-national-park\/\" \/>\n<meta property=\"og:site_name\" content=\"Andean Top Expeditions\" \/>\n<meta property=\"article:publisher\" content=\"https:\/\/www.facebook.com\/andeantopexpeditions\/?locale=es_LA\" \/>\n<meta property=\"article:modified_time\" content=\"2026-03-22T19:43:17+00:00\" \/>\n<meta property=\"og:image\" content=\"https:\/\/andeantopexpeditions.com\/wp-content\/uploads\/2024\/08\/TAMBOPATA-4.jpg\" \/>\n\t<meta property=\"og:image:width\" content=\"2160\" \/>\n\t<meta property=\"og:image:height\" content=\"1440\" \/>\n\t<meta property=\"og:image:type\" content=\"image\/jpeg\" \/>\n<meta name=\"twitter:card\" content=\"summary_large_image\" \/>\n<meta name=\"twitter:label1\" content=\"Est. reading time\" \/>\n\t<meta name=\"twitter:data1\" content=\"2 minutos\" \/>\n<script type=\"application\/ld+json\" class=\"yoast-schema-graph\">{\"@context\":\"https:\\\/\\\/schema.org\",\"@graph\":[{\"@type\":\"WebPage\",\"@id\":\"https:\\\/\\\/andeantopexpeditions.com\\\/peru-amazon-tours\\\/manu-national-park\\\/\",\"url\":\"https:\\\/\\\/andeantopexpeditions.com\\\/peru-amazon-tours\\\/manu-national-park\\\/\",\"name\":\"MANU NATIONAL PARK - Andean Top Expeditions\",\"isPartOf\":{\"@id\":\"https:\\\/\\\/andeantopexpeditions.com\\\/#website\"},\"primaryImageOfPage\":{\"@id\":\"https:\\\/\\\/andeantopexpeditions.com\\\/peru-amazon-tours\\\/manu-national-park\\\/#primaryimage\"},\"image\":{\"@id\":\"https:\\\/\\\/andeantopexpeditions.com\\\/peru-amazon-tours\\\/manu-national-park\\\/#primaryimage\"},\"thumbnailUrl\":\"https:\\\/\\\/andeantopexpeditions.com\\\/wp-content\\\/uploads\\\/2024\\\/08\\\/TAMBOPATA-4.jpg\",\"datePublished\":\"2024-08-24T02:53:11+00:00\",\"dateModified\":\"2026-03-22T19:43:17+00:00\",\"description\":\"Discover the r wildlife of Manu national park with our exclusive tours. Explore the Amazon jungle, vibrant communities, and wild jungle.\",\"breadcrumb\":{\"@id\":\"https:\\\/\\\/andeantopexpeditions.com\\\/peru-amazon-tours\\\/manu-national-park\\\/#breadcrumb\"},\"inLanguage\":\"es-PE\",\"potentialAction\":[{\"@type\":\"ReadAction\",\"target\":[\"https:\\\/\\\/andeantopexpeditions.com\\\/peru-amazon-tours\\\/manu-national-park\\\/\"]}]},{\"@type\":\"ImageObject\",\"inLanguage\":\"es-PE\",\"@id\":\"https:\\\/\\\/andeantopexpeditions.com\\\/peru-amazon-tours\\\/manu-national-park\\\/#primaryimage\",\"url\":\"https:\\\/\\\/andeantopexpeditions.com\\\/wp-content\\\/uploads\\\/2024\\\/08\\\/TAMBOPATA-4.jpg\",\"contentUrl\":\"https:\\\/\\\/andeantopexpeditions.com\\\/wp-content\\\/uploads\\\/2024\\\/08\\\/TAMBOPATA-4.jpg\",\"width\":2160,\"height\":1440,\"caption\":\"Manu National Park is home to diverse Amazon wildlife like monkeys and colorful birds\"},{\"@type\":\"BreadcrumbList\",\"@id\":\"https:\\\/\\\/andeantopexpeditions.com\\\/peru-amazon-tours\\\/manu-national-park\\\/#breadcrumb\",\"itemListElement\":[{\"@type\":\"ListItem\",\"position\":1,\"name\":\"Portada\",\"item\":\"https:\\\/\\\/andeantopexpeditions.com\\\/\"},{\"@type\":\"ListItem\",\"position\":2,\"name\":\"PERU AMAZON TOURS\",\"item\":\"https:\\\/\\\/andeantopexpeditions.com\\\/es\\\/peru-amazon-tours\\\/\"},{\"@type\":\"ListItem\",\"position\":3,\"name\":\"MANU NATIONAL PARK\"}]},{\"@type\":\"WebSite\",\"@id\":\"https:\\\/\\\/andeantopexpeditions.com\\\/#website\",\"url\":\"https:\\\/\\\/andeantopexpeditions.com\\\/\",\"name\":\"Andean top Expeditions\",\"description\":\"Travel &amp; Tour Booking Agency WordPress Theme\",\"publisher\":{\"@id\":\"https:\\\/\\\/andeantopexpeditions.com\\\/#organization\"},\"potentialAction\":[{\"@type\":\"SearchAction\",\"target\":{\"@type\":\"EntryPoint\",\"urlTemplate\":\"https:\\\/\\\/andeantopexpeditions.com\\\/?s={search_term_string}\"},\"query-input\":{\"@type\":\"PropertyValueSpecification\",\"valueRequired\":true,\"valueName\":\"search_term_string\"}}],\"inLanguage\":\"es-PE\"},{\"@type\":\"Organization\",\"@id\":\"https:\\\/\\\/andeantopexpeditions.com\\\/#organization\",\"name\":\"Andean top Expeditions\",\"url\":\"https:\\\/\\\/andeantopexpeditions.com\\\/\",\"logo\":{\"@type\":\"ImageObject\",\"inLanguage\":\"es-PE\",\"@id\":\"https:\\\/\\\/andeantopexpeditions.com\\\/#\\\/schema\\\/logo\\\/image\\\/\",\"url\":\"https:\\\/\\\/andeantopexpeditions.com\\\/wp-content\\\/uploads\\\/2024\\\/08\\\/andean-log.png\",\"contentUrl\":\"https:\\\/\\\/andeantopexpeditions.com\\\/wp-content\\\/uploads\\\/2024\\\/08\\\/andean-log.png\",\"width\":180,\"height\":60,\"caption\":\"Andean top Expeditions\"},\"image\":{\"@id\":\"https:\\\/\\\/andeantopexpeditions.com\\\/#\\\/schema\\\/logo\\\/image\\\/\"},\"sameAs\":[\"https:\\\/\\\/www.facebook.com\\\/andeantopexpeditions\\\/?locale=es_LA\",\"https:\\\/\\\/www.instagram.com\\\/andeantopexpeditions\\\/\",\"https:\\\/\\\/www.tripadvisor.co\\\/Attraction_Review-g294314-d15244712-Reviews-Andean_Top_Expeditions-Cusco_Cusco_Region.html\"]}]}<\/script>\n<!-- \/ Yoast SEO plugin. -->","yoast_head_json":{"title":"MANU NATIONAL PARK - Andean Top Expeditions","description":"Discover the r wildlife of Manu national park with our exclusive tours. Explore the Amazon jungle, vibrant communities, and wild jungle.","robots":{"index":"index","follow":"follow","max-snippet":"max-snippet:-1","max-image-preview":"max-image-preview:large","max-video-preview":"max-video-preview:-1"},"canonical":"https:\/\/andeantopexpeditions.com\/es\/peru-amazon-tours\/manu-national-park\/","og_locale":"es_ES","og_type":"article","og_title":"MANU NATIONAL PARK - Andean Top Expeditions","og_description":"Discover the r wildlife of Manu national park with our exclusive tours. Explore the Amazon jungle, vibrant communities, and wild jungle.","og_url":"https:\/\/andeantopexpeditions.com\/es\/peru-amazon-tours\/manu-national-park\/","og_site_name":"Andean Top Expeditions","article_publisher":"https:\/\/www.facebook.com\/andeantopexpeditions\/?locale=es_LA","article_modified_time":"2026-03-22T19:43:17+00:00","og_image":[{"width":2160,"height":1440,"url":"https:\/\/andeantopexpeditions.com\/wp-content\/uploads\/2024\/08\/TAMBOPATA-4.jpg","type":"image\/jpeg"}],"twitter_card":"summary_large_image","twitter_misc":{"Est. reading time":"2 minutos"},"schema":{"@context":"https:\/\/schema.org","@graph":[{"@type":"WebPage","@id":"https:\/\/andeantopexpeditions.com\/peru-amazon-tours\/manu-national-park\/","url":"https:\/\/andeantopexpeditions.com\/peru-amazon-tours\/manu-national-park\/","name":"MANU NATIONAL PARK - Andean Top Expeditions","isPartOf":{"@id":"https:\/\/andeantopexpeditions.com\/#website"},"primaryImageOfPage":{"@id":"https:\/\/andeantopexpeditions.com\/peru-amazon-tours\/manu-national-park\/#primaryimage"},"image":{"@id":"https:\/\/andeantopexpeditions.com\/peru-amazon-tours\/manu-national-park\/#primaryimage"},"thumbnailUrl":"https:\/\/andeantopexpeditions.com\/wp-content\/uploads\/2024\/08\/TAMBOPATA-4.jpg","datePublished":"2024-08-24T02:53:11+00:00","dateModified":"2026-03-22T19:43:17+00:00","description":"Discover the r wildlife of Manu national park with our exclusive tours. Explore the Amazon jungle, vibrant communities, and wild jungle.","breadcrumb":{"@id":"https:\/\/andeantopexpeditions.com\/peru-amazon-tours\/manu-national-park\/#breadcrumb"},"inLanguage":"es-PE","potentialAction":[{"@type":"ReadAction","target":["https:\/\/andeantopexpeditions.com\/peru-amazon-tours\/manu-national-park\/"]}]},{"@type":"ImageObject","inLanguage":"es-PE","@id":"https:\/\/andeantopexpeditions.com\/peru-amazon-tours\/manu-national-park\/#primaryimage","url":"https:\/\/andeantopexpeditions.com\/wp-content\/uploads\/2024\/08\/TAMBOPATA-4.jpg","contentUrl":"https:\/\/andeantopexpeditions.com\/wp-content\/uploads\/2024\/08\/TAMBOPATA-4.jpg","width":2160,"height":1440,"caption":"Manu National Park is home to diverse Amazon wildlife like monkeys and colorful birds"},{"@type":"BreadcrumbList","@id":"https:\/\/andeantopexpeditions.com\/peru-amazon-tours\/manu-national-park\/#breadcrumb","itemListElement":[{"@type":"ListItem","position":1,"name":"Portada","item":"https:\/\/andeantopexpeditions.com\/"},{"@type":"ListItem","position":2,"name":"PERU AMAZON TOURS","item":"https:\/\/andeantopexpeditions.com\/es\/peru-amazon-tours\/"},{"@type":"ListItem","position":3,"name":"MANU NATIONAL PARK"}]},{"@type":"WebSite","@id":"https:\/\/andeantopexpeditions.com\/#website","url":"https:\/\/andeantopexpeditions.com\/","name":"Andean top Expeditions","description":"Travel &amp; Tour Booking Agency WordPress Theme","publisher":{"@id":"https:\/\/andeantopexpeditions.com\/#organization"},"potentialAction":[{"@type":"SearchAction","target":{"@type":"EntryPoint","urlTemplate":"https:\/\/andeantopexpeditions.com\/?s={search_term_string}"},"query-input":{"@type":"PropertyValueSpecification","valueRequired":true,"valueName":"search_term_string"}}],"inLanguage":"es-PE"},{"@type":"Organization","@id":"https:\/\/andeantopexpeditions.com\/#organization","name":"Andean top Expeditions","url":"https:\/\/andeantopexpeditions.com\/","logo":{"@type":"ImageObject","inLanguage":"es-PE","@id":"https:\/\/andeantopexpeditions.com\/#\/schema\/logo\/image\/","url":"https:\/\/andeantopexpeditions.com\/wp-content\/uploads\/2024\/08\/andean-log.png","contentUrl":"https:\/\/andeantopexpeditions.com\/wp-content\/uploads\/2024\/08\/andean-log.png","width":180,"height":60,"caption":"Andean top Expeditions"},"image":{"@id":"https:\/\/andeantopexpeditions.com\/#\/schema\/logo\/image\/"},"sameAs":["https:\/\/www.facebook.com\/andeantopexpeditions\/?locale=es_LA","https:\/\/www.instagram.com\/andeantopexpeditions\/","https:\/\/www.tripadvisor.co\/Attraction_Review-g294314-d15244712-Reviews-Andean_Top_Expeditions-Cusco_Cusco_Region.html"]}]}},"_links":{"self":[{"href":"https:\/\/andeantopexpeditions.com\/es\/wp-json\/wp\/v2\/pages\/3860","targetHints":{"allow":["GET"]}}],"collection":[{"href":"https:\/\/andeantopexpeditions.com\/es\/wp-json\/wp\/v2\/pages"}],"about":[{"href":"https:\/\/andeantopexpeditions.com\/es\/wp-json\/wp\/v2\/types\/page"}],"author":[{"embeddable":true,"href":"https:\/\/andeantopexpeditions.com\/es\/wp-json\/wp\/v2\/users\/3"}],"replies":[{"embeddable":true,"href":"https:\/\/andeantopexpeditions.com\/es\/wp-json\/wp\/v2\/comments?post=3860"}],"version-history":[{"count":3,"href":"https:\/\/andeantopexpeditions.com\/es\/wp-json\/wp\/v2\/pages\/3860\/revisions"}],"predecessor-version":[{"id":16323,"href":"https:\/\/andeantopexpeditions.com\/es\/wp-json\/wp\/v2\/pages\/3860\/revisions\/16323"}],"up":[{"embeddable":true,"href":"https:\/\/andeantopexpeditions.com\/es\/wp-json\/wp\/v2\/pages\/1518"}],"wp:featuredmedia":[{"embeddable":true,"href":"https:\/\/andeantopexpeditions.com\/es\/wp-json\/wp\/v2\/media\/2824"}],"wp:attachment":[{"href":"https:\/\/andeantopexpeditions.com\/es\/wp-json\/wp\/v2\/media?parent=3860"}],"curies":[{"name":"wp","href":"https:\/\/api.w.org\/{rel}","templated":true}]}}