{"id":3859,"date":"2024-08-23T21:53:01","date_gmt":"2024-08-24T02:53:01","guid":{"rendered":"https:\/\/andeantopexpeditions.com\/?page_id=3859"},"modified":"2026-03-22T14:44:14","modified_gmt":"2026-03-22T19:44:14","slug":"tambopata-national-reserve","status":"publish","type":"page","link":"https:\/\/andeantopexpeditions.com\/es\/peru-amazon-tours\/tambopata-national-reserve\/","title":{"rendered":"TAMBOPATA NATIONAL RESERVE"},"content":{"rendered":"<div data-elementor-type=\"wp-page\" data-elementor-id=\"3859\" class=\"elementor elementor-3859\" data-elementor-post-type=\"page\">\n\t\t\t\t\r\n\t\t<section class=\"elementor-section elementor-top-section elementor-element elementor-element-af7cc2c elementor-section-height-full elementor-section-stretched elementor-section-boxed elementor-section-height-default elementor-section-items-middle elementor-invisible\" data-id=\"af7cc2c\" data-element_type=\"section\" data-e-type=\"section\" data-settings=\"{&quot;background_background&quot;:&quot;classic&quot;,&quot;animation&quot;:&quot;fadeIn&quot;,&quot;stretch_section&quot;:&quot;section-stretched&quot;}\">\n\t\t\t\t\t\t\t<div class=\"elementor-background-overlay\"><\/div>\n\t\t\t\t\t\t\t<div class=\"elementor-container elementor-column-gap-no\">\n\t\t\t\t\t<div class=\"elementor-column elementor-col-100 elementor-top-column elementor-element elementor-element-7a374c9\" data-id=\"7a374c9\" data-element_type=\"column\" data-e-type=\"column\">\n\t\t\t<div class=\"elementor-widget-wrap elementor-element-populated\">\n\t\t\t\t\t\t<div class=\"elementor-element elementor-element-9b1d429 elementor-widget elementor-widget-spacer\" data-id=\"9b1d429\" data-element_type=\"widget\" data-e-type=\"widget\" data-widget_type=\"spacer.default\">\n\t\t\t\t<div class=\"elementor-widget-container\">\n\t\t\t\t\t\t\t<div class=\"elementor-spacer\">\n\t\t\t<div class=\"elementor-spacer-inner\"><\/div>\n\t\t<\/div>\n\t\t\t\t\t\t<\/div>\n\t\t\t\t<\/div>\n\t\t\t\t<div class=\"elementor-element elementor-element-40172cb elementor-invisible elementor-widget elementor-widget-heading\" data-id=\"40172cb\" data-element_type=\"widget\" data-e-type=\"widget\" data-settings=\"{&quot;_animation&quot;:&quot;fadeInUp&quot;}\" data-widget_type=\"heading.default\">\n\t\t\t\t<div class=\"elementor-widget-container\">\n\t\t\t\t\t<h1 class=\"elementor-heading-title elementor-size-default\">TAMBOPATA NATIONAL RESERVE<\/h1>\t\t\t\t<\/div>\n\t\t\t\t<\/div>\n\t\t\t\t<div class=\"elementor-element elementor-element-03dd978 elementor-invisible elementor-widget elementor-widget-heading\" data-id=\"03dd978\" data-element_type=\"widget\" data-e-type=\"widget\" data-settings=\"{&quot;_animation&quot;:&quot;fadeInUp&quot;}\" data-widget_type=\"heading.default\">\n\t\t\t\t<div class=\"elementor-widget-container\">\n\t\t\t\t\t<h3 class=\"elementor-heading-title elementor-size-default\">Explora la cultura, historia y naturaleza del Per\u00fa con nuestros tours<\/h3>\t\t\t\t<\/div>\n\t\t\t\t<\/div>\n\t\t\t\t\t<\/div>\n\t\t<\/div>\n\t\t\t\t\t<\/div>\n\t\t<\/section>\n\t\t\t\t<section class=\"elementor-section elementor-top-section elementor-element elementor-element-5e9de9a elementor-section-boxed elementor-section-height-default elementor-section-height-default\" data-id=\"5e9de9a\" data-element_type=\"section\" data-e-type=\"section\" data-settings=\"{&quot;background_background&quot;:&quot;classic&quot;}\">\n\t\t\t\t\t\t<div class=\"elementor-container elementor-column-gap-extended\">\n\t\t\t\t\t<div class=\"elementor-column elementor-col-100 elementor-top-column elementor-element elementor-element-122c345\" data-id=\"122c345\" data-element_type=\"column\" data-e-type=\"column\">\n\t\t\t<div class=\"elementor-widget-wrap elementor-element-populated\">\n\t\t\t\t\r\n\t\t<div class=\"elementor-element elementor-element-8523339 elementor-invisible elementor-widget elementor-widget-text-editor\" data-id=\"8523339\" data-element_type=\"widget\" data-e-type=\"widget\" data-settings=\"{&quot;_animation&quot;:&quot;fadeIn&quot;}\" data-widget_type=\"text-editor.default\">\n\t\t\t\t<div class=\"elementor-widget-container\">\n\t\t\t\t\t\t\t\t\t<div class=\"flex-shrink-0 flex flex-col relative items-end\"><div class=\"pt-0.5 juice:pt-0\"><div class=\"gizmo-bot-avatar flex h-6 w-6 items-center justify-center overflow-hidden rounded-full juice:h-8 juice:w-8\"><div class=\"relative p-1 rounded-sm flex items-center justify-center bg-token-main-surface-primary text-token-text-primary h-8 w-8\"><p class=\"p1\">Si buscas un destino que te permita experimentar la belleza natural de la Amazon\u00eda, este es el lugar perfecto para empezar. Escondida en el sureste de Per\u00fa, esta \u00e1rea protegida es un para\u00edso para los amantes de la naturaleza, ofreciendo una exuberante selva tropical, r\u00edos serpenteantes y una incre\u00edble variedad de vida silvestre. Aunque es menos conocida que otros lugares tur\u00edsticos peruanos, es sin duda una de las m\u00e1s inolvidables.<\/p><p class=\"p1\">Por ejemplo, podr\u00e1 observar coloridos guacamayos reunidos en collpas, caimanes descansando en las riberas y monos saltando entre las copas de los \u00e1rboles. Adem\u00e1s, la regi\u00f3n alberga cientos de especies de aves, mam\u00edferos raros y una vibrante flora. Adem\u00e1s, los alojamientos sostenibles y las visitas guiadas le permiten explorar de forma responsable, a la vez que apoya a las comunidades locales.<\/p><p class=\"p1\">Ya sea que viajes por aventura, por la fotograf\u00eda o simplemente por la tranquilidad, aqu\u00ed encontrar\u00e1s algo m\u00e1gico. Adem\u00e1s, la c\u00e1lida hospitalidad de los lugare\u00f1os a\u00f1ade a\u00fan m\u00e1s encanto a la experiencia, haciendo que tu estancia sea c\u00f3moda y significativa.<\/p><p class=\"p1\">Entonces, si est\u00e1s listo para explorar uno de los rincones con mayor biodiversidad del planeta, el <span class=\"s1\"><b>Tambopata National Reserve<\/b><\/span> te espera. Para mapas, detalles de conservaci\u00f3n y pautas de viaje, visita <a href=\"https:\/\/www.gob.pe\/institucion\/sernanp\/informes-publicaciones\/1793047-reserva-nacional-tambopata\">SERNANP \u2013 Tambopata Reserve Info<\/a>.<\/p><p class=\"p1\">Tu viaje por el Amazonas comienza aqu\u00ed: salvaje, vivo y absolutamente inolvidable.<\/p><\/div><\/div><\/div><\/div>\t\t\t\t\t\t\t\t<\/div>\n\t\t\t\t<\/div>\n\t\t\t\t<div class=\"elementor-element elementor-element-3450ff4 elementor-invisible elementor-widget elementor-widget-heading\" data-id=\"3450ff4\" data-element_type=\"widget\" data-e-type=\"widget\" data-settings=\"{&quot;_animation&quot;:&quot;fadeInUp&quot;}\" data-widget_type=\"heading.default\">\n\t\t\t\t<div class=\"elementor-widget-container\">\n\t\t\t\t\t<h2 class=\"elementor-heading-title elementor-size-default\">TAMBOPATA NATIONAL RESERVE<\/h2>\t\t\t\t<\/div>\n\t\t\t\t<\/div>\n\t\t\t\t\t<\/div>\n\t\t<\/div>\n\t\t\t\t\t<\/div>\n\t\t<\/section>\n\t\t<div class=\"elementor-element elementor-element-bbe344b e-grid e-con-boxed e-con e-parent\" data-id=\"bbe344b\" data-element_type=\"container\" data-e-type=\"container\" data-settings=\"{&quot;background_background&quot;:&quot;classic&quot;}\">\n\t\t\t\t\t<div class=\"e-con-inner\">\n\t\t\t\t<div class=\"elementor-element elementor-element-81b8d9d elementor-cta--layout-image-above elementor-cta--skin-classic elementor-animated-content elementor-bg-transform elementor-bg-transform-zoom-in elementor-invisible elementor-widget elementor-widget-call-to-action\" data-id=\"81b8d9d\" data-element_type=\"widget\" data-e-type=\"widget\" data-settings=\"{&quot;_animation&quot;:&quot;fadeInUp&quot;}\" data-widget_type=\"call-to-action.default\">\n\t\t\t\t<div class=\"elementor-widget-container\">\n\t\t\t\t\t\t\t<div class=\"elementor-cta\">\n\t\t\t\t\t<div class=\"elementor-cta__bg-wrapper\">\n\t\t\t\t<div class=\"elementor-cta__bg elementor-bg\" style=\"background-image: url(https:\/\/andeantopexpeditions.com\/wp-content\/uploads\/2024\/08\/TAMBOPATA-2-1024x683.jpg);\" role=\"img\" aria-label=\"Sendero por la selva de Tambopata y el lago Sandoval a trav\u00e9s de la densa selva tropical\"><\/div>\n\t\t\t\t<div class=\"elementor-cta__bg-overlay\"><\/div>\n\t\t\t<\/div>\n\t\t\t\t\t\t\t<div class=\"elementor-cta__content\">\n\t\t\t\t\n\t\t\t\t\n\t\t\t\t\t\t\t\t\t<div class=\"elementor-cta__description elementor-cta__content-item elementor-content-item\">\n\t\t\t\t\t\tTambopata &amp; Sandoval lake: Nature<br> in 3 Days\t\t\t\t\t<\/div>\n\t\t\t\t\n\t\t\t\t\t\t\t\t\t<div class=\"elementor-cta__button-wrapper elementor-cta__content-item elementor-content-item\">\n\t\t\t\t\t<a class=\"elementor-cta__button elementor-button elementor-size-\" href=\"https:\/\/andeantopexpeditions.com\/es\/peru-amazon-tours\/tambopata-national-reserve\/tambopata-sandoval-lake-3-days\/\">\n\t\t\t\t\t\tDESCUBRIR\t\t\t\t\t<\/a>\n\t\t\t\t\t<\/div>\n\t\t\t\t\t\t\t<\/div>\n\t\t\t\t\t\t<\/div>\n\t\t\t\t\t\t<\/div>\n\t\t\t\t<\/div>\n\t\t\t\t<div class=\"elementor-element elementor-element-f59ea39 elementor-cta--layout-image-above elementor-cta--skin-classic elementor-animated-content elementor-bg-transform elementor-bg-transform-zoom-in elementor-invisible elementor-widget elementor-widget-call-to-action\" data-id=\"f59ea39\" data-element_type=\"widget\" data-e-type=\"widget\" data-settings=\"{&quot;_animation&quot;:&quot;fadeInUp&quot;}\" data-widget_type=\"call-to-action.default\">\n\t\t\t\t<div class=\"elementor-widget-container\">\n\t\t\t\t\t\t\t<div class=\"elementor-cta\">\n\t\t\t\t\t<div class=\"elementor-cta__bg-wrapper\">\n\t\t\t\t<div class=\"elementor-cta__bg elementor-bg\" style=\"background-image: url(https:\/\/andeantopexpeditions.com\/wp-content\/uploads\/2024\/08\/TAMBOPATA-4-1024x683.jpg);\" role=\"img\" aria-label=\"Parque Nacional del Manu, mono salvaje sentado en un \u00e1rbol en una exuberante selva tropical\"><\/div>\n\t\t\t\t<div class=\"elementor-cta__bg-overlay\"><\/div>\n\t\t\t<\/div>\n\t\t\t\t\t\t\t<div class=\"elementor-cta__content\">\n\t\t\t\t\n\t\t\t\t\n\t\t\t\t\t\t\t\t\t<div class=\"elementor-cta__description elementor-cta__content-item elementor-content-item\">\n\t\t\t\t\t\tExplora Tambopata y el lago Sandoval en 4 d\u00edas: Expedici\u00f3n por la selva\t\t\t\t\t<\/div>\n\t\t\t\t\n\t\t\t\t\t\t\t\t\t<div class=\"elementor-cta__button-wrapper elementor-cta__content-item elementor-content-item\">\n\t\t\t\t\t<a class=\"elementor-cta__button elementor-button elementor-size-\" href=\"https:\/\/andeantopexpeditions.com\/es\/peru-amazon-tours\/tambopata-national-reserve\/tambopata-sandoval-lake-jungle-expedition-4-days\/\">\n\t\t\t\t\t\tDESCUBRIR\t\t\t\t\t<\/a>\n\t\t\t\t\t<\/div>\n\t\t\t\t\t\t\t<\/div>\n\t\t\t\t\t\t<\/div>\n\t\t\t\t\t\t<\/div>\n\t\t\t\t<\/div>\n\t\t\t\t<div class=\"elementor-element elementor-element-17f36ec elementor-cta--layout-image-above elementor-cta--skin-classic elementor-animated-content elementor-bg-transform elementor-bg-transform-zoom-in elementor-invisible elementor-widget elementor-widget-call-to-action\" data-id=\"17f36ec\" data-element_type=\"widget\" data-e-type=\"widget\" data-settings=\"{&quot;_animation&quot;:&quot;fadeInUp&quot;}\" data-widget_type=\"call-to-action.default\">\n\t\t\t\t<div class=\"elementor-widget-container\">\n\t\t\t\t\t\t\t<div class=\"elementor-cta\">\n\t\t\t\t\t<div class=\"elementor-cta__bg-wrapper\">\n\t\t\t\t<div class=\"elementor-cta__bg elementor-bg\" style=\"background-image: url(https:\/\/andeantopexpeditions.com\/wp-content\/uploads\/2024\/08\/TAMBOPATA-1-1024x681.jpg);\" role=\"img\" aria-label=\"TAMBOPATA 1\"><\/div>\n\t\t\t\t<div class=\"elementor-cta__bg-overlay\"><\/div>\n\t\t\t<\/div>\n\t\t\t\t\t\t\t<div class=\"elementor-cta__content\">\n\t\t\t\t\n\t\t\t\t\n\t\t\t\t\t\t\t\t\t<div class=\"elementor-cta__description elementor-cta__content-item elementor-content-item\">\n\t\t\t\t\t\tCollpa de Guacamayos de Tambopata: Experiencia de 2 d\u00edas en la selva peruana\n\t\t\t\t\t<\/div>\n\t\t\t\t\n\t\t\t\t\t\t\t\t\t<div class=\"elementor-cta__button-wrapper elementor-cta__content-item elementor-content-item\">\n\t\t\t\t\t<a class=\"elementor-cta__button elementor-button elementor-size-\" href=\"https:\/\/andeantopexpeditions.com\/es\/peru-amazon-tours\/tambopata-national-reserve\/macaw-clay-lick-tambopata\/\">\n\t\t\t\t\t\tDESCUBRIR\t\t\t\t\t<\/a>\n\t\t\t\t\t<\/div>\n\t\t\t\t\t\t\t<\/div>\n\t\t\t\t\t\t<\/div>\n\t\t\t\t\t\t<\/div>\n\t\t\t\t<\/div>\n\t\t\t\t\t<\/div>\n\t\t\t\t<\/div>\n\t\t\t\t<\/div>","protected":false},"excerpt":{"rendered":"<p>TAMBOPATA NATIONAL RESERVE Explore the culture, history and nature of Peru with our tours If you\u2019re looking for a destination that brings you face-to-face with the raw beauty of the Amazon, this is the perfect place to begin. Tucked away in southeastern Peru, this protected area is a paradise for nature lovers, offering lush rainforest,&#8230;<\/p>","protected":false},"author":3,"featured_media":8609,"parent":1518,"menu_order":0,"comment_status":"closed","ping_status":"closed","template":"elementor_header_footer","meta":{"footnotes":""},"class_list":["post-3859","page","type-page","status-publish","has-post-thumbnail","hentry"],"yoast_head":"<!-- This site is optimized with the Yoast SEO plugin v27.2 - https:\/\/yoast.com\/product\/yoast-seo-wordpress\/ -->\n<title>TAMBOPATA NATIONAL RESERVE - Andean Top Expeditions<\/title>\n<meta name=\"description\" content=\"Discover the wonders of Tambopata national reserve: explore Peru&#039;s rich culture, history, and wildlife on a thrilling tour through the jungle\" \/>\n<meta name=\"robots\" content=\"index, follow, max-snippet:-1, max-image-preview:large, max-video-preview:-1\" \/>\n<link rel=\"canonical\" href=\"https:\/\/andeantopexpeditions.com\/es\/peru-amazon-tours\/tambopata-national-reserve\/\" \/>\n<meta property=\"og:locale\" content=\"es_ES\" \/>\n<meta property=\"og:type\" content=\"article\" \/>\n<meta property=\"og:title\" content=\"TAMBOPATA NATIONAL RESERVE - Andean Top Expeditions\" \/>\n<meta property=\"og:description\" content=\"Discover the wonders of Tambopata national reserve: explore Peru&#039;s rich culture, history, and wildlife on a thrilling tour through the jungle\" \/>\n<meta property=\"og:url\" content=\"https:\/\/andeantopexpeditions.com\/es\/peru-amazon-tours\/tambopata-national-reserve\/\" \/>\n<meta property=\"og:site_name\" content=\"Andean Top Expeditions\" \/>\n<meta property=\"article:publisher\" content=\"https:\/\/www.facebook.com\/andeantopexpeditions\/?locale=es_LA\" \/>\n<meta property=\"article:modified_time\" content=\"2026-03-22T19:44:14+00:00\" \/>\n<meta property=\"og:image\" content=\"https:\/\/andeantopexpeditions.com\/wp-content\/uploads\/2025\/06\/tambopata10.jpg\" \/>\n\t<meta property=\"og:image:width\" content=\"1000\" \/>\n\t<meta property=\"og:image:height\" content=\"563\" \/>\n\t<meta property=\"og:image:type\" content=\"image\/jpeg\" \/>\n<meta name=\"twitter:card\" content=\"summary_large_image\" \/>\n<meta name=\"twitter:label1\" content=\"Est. reading time\" \/>\n\t<meta name=\"twitter:data1\" content=\"2 minutos\" \/>\n<script type=\"application\/ld+json\" class=\"yoast-schema-graph\">{\"@context\":\"https:\/\/schema.org\",\"@graph\":[{\"@type\":\"WebPage\",\"@id\":\"https:\/\/andeantopexpeditions.com\/es\/peru-amazon-tours\/tambopata-national-reserve\/\",\"url\":\"https:\/\/andeantopexpeditions.com\/es\/peru-amazon-tours\/tambopata-national-reserve\/\",\"name\":\"TAMBOPATA NATIONAL RESERVE - Andean Top Expeditions\",\"isPartOf\":{\"@id\":\"https:\/\/andeantopexpeditions.com\/#website\"},\"primaryImageOfPage\":{\"@id\":\"https:\/\/andeantopexpeditions.com\/es\/peru-amazon-tours\/tambopata-national-reserve\/#primaryimage\"},\"image\":{\"@id\":\"https:\/\/andeantopexpeditions.com\/es\/peru-amazon-tours\/tambopata-national-reserve\/#primaryimage\"},\"thumbnailUrl\":\"https:\/\/andeantopexpeditions.com\/wp-content\/uploads\/2025\/06\/tambopata10.jpg\",\"datePublished\":\"2024-08-24T02:53:01+00:00\",\"dateModified\":\"2026-03-22T19:44:14+00:00\",\"description\":\"Discover the wonders of Tambopata national reserve: explore Peru's rich culture, history, and wildlife on a thrilling tour through the jungle\",\"breadcrumb\":{\"@id\":\"https:\/\/andeantopexpeditions.com\/es\/peru-amazon-tours\/tambopata-national-reserve\/#breadcrumb\"},\"inLanguage\":\"es-PE\",\"potentialAction\":[{\"@type\":\"ReadAction\",\"target\":[\"https:\/\/andeantopexpeditions.com\/es\/peru-amazon-tours\/tambopata-national-reserve\/\"]}]},{\"@type\":\"ImageObject\",\"inLanguage\":\"es-PE\",\"@id\":\"https:\/\/andeantopexpeditions.com\/es\/peru-amazon-tours\/tambopata-national-reserve\/#primaryimage\",\"url\":\"https:\/\/andeantopexpeditions.com\/wp-content\/uploads\/2025\/06\/tambopata10.jpg\",\"contentUrl\":\"https:\/\/andeantopexpeditions.com\/wp-content\/uploads\/2025\/06\/tambopata10.jpg\",\"width\":1000,\"height\":563,\"caption\":\"Tambopata National Reserve welcomes you with magical river views and untouched nature\"},{\"@type\":\"BreadcrumbList\",\"@id\":\"https:\/\/andeantopexpeditions.com\/es\/peru-amazon-tours\/tambopata-national-reserve\/#breadcrumb\",\"itemListElement\":[{\"@type\":\"ListItem\",\"position\":1,\"name\":\"Portada\",\"item\":\"https:\/\/andeantopexpeditions.com\/\"},{\"@type\":\"ListItem\",\"position\":2,\"name\":\"PERU AMAZON TOURS\",\"item\":\"https:\/\/andeantopexpeditions.com\/es\/peru-amazon-tours\/\"},{\"@type\":\"ListItem\",\"position\":3,\"name\":\"TAMBOPATA NATIONAL RESERVE\"}]},{\"@type\":\"WebSite\",\"@id\":\"https:\/\/andeantopexpeditions.com\/#website\",\"url\":\"https:\/\/andeantopexpeditions.com\/\",\"name\":\"Andean top Expeditions\",\"description\":\"Travel &amp; Tour Booking Agency WordPress Theme\",\"publisher\":{\"@id\":\"https:\/\/andeantopexpeditions.com\/#organization\"},\"potentialAction\":[{\"@type\":\"SearchAction\",\"target\":{\"@type\":\"EntryPoint\",\"urlTemplate\":\"https:\/\/andeantopexpeditions.com\/?s={search_term_string}\"},\"query-input\":{\"@type\":\"PropertyValueSpecification\",\"valueRequired\":true,\"valueName\":\"search_term_string\"}}],\"inLanguage\":\"es-PE\"},{\"@type\":\"Organization\",\"@id\":\"https:\/\/andeantopexpeditions.com\/#organization\",\"name\":\"Andean top Expeditions\",\"url\":\"https:\/\/andeantopexpeditions.com\/\",\"logo\":{\"@type\":\"ImageObject\",\"inLanguage\":\"es-PE\",\"@id\":\"https:\/\/andeantopexpeditions.com\/#\/schema\/logo\/image\/\",\"url\":\"https:\/\/andeantopexpeditions.com\/wp-content\/uploads\/2024\/08\/andean-log.png\",\"contentUrl\":\"https:\/\/andeantopexpeditions.com\/wp-content\/uploads\/2024\/08\/andean-log.png\",\"width\":180,\"height\":60,\"caption\":\"Andean top Expeditions\"},\"image\":{\"@id\":\"https:\/\/andeantopexpeditions.com\/#\/schema\/logo\/image\/\"},\"sameAs\":[\"https:\/\/www.facebook.com\/andeantopexpeditions\/?locale=es_LA\",\"https:\/\/www.instagram.com\/andeantopexpeditions\/\",\"https:\/\/www.tripadvisor.co\/Attraction_Review-g294314-d15244712-Reviews-Andean_Top_Expeditions-Cusco_Cusco_Region.html\"]}]}<\/script>\n<!-- \/ Yoast SEO plugin. -->","yoast_head_json":{"title":"TAMBOPATA NATIONAL RESERVE - Andean Top Expeditions","description":"Discover the wonders of Tambopata national reserve: explore Peru's rich culture, history, and wildlife on a thrilling tour through the jungle","robots":{"index":"index","follow":"follow","max-snippet":"max-snippet:-1","max-image-preview":"max-image-preview:large","max-video-preview":"max-video-preview:-1"},"canonical":"https:\/\/andeantopexpeditions.com\/es\/peru-amazon-tours\/tambopata-national-reserve\/","og_locale":"es_ES","og_type":"article","og_title":"TAMBOPATA NATIONAL RESERVE - Andean Top Expeditions","og_description":"Discover the wonders of Tambopata national reserve: explore Peru's rich culture, history, and wildlife on a thrilling tour through the jungle","og_url":"https:\/\/andeantopexpeditions.com\/es\/peru-amazon-tours\/tambopata-national-reserve\/","og_site_name":"Andean Top Expeditions","article_publisher":"https:\/\/www.facebook.com\/andeantopexpeditions\/?locale=es_LA","article_modified_time":"2026-03-22T19:44:14+00:00","og_image":[{"width":1000,"height":563,"url":"https:\/\/andeantopexpeditions.com\/wp-content\/uploads\/2025\/06\/tambopata10.jpg","type":"image\/jpeg"}],"twitter_card":"summary_large_image","twitter_misc":{"Est. reading time":"2 minutos"},"schema":{"@context":"https:\/\/schema.org","@graph":[{"@type":"WebPage","@id":"https:\/\/andeantopexpeditions.com\/es\/peru-amazon-tours\/tambopata-national-reserve\/","url":"https:\/\/andeantopexpeditions.com\/es\/peru-amazon-tours\/tambopata-national-reserve\/","name":"TAMBOPATA NATIONAL RESERVE - Andean Top Expeditions","isPartOf":{"@id":"https:\/\/andeantopexpeditions.com\/#website"},"primaryImageOfPage":{"@id":"https:\/\/andeantopexpeditions.com\/es\/peru-amazon-tours\/tambopata-national-reserve\/#primaryimage"},"image":{"@id":"https:\/\/andeantopexpeditions.com\/es\/peru-amazon-tours\/tambopata-national-reserve\/#primaryimage"},"thumbnailUrl":"https:\/\/andeantopexpeditions.com\/wp-content\/uploads\/2025\/06\/tambopata10.jpg","datePublished":"2024-08-24T02:53:01+00:00","dateModified":"2026-03-22T19:44:14+00:00","description":"Discover the wonders of Tambopata national reserve: explore Peru's rich culture, history, and wildlife on a thrilling tour through the jungle","breadcrumb":{"@id":"https:\/\/andeantopexpeditions.com\/es\/peru-amazon-tours\/tambopata-national-reserve\/#breadcrumb"},"inLanguage":"es-PE","potentialAction":[{"@type":"ReadAction","target":["https:\/\/andeantopexpeditions.com\/es\/peru-amazon-tours\/tambopata-national-reserve\/"]}]},{"@type":"ImageObject","inLanguage":"es-PE","@id":"https:\/\/andeantopexpeditions.com\/es\/peru-amazon-tours\/tambopata-national-reserve\/#primaryimage","url":"https:\/\/andeantopexpeditions.com\/wp-content\/uploads\/2025\/06\/tambopata10.jpg","contentUrl":"https:\/\/andeantopexpeditions.com\/wp-content\/uploads\/2025\/06\/tambopata10.jpg","width":1000,"height":563,"caption":"Tambopata National Reserve welcomes you with magical river views and untouched nature"},{"@type":"BreadcrumbList","@id":"https:\/\/andeantopexpeditions.com\/es\/peru-amazon-tours\/tambopata-national-reserve\/#breadcrumb","itemListElement":[{"@type":"ListItem","position":1,"name":"Portada","item":"https:\/\/andeantopexpeditions.com\/"},{"@type":"ListItem","position":2,"name":"PERU AMAZON TOURS","item":"https:\/\/andeantopexpeditions.com\/es\/peru-amazon-tours\/"},{"@type":"ListItem","position":3,"name":"TAMBOPATA NATIONAL RESERVE"}]},{"@type":"WebSite","@id":"https:\/\/andeantopexpeditions.com\/#website","url":"https:\/\/andeantopexpeditions.com\/","name":"Andean top Expeditions","description":"Travel &amp; Tour Booking Agency WordPress Theme","publisher":{"@id":"https:\/\/andeantopexpeditions.com\/#organization"},"potentialAction":[{"@type":"SearchAction","target":{"@type":"EntryPoint","urlTemplate":"https:\/\/andeantopexpeditions.com\/?s={search_term_string}"},"query-input":{"@type":"PropertyValueSpecification","valueRequired":true,"valueName":"search_term_string"}}],"inLanguage":"es-PE"},{"@type":"Organization","@id":"https:\/\/andeantopexpeditions.com\/#organization","name":"Andean top Expeditions","url":"https:\/\/andeantopexpeditions.com\/","logo":{"@type":"ImageObject","inLanguage":"es-PE","@id":"https:\/\/andeantopexpeditions.com\/#\/schema\/logo\/image\/","url":"https:\/\/andeantopexpeditions.com\/wp-content\/uploads\/2024\/08\/andean-log.png","contentUrl":"https:\/\/andeantopexpeditions.com\/wp-content\/uploads\/2024\/08\/andean-log.png","width":180,"height":60,"caption":"Andean top Expeditions"},"image":{"@id":"https:\/\/andeantopexpeditions.com\/#\/schema\/logo\/image\/"},"sameAs":["https:\/\/www.facebook.com\/andeantopexpeditions\/?locale=es_LA","https:\/\/www.instagram.com\/andeantopexpeditions\/","https:\/\/www.tripadvisor.co\/Attraction_Review-g294314-d15244712-Reviews-Andean_Top_Expeditions-Cusco_Cusco_Region.html"]}]}},"_links":{"self":[{"href":"https:\/\/andeantopexpeditions.com\/es\/wp-json\/wp\/v2\/pages\/3859","targetHints":{"allow":["GET"]}}],"collection":[{"href":"https:\/\/andeantopexpeditions.com\/es\/wp-json\/wp\/v2\/pages"}],"about":[{"href":"https:\/\/andeantopexpeditions.com\/es\/wp-json\/wp\/v2\/types\/page"}],"author":[{"embeddable":true,"href":"https:\/\/andeantopexpeditions.com\/es\/wp-json\/wp\/v2\/users\/3"}],"replies":[{"embeddable":true,"href":"https:\/\/andeantopexpeditions.com\/es\/wp-json\/wp\/v2\/comments?post=3859"}],"version-history":[{"count":6,"href":"https:\/\/andeantopexpeditions.com\/es\/wp-json\/wp\/v2\/pages\/3859\/revisions"}],"predecessor-version":[{"id":16330,"href":"https:\/\/andeantopexpeditions.com\/es\/wp-json\/wp\/v2\/pages\/3859\/revisions\/16330"}],"up":[{"embeddable":true,"href":"https:\/\/andeantopexpeditions.com\/es\/wp-json\/wp\/v2\/pages\/1518"}],"wp:featuredmedia":[{"embeddable":true,"href":"https:\/\/andeantopexpeditions.com\/es\/wp-json\/wp\/v2\/media\/8609"}],"wp:attachment":[{"href":"https:\/\/andeantopexpeditions.com\/es\/wp-json\/wp\/v2\/media?parent=3859"}],"curies":[{"name":"wp","href":"https:\/\/api.w.org\/{rel}","templated":true}]}}