{"id":3565,"date":"2024-08-19T16:29:16","date_gmt":"2024-08-19T21:29:16","guid":{"rendered":"https:\/\/andeantopexpeditions.com\/?page_id=3565"},"modified":"2026-03-22T14:49:15","modified_gmt":"2026-03-22T19:49:15","slug":"peru-routes","status":"publish","type":"page","link":"https:\/\/andeantopexpeditions.com\/es\/peru-packages\/peru-routes\/","title":{"rendered":"RUTAS DEL PER\u00da"},"content":{"rendered":"<div data-elementor-type=\"wp-page\" data-elementor-id=\"3565\" class=\"elementor elementor-3565\" data-elementor-post-type=\"page\">\n\t\t\t\t<div class=\"elementor-element elementor-element-36ac81b e-con-full e-flex e-con e-parent\" data-id=\"36ac81b\" data-element_type=\"container\" data-e-type=\"container\" data-settings=\"{&quot;background_background&quot;:&quot;classic&quot;}\">\n\t\t<div class=\"elementor-element elementor-element-29e16ca e-flex e-con-boxed e-con e-child\" data-id=\"29e16ca\" data-element_type=\"container\" data-e-type=\"container\">\n\t\t\t\t\t<div class=\"e-con-inner\">\n\t\t\t\t<div class=\"elementor-element elementor-element-8518138 elementor-widget elementor-widget-heading\" data-id=\"8518138\" data-element_type=\"widget\" data-e-type=\"widget\" data-widget_type=\"heading.default\">\n\t\t\t\t<div class=\"elementor-widget-container\">\n\t\t\t\t\t<h1 class=\"elementor-heading-title elementor-size-default\">RUTAS DEL PER\u00da<\/h1>\t\t\t\t<\/div>\n\t\t\t\t<\/div>\n\t\t\t\t<div class=\"elementor-element elementor-element-3227956 elementor-widget elementor-widget-heading\" data-id=\"3227956\" data-element_type=\"widget\" data-e-type=\"widget\" data-widget_type=\"heading.default\">\n\t\t\t\t<div class=\"elementor-widget-container\">\n\t\t\t\t\t<h2 class=\"elementor-heading-title elementor-size-default\">Explora lo mejor del Per\u00fa con nuestros paquetes tur\u00edsticos, llenos de aventura y cultura.<\/h2>\t\t\t\t<\/div>\n\t\t\t\t<\/div>\n\t\t\t\t\t<\/div>\n\t\t\t\t<\/div>\n\t\t\t\t<\/div>\n\t\t\t\t<section class=\"elementor-section elementor-top-section elementor-element elementor-element-befbe1b elementor-section-boxed elementor-section-height-default elementor-section-height-default\" data-id=\"befbe1b\" data-element_type=\"section\" data-e-type=\"section\" data-settings=\"{&quot;background_background&quot;:&quot;classic&quot;}\">\n\t\t\t\t\t\t<div class=\"elementor-container elementor-column-gap-extended\">\n\t\t\t\t\t<div class=\"elementor-column elementor-col-100 elementor-top-column elementor-element elementor-element-649d08f\" data-id=\"649d08f\" data-element_type=\"column\" data-e-type=\"column\">\n\t\t\t<div class=\"elementor-widget-wrap elementor-element-populated\">\n\t\t\t\t\r\n\t\t<div class=\"elementor-element elementor-element-886bb88 elementor-invisible elementor-widget elementor-widget-text-editor\" data-id=\"886bb88\" data-element_type=\"widget\" data-e-type=\"widget\" data-settings=\"{&quot;_animation&quot;:&quot;fadeIn&quot;}\" data-widget_type=\"text-editor.default\">\n\t\t\t\t<div class=\"elementor-widget-container\">\n\t\t\t\t\t\t\t\t\t<div class=\"flex-shrink-0 flex flex-col relative items-end\"><div class=\"pt-0.5 juice:pt-0\"><div class=\"gizmo-bot-avatar flex h-6 w-6 items-center justify-center overflow-hidden rounded-full juice:h-8 juice:w-8\"><div class=\"relative p-1 rounded-sm flex items-center justify-center bg-token-main-surface-primary text-token-text-primary h-8 w-8\"><p class=\"p1\">Si sue\u00f1as con aventura, cultura y naturaleza, nuestras completas RUTAS POR PER\u00da son la opci\u00f3n perfecta. Comienza tu viaje en Paracas con su vida marina y luego descubre el misterio de las L\u00edneas de Nazca. Despu\u00e9s, dir\u00edgete al sur hacia el lago Titicaca y sus islas flotantes llenas de tradici\u00f3n y color.<\/p><p class=\"p1\">Por supuesto, ning\u00fan viaje est\u00e1 completo sin Machu Picchu, el punto culminante de los Andes. Ya sea caminando o en tren, siempre impresiona. Mientras explora, no se pierda la arquitectura blanca de Arequipa ni las vistas al volc\u00e1n.<\/p><p class=\"p1\">Gracias a que nuestros tours est\u00e1n dise\u00f1ados con esmero, disfrutar\u00e1 de una planificaci\u00f3n fluida, gu\u00edas expertos e itinerarios que le ahorrar\u00e1n tiempo. Adem\u00e1s, nos adaptamos a su ritmo para que vea m\u00e1s y se estrese menos.<\/p><p class=\"p1\">Para descubrir a\u00fan m\u00e1s, visita el sitio web oficial de Peru Travel y comienza tu viaje. Desde maravillas costeras hasta ruinas antiguas, Per\u00fa lo tiene todo, y con nosotros, lo ver\u00e1s en su m\u00e1xima expresi\u00f3n.<\/p><\/div><\/div><\/div><\/div>\t\t\t\t\t\t\t\t<\/div>\n\t\t\t\t<\/div>\n\t\t\t\t\t<\/div>\n\t\t<\/div>\n\t\t\t\t\t<\/div>\n\t\t<\/section>\n\t\t\t\t<section class=\"elementor-section elementor-top-section elementor-element elementor-element-6af40e3 elementor-section-boxed elementor-section-height-default elementor-section-height-default\" data-id=\"6af40e3\" data-element_type=\"section\" data-e-type=\"section\" data-settings=\"{&quot;background_background&quot;:&quot;classic&quot;}\">\n\t\t\t\t\t\t<div class=\"elementor-container elementor-column-gap-extended\">\n\t\t\t\t\t<div class=\"elementor-column elementor-col-100 elementor-top-column elementor-element elementor-element-5678b97f\" data-id=\"5678b97f\" data-element_type=\"column\" data-e-type=\"column\">\n\t\t\t<div class=\"elementor-widget-wrap elementor-element-populated\">\n\t\t\t\t\t\t<div class=\"elementor-element elementor-element-1f70e49 elementor-widget elementor-widget-heading\" data-id=\"1f70e49\" data-element_type=\"widget\" data-e-type=\"widget\" data-widget_type=\"heading.default\">\n\t\t\t\t<div class=\"elementor-widget-container\">\n\t\t\t\t\t<h3 class=\"elementor-heading-title elementor-size-default\">TOURS<\/h3>\t\t\t\t<\/div>\n\t\t\t\t<\/div>\n\t\t\t\t\t<\/div>\n\t\t<\/div>\n\t\t\t\t\t<\/div>\n\t\t<\/section>\n\t\t<div class=\"elementor-element elementor-element-8477e61 e-grid e-con-boxed e-con e-parent\" data-id=\"8477e61\" data-element_type=\"container\" data-e-type=\"container\" data-settings=\"{&quot;background_background&quot;:&quot;classic&quot;}\">\n\t\t\t\t\t<div class=\"e-con-inner\">\n\t\t\t\t<div class=\"elementor-element elementor-element-d1891db elementor-cta--layout-image-above elementor-cta--skin-classic elementor-animated-content elementor-bg-transform elementor-bg-transform-zoom-in elementor-widget elementor-widget-call-to-action\" data-id=\"d1891db\" data-element_type=\"widget\" data-e-type=\"widget\" data-widget_type=\"call-to-action.default\">\n\t\t\t\t<div class=\"elementor-widget-container\">\n\t\t\t\t\t\t\t<div class=\"elementor-cta\">\n\t\t\t\t\t<div class=\"elementor-cta__bg-wrapper\">\n\t\t\t\t<div class=\"elementor-cta__bg elementor-bg\" style=\"background-image: url(https:\/\/andeantopexpeditions.com\/wp-content\/uploads\/2024\/08\/ollantaytambo-2-1024x683.jpg);\" role=\"img\" aria-label=\"ollantaytambo (2)\"><\/div>\n\t\t\t\t<div class=\"elementor-cta__bg-overlay\"><\/div>\n\t\t\t<\/div>\n\t\t\t\t\t\t\t<div class=\"elementor-cta__content\">\n\t\t\t\t\n\t\t\t\t\n\t\t\t\t\t\t\t\t\t<div class=\"elementor-cta__description elementor-cta__content-item elementor-content-item\">\n\t\t\t\t\t\tPer\u00fa M\u00e1gico 5 D\u00edas: Historia y Aventura Andina\t\t\t\t\t<\/div>\n\t\t\t\t\n\t\t\t\t\t\t\t\t\t<div class=\"elementor-cta__button-wrapper elementor-cta__content-item elementor-content-item\">\n\t\t\t\t\t<a class=\"elementor-cta__button elementor-button elementor-size-\" href=\"https:\/\/andeantopexpeditions.com\/es\/peru-packages\/peru-routes\/magical-peru-5-days-history-and-andean-adventure\/\">\n\t\t\t\t\t\tDESCUBRIR\t\t\t\t\t<\/a>\n\t\t\t\t\t<\/div>\n\t\t\t\t\t\t\t<\/div>\n\t\t\t\t\t\t<\/div>\n\t\t\t\t\t\t<\/div>\n\t\t\t\t<\/div>\n\t\t\t\t<div class=\"elementor-element elementor-element-bb9e17e elementor-cta--layout-image-above elementor-cta--skin-classic elementor-animated-content elementor-bg-transform elementor-bg-transform-zoom-in elementor-widget elementor-widget-call-to-action\" data-id=\"bb9e17e\" data-element_type=\"widget\" data-e-type=\"widget\" data-widget_type=\"call-to-action.default\">\n\t\t\t\t<div class=\"elementor-widget-container\">\n\t\t\t\t\t\t\t<div class=\"elementor-cta\">\n\t\t\t\t\t<div class=\"elementor-cta__bg-wrapper\">\n\t\t\t\t<div class=\"elementor-cta__bg elementor-bg\" style=\"background-image: url(https:\/\/andeantopexpeditions.com\/wp-content\/uploads\/2024\/07\/Machupicchu-1024x683.jpg);\" role=\"img\" aria-label=\"Vista panor\u00e1mica de Machupicchu durante un recorrido en tren de d\u00eda completo desde Cusco\"><\/div>\n\t\t\t\t<div class=\"elementor-cta__bg-overlay\"><\/div>\n\t\t\t<\/div>\n\t\t\t\t\t\t\t<div class=\"elementor-cta__content\">\n\t\t\t\t\n\t\t\t\t\n\t\t\t\t\t\t\t\t\t<div class=\"elementor-cta__description elementor-cta__content-item elementor-content-item\">\n\t\t\t\t\t\tPer\u00fa Tour de 6 d\u00edas: Lima, Cusco, Valle Sagrado y Machu Picchu\t\t\t\t\t<\/div>\n\t\t\t\t\n\t\t\t\t\t\t\t\t\t<div class=\"elementor-cta__button-wrapper elementor-cta__content-item elementor-content-item\">\n\t\t\t\t\t<a class=\"elementor-cta__button elementor-button elementor-size-\" href=\"https:\/\/andeantopexpeditions.com\/es\/peru-packages\/peru-routes\/peru-6-day-tour\/\">\n\t\t\t\t\t\tDESCUBRIR\t\t\t\t\t<\/a>\n\t\t\t\t\t<\/div>\n\t\t\t\t\t\t\t<\/div>\n\t\t\t\t\t\t<\/div>\n\t\t\t\t\t\t<\/div>\n\t\t\t\t<\/div>\n\t\t\t\t<div class=\"elementor-element elementor-element-d0d07a2 elementor-cta--layout-image-above elementor-cta--skin-classic elementor-animated-content elementor-bg-transform elementor-bg-transform-zoom-in elementor-widget elementor-widget-call-to-action\" data-id=\"d0d07a2\" data-element_type=\"widget\" data-e-type=\"widget\" data-widget_type=\"call-to-action.default\">\n\t\t\t\t<div class=\"elementor-widget-container\">\n\t\t\t\t\t\t\t<div class=\"elementor-cta\">\n\t\t\t\t\t<div class=\"elementor-cta__bg-wrapper\">\n\t\t\t\t<div class=\"elementor-cta__bg elementor-bg\" style=\"background-image: url(https:\/\/andeantopexpeditions.com\/wp-content\/uploads\/2024\/12\/Turistas-de-Andean-01.jpg);\" role=\"img\" aria-label=\"10 Reasons to choose andeantop expeditions\"><\/div>\n\t\t\t\t<div class=\"elementor-cta__bg-overlay\"><\/div>\n\t\t\t<\/div>\n\t\t\t\t\t\t\t<div class=\"elementor-cta__content\">\n\t\t\t\t\n\t\t\t\t\n\t\t\t\t\t\t\t\t\t<div class=\"elementor-cta__description elementor-cta__content-item elementor-content-item\">\n\t\t\t\t\t\tRuta Tur\u00edstica Sur del Per\u00fa 9 d\u00edas: Arequipa, Puno, Machu Picchu\t\t\t\t\t<\/div>\n\t\t\t\t\n\t\t\t\t\t\t\t\t\t<div class=\"elementor-cta__button-wrapper elementor-cta__content-item elementor-content-item\">\n\t\t\t\t\t<a class=\"elementor-cta__button elementor-button elementor-size-\" href=\"https:\/\/andeantopexpeditions.com\/es\/peru-packages\/peru-routes\/southern-peru-travel-route-9-days\/\">\n\t\t\t\t\t\tDESCUBRIR\t\t\t\t\t<\/a>\n\t\t\t\t\t<\/div>\n\t\t\t\t\t\t\t<\/div>\n\t\t\t\t\t\t<\/div>\n\t\t\t\t\t\t<\/div>\n\t\t\t\t<\/div>\n\t\t\t\t<div class=\"elementor-element elementor-element-d8ab94e elementor-widget elementor-widget-spacer\" data-id=\"d8ab94e\" data-element_type=\"widget\" data-e-type=\"widget\" data-widget_type=\"spacer.default\">\n\t\t\t\t<div class=\"elementor-widget-container\">\n\t\t\t\t\t\t\t<div class=\"elementor-spacer\">\n\t\t\t<div class=\"elementor-spacer-inner\"><\/div>\n\t\t<\/div>\n\t\t\t\t\t\t<\/div>\n\t\t\t\t<\/div>\n\t\t\t\t<div class=\"elementor-element elementor-element-7e71e48 elementor-cta--layout-image-above elementor-cta--skin-classic elementor-animated-content elementor-bg-transform elementor-bg-transform-zoom-in elementor-widget elementor-widget-call-to-action\" data-id=\"7e71e48\" data-element_type=\"widget\" data-e-type=\"widget\" data-widget_type=\"call-to-action.default\">\n\t\t\t\t<div class=\"elementor-widget-container\">\n\t\t\t\t\t\t\t<div class=\"elementor-cta\">\n\t\t\t\t\t<div class=\"elementor-cta__bg-wrapper\">\n\t\t\t\t<div class=\"elementor-cta__bg elementor-bg\" style=\"background-image: url(https:\/\/andeantopexpeditions.com\/wp-content\/uploads\/2024\/08\/lima2-1024x656.jpg);\" role=\"img\" aria-label=\"Explora Lima, la capital de Per\u00fa, conocida por su gastronom\u00eda de clase mundial y su historia colonial.\"><\/div>\n\t\t\t\t<div class=\"elementor-cta__bg-overlay\"><\/div>\n\t\t\t<\/div>\n\t\t\t\t\t\t\t<div class=\"elementor-cta__content\">\n\t\t\t\t\n\t\t\t\t\n\t\t\t\t\t\t\t\t\t<div class=\"elementor-cta__description elementor-cta__content-item elementor-content-item\">\n\t\t\t\t\t\tDescubre Per\u00fa 7 d\u00edas: Lima, Nazca, Valle Sagrado y Machu Picchu\t\t\t\t\t<\/div>\n\t\t\t\t\n\t\t\t\t\t\t\t\t\t<div class=\"elementor-cta__button-wrapper elementor-cta__content-item elementor-content-item\">\n\t\t\t\t\t<a class=\"elementor-cta__button elementor-button elementor-size-\" href=\"https:\/\/andeantopexpeditions.com\/es\/peru-packages\/peru-routes\/discover-peru-7-days\/\">\n\t\t\t\t\t\tDESCUBRIR\t\t\t\t\t<\/a>\n\t\t\t\t\t<\/div>\n\t\t\t\t\t\t\t<\/div>\n\t\t\t\t\t\t<\/div>\n\t\t\t\t\t\t<\/div>\n\t\t\t\t<\/div>\n\t\t\t\t\t<\/div>\n\t\t\t\t<\/div>\n\t\t<div class=\"elementor-element elementor-element-aa0c279 e-flex e-con-boxed e-con e-parent\" data-id=\"aa0c279\" data-element_type=\"container\" data-e-type=\"container\">\n\t\t\t\t\t<div class=\"e-con-inner\">\n\t\t\t\t<div class=\"elementor-element elementor-element-585012b elementor-widget elementor-widget-heading\" data-id=\"585012b\" data-element_type=\"widget\" data-e-type=\"widget\" data-widget_type=\"heading.default\">\n\t\t\t\t<div class=\"elementor-widget-container\">\n\t\t\t\t\t<span class=\"elementor-heading-title elementor-size-default\">Las rutas por Per\u00fa te invitan a descubrir un pa\u00eds lleno de contrastes, historia y paisajes inolvidables. Desde las alturas de Machu Picchu hasta las profundidades del Amazonas, cada ruta revela una maravilla diferente. Podr\u00e1s explorar el misticismo del Lago Titicaca, las dunas de Huacachina o la riqueza cultural del Cusco colonial. Cada destino combina tradici\u00f3n y aventura, permiti\u00e9ndote vivir experiencias \u00fanicas. Las rutas por Per\u00fa conectan no solo lugares, sino tambi\u00e9n emociones, sabores y leyendas. Con cada paso, te acercas a la esencia de este pa\u00eds vibrante y diverso. \u00bfListo para explorarlo todo?\n<\/span>\t\t\t\t<\/div>\n\t\t\t\t<\/div>\n\t\t\t\t\t<\/div>\n\t\t\t\t<\/div>\n\t\t\t\t<\/div>","protected":false},"excerpt":{"rendered":"<p>PERU ROUTES Explore the best of Peru with our tour packages, full of adventure and culture. If you\u2019re dreaming of adventure, culture, and nature, our complete PERU ROUTES are your perfect match. Start your journey in Paracas with its marine life, then uncover the mystery of the Nazca Lines. After that, head south to Lake&#8230;<\/p>","protected":false},"author":3,"featured_media":8048,"parent":1010,"menu_order":0,"comment_status":"closed","ping_status":"closed","template":"elementor_header_footer","meta":{"footnotes":""},"class_list":["post-3565","page","type-page","status-publish","has-post-thumbnail","hentry"],"yoast_head":"<!-- This site is optimized with the Yoast SEO plugin v27.4 - https:\/\/yoast.com\/product\/yoast-seo-wordpress\/ -->\n<title>PERU ROUTES - Andean Top Expeditions<\/title>\n<meta name=\"description\" content=\"Discover the best Peru routes for every traveler\u2014combining culture, adventure, and nature into unforgettable journeys across our country.\" \/>\n<meta name=\"robots\" content=\"index, follow, max-snippet:-1, max-image-preview:large, max-video-preview:-1\" \/>\n<link rel=\"canonical\" href=\"https:\/\/andeantopexpeditions.com\/es\/peru-packages\/peru-routes\/\" \/>\n<meta property=\"og:locale\" content=\"es_ES\" \/>\n<meta property=\"og:type\" content=\"article\" \/>\n<meta property=\"og:title\" content=\"PERU ROUTES - Andean Top Expeditions\" \/>\n<meta property=\"og:description\" content=\"Discover the best Peru routes for every traveler\u2014combining culture, adventure, and nature into unforgettable journeys across our country.\" \/>\n<meta property=\"og:url\" content=\"https:\/\/andeantopexpeditions.com\/es\/peru-packages\/peru-routes\/\" \/>\n<meta property=\"og:site_name\" content=\"Andean Top Expeditions\" \/>\n<meta property=\"article:publisher\" content=\"https:\/\/www.facebook.com\/andeantopexpeditions\/?locale=es_LA\" \/>\n<meta property=\"article:modified_time\" content=\"2026-03-22T19:49:15+00:00\" \/>\n<meta property=\"og:image\" content=\"https:\/\/andeantopexpeditions.com\/wp-content\/uploads\/2025\/06\/humantay1.jpg\" \/>\n\t<meta property=\"og:image:width\" content=\"1600\" \/>\n\t<meta property=\"og:image:height\" content=\"992\" \/>\n\t<meta property=\"og:image:type\" content=\"image\/jpeg\" \/>\n<meta name=\"twitter:card\" content=\"summary_large_image\" \/>\n<meta name=\"twitter:label1\" content=\"Est. reading time\" \/>\n\t<meta name=\"twitter:data1\" content=\"2 minutos\" \/>\n<script type=\"application\/ld+json\" class=\"yoast-schema-graph\">{\"@context\":\"https:\\\/\\\/schema.org\",\"@graph\":[{\"@type\":\"WebPage\",\"@id\":\"https:\\\/\\\/andeantopexpeditions.com\\\/es\\\/peru-packages\\\/peru-routes\\\/\",\"url\":\"https:\\\/\\\/andeantopexpeditions.com\\\/es\\\/peru-packages\\\/peru-routes\\\/\",\"name\":\"PERU ROUTES - Andean Top Expeditions\",\"isPartOf\":{\"@id\":\"https:\\\/\\\/andeantopexpeditions.com\\\/#website\"},\"primaryImageOfPage\":{\"@id\":\"https:\\\/\\\/andeantopexpeditions.com\\\/es\\\/peru-packages\\\/peru-routes\\\/#primaryimage\"},\"image\":{\"@id\":\"https:\\\/\\\/andeantopexpeditions.com\\\/es\\\/peru-packages\\\/peru-routes\\\/#primaryimage\"},\"thumbnailUrl\":\"https:\\\/\\\/andeantopexpeditions.com\\\/wp-content\\\/uploads\\\/2025\\\/06\\\/humantay1.jpg\",\"datePublished\":\"2024-08-19T21:29:16+00:00\",\"dateModified\":\"2026-03-22T19:49:15+00:00\",\"description\":\"Discover the best Peru routes for every traveler\u2014combining culture, adventure, and nature into unforgettable journeys across our country.\",\"breadcrumb\":{\"@id\":\"https:\\\/\\\/andeantopexpeditions.com\\\/es\\\/peru-packages\\\/peru-routes\\\/#breadcrumb\"},\"inLanguage\":\"es-PE\",\"potentialAction\":[{\"@type\":\"ReadAction\",\"target\":[\"https:\\\/\\\/andeantopexpeditions.com\\\/es\\\/peru-packages\\\/peru-routes\\\/\"]}]},{\"@type\":\"ImageObject\",\"inLanguage\":\"es-PE\",\"@id\":\"https:\\\/\\\/andeantopexpeditions.com\\\/es\\\/peru-packages\\\/peru-routes\\\/#primaryimage\",\"url\":\"https:\\\/\\\/andeantopexpeditions.com\\\/wp-content\\\/uploads\\\/2025\\\/06\\\/humantay1.jpg\",\"contentUrl\":\"https:\\\/\\\/andeantopexpeditions.com\\\/wp-content\\\/uploads\\\/2025\\\/06\\\/humantay1.jpg\",\"width\":1600,\"height\":992,\"caption\":\"PERU ROUTES invites you to experience the breathtaking beauty of Humantay Lake, where crystal-clear turquoise waters meet the towering Andean peaks. This image captures the peaceful connection between travelers and nature, a perfect stop on your unforgettable route through Peru.\"},{\"@type\":\"BreadcrumbList\",\"@id\":\"https:\\\/\\\/andeantopexpeditions.com\\\/es\\\/peru-packages\\\/peru-routes\\\/#breadcrumb\",\"itemListElement\":[{\"@type\":\"ListItem\",\"position\":1,\"name\":\"Portada\",\"item\":\"https:\\\/\\\/andeantopexpeditions.com\\\/\"},{\"@type\":\"ListItem\",\"position\":2,\"name\":\"PERU PACKAGES\",\"item\":\"https:\\\/\\\/andeantopexpeditions.com\\\/pt\\\/peru-packages\\\/\"},{\"@type\":\"ListItem\",\"position\":3,\"name\":\"PERU ROUTES\"}]},{\"@type\":\"WebSite\",\"@id\":\"https:\\\/\\\/andeantopexpeditions.com\\\/#website\",\"url\":\"https:\\\/\\\/andeantopexpeditions.com\\\/\",\"name\":\"Andean top Expeditions\",\"description\":\"Travel &amp; Tour Booking Agency WordPress Theme\",\"publisher\":{\"@id\":\"https:\\\/\\\/andeantopexpeditions.com\\\/#organization\"},\"potentialAction\":[{\"@type\":\"SearchAction\",\"target\":{\"@type\":\"EntryPoint\",\"urlTemplate\":\"https:\\\/\\\/andeantopexpeditions.com\\\/?s={search_term_string}\"},\"query-input\":{\"@type\":\"PropertyValueSpecification\",\"valueRequired\":true,\"valueName\":\"search_term_string\"}}],\"inLanguage\":\"es-PE\"},{\"@type\":\"Organization\",\"@id\":\"https:\\\/\\\/andeantopexpeditions.com\\\/#organization\",\"name\":\"Andean top Expeditions\",\"url\":\"https:\\\/\\\/andeantopexpeditions.com\\\/\",\"logo\":{\"@type\":\"ImageObject\",\"inLanguage\":\"es-PE\",\"@id\":\"https:\\\/\\\/andeantopexpeditions.com\\\/#\\\/schema\\\/logo\\\/image\\\/\",\"url\":\"https:\\\/\\\/andeantopexpeditions.com\\\/wp-content\\\/uploads\\\/2024\\\/08\\\/andean-log.png\",\"contentUrl\":\"https:\\\/\\\/andeantopexpeditions.com\\\/wp-content\\\/uploads\\\/2024\\\/08\\\/andean-log.png\",\"width\":180,\"height\":60,\"caption\":\"Andean top Expeditions\"},\"image\":{\"@id\":\"https:\\\/\\\/andeantopexpeditions.com\\\/#\\\/schema\\\/logo\\\/image\\\/\"},\"sameAs\":[\"https:\\\/\\\/www.facebook.com\\\/andeantopexpeditions\\\/?locale=es_LA\",\"https:\\\/\\\/www.instagram.com\\\/andeantopexpeditions\\\/\",\"https:\\\/\\\/www.tripadvisor.co\\\/Attraction_Review-g294314-d15244712-Reviews-Andean_Top_Expeditions-Cusco_Cusco_Region.html\"]}]}<\/script>\n<!-- \/ Yoast SEO plugin. -->","yoast_head_json":{"title":"PERU ROUTES - Andean Top Expeditions","description":"Discover the best Peru routes for every traveler\u2014combining culture, adventure, and nature into unforgettable journeys across our country.","robots":{"index":"index","follow":"follow","max-snippet":"max-snippet:-1","max-image-preview":"max-image-preview:large","max-video-preview":"max-video-preview:-1"},"canonical":"https:\/\/andeantopexpeditions.com\/es\/peru-packages\/peru-routes\/","og_locale":"es_ES","og_type":"article","og_title":"PERU ROUTES - Andean Top Expeditions","og_description":"Discover the best Peru routes for every traveler\u2014combining culture, adventure, and nature into unforgettable journeys across our country.","og_url":"https:\/\/andeantopexpeditions.com\/es\/peru-packages\/peru-routes\/","og_site_name":"Andean Top Expeditions","article_publisher":"https:\/\/www.facebook.com\/andeantopexpeditions\/?locale=es_LA","article_modified_time":"2026-03-22T19:49:15+00:00","og_image":[{"width":1600,"height":992,"url":"https:\/\/andeantopexpeditions.com\/wp-content\/uploads\/2025\/06\/humantay1.jpg","type":"image\/jpeg"}],"twitter_card":"summary_large_image","twitter_misc":{"Est. reading time":"2 minutos"},"schema":{"@context":"https:\/\/schema.org","@graph":[{"@type":"WebPage","@id":"https:\/\/andeantopexpeditions.com\/es\/peru-packages\/peru-routes\/","url":"https:\/\/andeantopexpeditions.com\/es\/peru-packages\/peru-routes\/","name":"PERU ROUTES - Andean Top Expeditions","isPartOf":{"@id":"https:\/\/andeantopexpeditions.com\/#website"},"primaryImageOfPage":{"@id":"https:\/\/andeantopexpeditions.com\/es\/peru-packages\/peru-routes\/#primaryimage"},"image":{"@id":"https:\/\/andeantopexpeditions.com\/es\/peru-packages\/peru-routes\/#primaryimage"},"thumbnailUrl":"https:\/\/andeantopexpeditions.com\/wp-content\/uploads\/2025\/06\/humantay1.jpg","datePublished":"2024-08-19T21:29:16+00:00","dateModified":"2026-03-22T19:49:15+00:00","description":"Discover the best Peru routes for every traveler\u2014combining culture, adventure, and nature into unforgettable journeys across our country.","breadcrumb":{"@id":"https:\/\/andeantopexpeditions.com\/es\/peru-packages\/peru-routes\/#breadcrumb"},"inLanguage":"es-PE","potentialAction":[{"@type":"ReadAction","target":["https:\/\/andeantopexpeditions.com\/es\/peru-packages\/peru-routes\/"]}]},{"@type":"ImageObject","inLanguage":"es-PE","@id":"https:\/\/andeantopexpeditions.com\/es\/peru-packages\/peru-routes\/#primaryimage","url":"https:\/\/andeantopexpeditions.com\/wp-content\/uploads\/2025\/06\/humantay1.jpg","contentUrl":"https:\/\/andeantopexpeditions.com\/wp-content\/uploads\/2025\/06\/humantay1.jpg","width":1600,"height":992,"caption":"PERU ROUTES invites you to experience the breathtaking beauty of Humantay Lake, where crystal-clear turquoise waters meet the towering Andean peaks. This image captures the peaceful connection between travelers and nature, a perfect stop on your unforgettable route through Peru."},{"@type":"BreadcrumbList","@id":"https:\/\/andeantopexpeditions.com\/es\/peru-packages\/peru-routes\/#breadcrumb","itemListElement":[{"@type":"ListItem","position":1,"name":"Portada","item":"https:\/\/andeantopexpeditions.com\/"},{"@type":"ListItem","position":2,"name":"PERU PACKAGES","item":"https:\/\/andeantopexpeditions.com\/pt\/peru-packages\/"},{"@type":"ListItem","position":3,"name":"PERU ROUTES"}]},{"@type":"WebSite","@id":"https:\/\/andeantopexpeditions.com\/#website","url":"https:\/\/andeantopexpeditions.com\/","name":"Andean top Expeditions","description":"Travel &amp; Tour Booking Agency WordPress Theme","publisher":{"@id":"https:\/\/andeantopexpeditions.com\/#organization"},"potentialAction":[{"@type":"SearchAction","target":{"@type":"EntryPoint","urlTemplate":"https:\/\/andeantopexpeditions.com\/?s={search_term_string}"},"query-input":{"@type":"PropertyValueSpecification","valueRequired":true,"valueName":"search_term_string"}}],"inLanguage":"es-PE"},{"@type":"Organization","@id":"https:\/\/andeantopexpeditions.com\/#organization","name":"Andean top Expeditions","url":"https:\/\/andeantopexpeditions.com\/","logo":{"@type":"ImageObject","inLanguage":"es-PE","@id":"https:\/\/andeantopexpeditions.com\/#\/schema\/logo\/image\/","url":"https:\/\/andeantopexpeditions.com\/wp-content\/uploads\/2024\/08\/andean-log.png","contentUrl":"https:\/\/andeantopexpeditions.com\/wp-content\/uploads\/2024\/08\/andean-log.png","width":180,"height":60,"caption":"Andean top Expeditions"},"image":{"@id":"https:\/\/andeantopexpeditions.com\/#\/schema\/logo\/image\/"},"sameAs":["https:\/\/www.facebook.com\/andeantopexpeditions\/?locale=es_LA","https:\/\/www.instagram.com\/andeantopexpeditions\/","https:\/\/www.tripadvisor.co\/Attraction_Review-g294314-d15244712-Reviews-Andean_Top_Expeditions-Cusco_Cusco_Region.html"]}]}},"_links":{"self":[{"href":"https:\/\/andeantopexpeditions.com\/es\/wp-json\/wp\/v2\/pages\/3565","targetHints":{"allow":["GET"]}}],"collection":[{"href":"https:\/\/andeantopexpeditions.com\/es\/wp-json\/wp\/v2\/pages"}],"about":[{"href":"https:\/\/andeantopexpeditions.com\/es\/wp-json\/wp\/v2\/types\/page"}],"author":[{"embeddable":true,"href":"https:\/\/andeantopexpeditions.com\/es\/wp-json\/wp\/v2\/users\/3"}],"replies":[{"embeddable":true,"href":"https:\/\/andeantopexpeditions.com\/es\/wp-json\/wp\/v2\/comments?post=3565"}],"version-history":[{"count":3,"href":"https:\/\/andeantopexpeditions.com\/es\/wp-json\/wp\/v2\/pages\/3565\/revisions"}],"predecessor-version":[{"id":16336,"href":"https:\/\/andeantopexpeditions.com\/es\/wp-json\/wp\/v2\/pages\/3565\/revisions\/16336"}],"up":[{"embeddable":true,"href":"https:\/\/andeantopexpeditions.com\/es\/wp-json\/wp\/v2\/pages\/1010"}],"wp:featuredmedia":[{"embeddable":true,"href":"https:\/\/andeantopexpeditions.com\/es\/wp-json\/wp\/v2\/media\/8048"}],"wp:attachment":[{"href":"https:\/\/andeantopexpeditions.com\/es\/wp-json\/wp\/v2\/media?parent=3565"}],"curies":[{"name":"wp","href":"https:\/\/api.w.org\/{rel}","templated":true}]}}