{"id":2086,"date":"2024-07-19T10:45:32","date_gmt":"2024-07-19T15:45:32","guid":{"rendered":"https:\/\/andeantopexpeditions.com\/?page_id=2086"},"modified":"2026-03-22T14:39:35","modified_gmt":"2026-03-22T19:39:35","slug":"huaraz","status":"publish","type":"page","link":"https:\/\/andeantopexpeditions.com\/es\/peru\/huaraz\/","title":{"rendered":"HUARAZ"},"content":{"rendered":"<div data-elementor-type=\"wp-page\" data-elementor-id=\"2086\" class=\"elementor elementor-2086\" data-elementor-post-type=\"page\">\n\t\t\t\t\t\t<section class=\"elementor-section elementor-top-section elementor-element elementor-element-af7cc2c elementor-section-height-full elementor-section-stretched elementor-section-boxed elementor-section-height-default elementor-section-items-middle elementor-invisible\" data-id=\"af7cc2c\" data-element_type=\"section\" data-e-type=\"section\" data-settings=\"{&quot;background_background&quot;:&quot;classic&quot;,&quot;animation&quot;:&quot;fadeIn&quot;,&quot;stretch_section&quot;:&quot;section-stretched&quot;}\">\n\t\t\t\t\t\t\t<div class=\"elementor-background-overlay\"><\/div>\n\t\t\t\t\t\t\t<div class=\"elementor-container elementor-column-gap-no\">\n\t\t\t\t\t<div class=\"elementor-column elementor-col-100 elementor-top-column elementor-element elementor-element-7a374c9\" data-id=\"7a374c9\" data-element_type=\"column\" data-e-type=\"column\">\n\t\t\t<div class=\"elementor-widget-wrap elementor-element-populated\">\n\t\t\t\t\t\t<div class=\"elementor-element elementor-element-9b1d429 elementor-widget elementor-widget-spacer\" data-id=\"9b1d429\" data-element_type=\"widget\" data-e-type=\"widget\" data-widget_type=\"spacer.default\">\n\t\t\t\t<div class=\"elementor-widget-container\">\n\t\t\t\t\t\t\t<div class=\"elementor-spacer\">\n\t\t\t<div class=\"elementor-spacer-inner\"><\/div>\n\t\t<\/div>\n\t\t\t\t\t\t<\/div>\n\t\t\t\t<\/div>\n\t\t\t\t<div class=\"elementor-element elementor-element-40172cb elementor-invisible elementor-widget elementor-widget-heading\" data-id=\"40172cb\" data-element_type=\"widget\" data-e-type=\"widget\" data-settings=\"{&quot;_animation&quot;:&quot;fadeInUp&quot;}\" data-widget_type=\"heading.default\">\n\t\t\t\t<div class=\"elementor-widget-container\">\n\t\t\t\t\t<h1 class=\"elementor-heading-title elementor-size-default\">HUARAZ<\/h1>\t\t\t\t<\/div>\n\t\t\t\t<\/div>\n\t\t\t\t<div class=\"elementor-element elementor-element-03dd978 elementor-invisible elementor-widget elementor-widget-heading\" data-id=\"03dd978\" data-element_type=\"widget\" data-e-type=\"widget\" data-settings=\"{&quot;_animation&quot;:&quot;fadeInUp&quot;}\" data-widget_type=\"heading.default\">\n\t\t\t\t<div class=\"elementor-widget-container\">\n\t\t\t\t\t<h2 class=\"elementor-heading-title elementor-size-default\">Explora la cultura, historia y naturaleza del Per\u00fa con nuestros tours<\/h2>\t\t\t\t<\/div>\n\t\t\t\t<\/div>\n\t\t\t\t\t<\/div>\n\t\t<\/div>\n\t\t\t\t\t<\/div>\n\t\t<\/section>\n\t\t\t\t<section class=\"elementor-section elementor-top-section elementor-element elementor-element-2c45a86 elementor-section-boxed elementor-section-height-default elementor-section-height-default\" data-id=\"2c45a86\" data-element_type=\"section\" data-e-type=\"section\" data-settings=\"{&quot;background_background&quot;:&quot;classic&quot;}\">\n\t\t\t\t\t\t<div class=\"elementor-container elementor-column-gap-extended\">\n\t\t\t\t\t<div class=\"elementor-column elementor-col-100 elementor-top-column elementor-element elementor-element-fa60356\" data-id=\"fa60356\" data-element_type=\"column\" data-e-type=\"column\">\n\t\t\t<div class=\"elementor-widget-wrap elementor-element-populated\">\n\t\t\t\t\r\n\t\t<div class=\"elementor-element elementor-element-81c798a elementor-invisible elementor-widget elementor-widget-text-editor\" data-id=\"81c798a\" data-element_type=\"widget\" data-e-type=\"widget\" data-settings=\"{&quot;_animation&quot;:&quot;fadeIn&quot;}\" data-widget_type=\"text-editor.default\">\n\t\t\t\t<div class=\"elementor-widget-container\">\n\t\t\t\t\t\t\t\t\t<div class=\"flex-shrink-0 flex flex-col relative items-end\"><div class=\"pt-0.5 juice:pt-0\"><div class=\"gizmo-bot-avatar flex h-6 w-6 items-center justify-center overflow-hidden rounded-full juice:h-8 juice:w-8\"><div class=\"relative p-1 rounded-sm flex items-center justify-center bg-token-main-surface-primary text-token-text-primary h-8 w-8\"><p class=\"p2\">Si buscas tu pr\u00f3xima gran escapada a la monta\u00f1a, Huaraz podr\u00eda ser la joya escondida que has estado buscando. Se encuentra en el coraz\u00f3n de los Andes peruanos. Esta ciudad de gran altitud es famosa por sus impresionantes paisajes, la amabilidad de sus habitantes y el acceso a espectaculares rutas de senderismo en Sudam\u00e9rica. Ya sea que disfrutes del senderismo, el monta\u00f1ismo o simplemente disfrutar de vistas majestuosas, este lugar tiene algo para ti.<\/p><p class=\"p2\">Podr\u00e1s explorar destinos como la Laguna 69, el Glaciar Pastoruri y la Cordillera Blanca. Todos est\u00e1n a un corto viaje de la ciudad. El ambiente relajado te permitir\u00e1 desconectar despu\u00e9s de un d\u00eda de aventuras. Acogedores caf\u00e9s, mercados locales y museos culturales enriquecer\u00e1n tu visita.<\/p><p class=\"p2\">Si planeas un viaje a Per\u00fa, no te pierdas esta regi\u00f3n. Para conocer rutas de viaje, el clima y mapas de senderos, consulta el sitio web oficial del Parque Nacional Huascar\u00e1n. Los mejores viajes suelen comenzar en lugares que te sorprenden. Este est\u00e1 listo para hacerlo.\u00a0 <a href=\"https:\/\/www.gob.pe\/promperu\">Promper\u00fa<\/a><\/p><\/div><\/div><\/div><\/div>\t\t\t\t\t\t\t\t<\/div>\n\t\t\t\t<\/div>\n\t\t\t\t<div class=\"elementor-element elementor-element-22f90ab elementor-invisible elementor-widget elementor-widget-heading\" data-id=\"22f90ab\" data-element_type=\"widget\" data-e-type=\"widget\" data-settings=\"{&quot;_animation&quot;:&quot;fadeInUp&quot;}\" data-widget_type=\"heading.default\">\n\t\t\t\t<div class=\"elementor-widget-container\">\n\t\t\t\t\t<h3 class=\"elementor-heading-title elementor-size-default\">TOURS<\/h3>\t\t\t\t<\/div>\n\t\t\t\t<\/div>\n\t\t\t\t\t<\/div>\n\t\t<\/div>\n\t\t\t\t\t<\/div>\n\t\t<\/section>\n\t\t<div class=\"elementor-element elementor-element-3244cd1 e-grid e-con-boxed e-con e-parent\" data-id=\"3244cd1\" data-element_type=\"container\" data-e-type=\"container\" data-settings=\"{&quot;background_background&quot;:&quot;classic&quot;}\">\n\t\t\t\t\t<div class=\"e-con-inner\">\n\t\t\t\t<div class=\"elementor-element elementor-element-b271443 elementor-cta--layout-image-above elementor-cta--skin-classic elementor-animated-content elementor-bg-transform elementor-bg-transform-zoom-in elementor-invisible elementor-widget elementor-widget-call-to-action\" data-id=\"b271443\" data-element_type=\"widget\" data-e-type=\"widget\" data-settings=\"{&quot;_animation&quot;:&quot;fadeInUp&quot;}\" data-widget_type=\"call-to-action.default\">\n\t\t\t\t<div class=\"elementor-widget-container\">\n\t\t\t\t\t\t\t<div class=\"elementor-cta\">\n\t\t\t\t\t<div class=\"elementor-cta__bg-wrapper\">\n\t\t\t\t<div class=\"elementor-cta__bg elementor-bg\" style=\"background-image: url(https:\/\/andeantopexpeditions.com\/wp-content\/uploads\/2024\/08\/huaraz-3-1024x684.jpg);\" role=\"img\" aria-label=\"Huaraz 3\"><\/div>\n\t\t\t\t<div class=\"elementor-cta__bg-overlay\"><\/div>\n\t\t\t<\/div>\n\t\t\t\t\t\t\t<div class=\"elementor-cta__content\">\n\t\t\t\t\n\t\t\t\t\n\t\t\t\t\t\t\t\t\t<div class=\"elementor-cta__description elementor-cta__content-item elementor-content-item\">\n\t\t\t\t\t\tHuaraz Laguna 69 tour-<br> full day\t\t\t\t\t<\/div>\n\t\t\t\t\n\t\t\t\t\t\t\t\t\t<div class=\"elementor-cta__button-wrapper elementor-cta__content-item elementor-content-item\">\n\t\t\t\t\t<a class=\"elementor-cta__button elementor-button elementor-size-\" href=\"https:\/\/andeantopexpeditions.com\/es\/peru\/huaraz\/laguna-69-tour-huaraz\/\">\n\t\t\t\t\t\tDESCUBRIR\t\t\t\t\t<\/a>\n\t\t\t\t\t<\/div>\n\t\t\t\t\t\t\t<\/div>\n\t\t\t\t\t\t<\/div>\n\t\t\t\t\t\t<\/div>\n\t\t\t\t<\/div>\n\t\t\t\t<div class=\"elementor-element elementor-element-dd0b62b elementor-cta--layout-image-above elementor-cta--skin-classic elementor-animated-content elementor-bg-transform elementor-bg-transform-zoom-in elementor-invisible elementor-widget elementor-widget-call-to-action\" data-id=\"dd0b62b\" data-element_type=\"widget\" data-e-type=\"widget\" data-settings=\"{&quot;_animation&quot;:&quot;fadeInUp&quot;}\" data-widget_type=\"call-to-action.default\">\n\t\t\t\t<div class=\"elementor-widget-container\">\n\t\t\t\t\t\t\t<div class=\"elementor-cta\">\n\t\t\t\t\t<div class=\"elementor-cta__bg-wrapper\">\n\t\t\t\t<div class=\"elementor-cta__bg elementor-bg\" style=\"background-image: url(https:\/\/andeantopexpeditions.com\/wp-content\/uploads\/2024\/08\/huaraz-1024x768.jpg);\" role=\"img\" aria-label=\"Explora Huaraz, la capital del senderismo del Per\u00fa y puerta de entrada a la Cordillera Blanca.\"><\/div>\n\t\t\t\t<div class=\"elementor-cta__bg-overlay\"><\/div>\n\t\t\t<\/div>\n\t\t\t\t\t\t\t<div class=\"elementor-cta__content\">\n\t\t\t\t\n\t\t\t\t\n\t\t\t\t\t\t\t\t\t<div class=\"elementor-cta__description elementor-cta__content-item elementor-content-item\">\n\t\t\t\t\t\tParon Lagoon Tour Huaraz | Full-Day Adventure in Huascar\u00e1n\t\t\t\t\t<\/div>\n\t\t\t\t\n\t\t\t\t\t\t\t\t\t<div class=\"elementor-cta__button-wrapper elementor-cta__content-item elementor-content-item\">\n\t\t\t\t\t<a class=\"elementor-cta__button elementor-button elementor-size-\" href=\"https:\/\/andeantopexpeditions.com\/es\/peru\/huaraz\/paron-lagoon-tour-full-day\/\">\n\t\t\t\t\t\tDESCUBRIR\t\t\t\t\t<\/a>\n\t\t\t\t\t<\/div>\n\t\t\t\t\t\t\t<\/div>\n\t\t\t\t\t\t<\/div>\n\t\t\t\t\t\t<\/div>\n\t\t\t\t<\/div>\n\t\t\t\t<div class=\"elementor-element elementor-element-2537be9 elementor-cta--layout-image-above elementor-cta--skin-classic elementor-animated-content elementor-bg-transform elementor-bg-transform-zoom-in elementor-invisible elementor-widget elementor-widget-call-to-action\" data-id=\"2537be9\" data-element_type=\"widget\" data-e-type=\"widget\" data-settings=\"{&quot;_animation&quot;:&quot;fadeInUp&quot;}\" data-widget_type=\"call-to-action.default\">\n\t\t\t\t<div class=\"elementor-widget-container\">\n\t\t\t\t\t\t\t<div class=\"elementor-cta\">\n\t\t\t\t\t<div class=\"elementor-cta__bg-wrapper\">\n\t\t\t\t<div class=\"elementor-cta__bg elementor-bg\" style=\"background-image: url(https:\/\/andeantopexpeditions.com\/wp-content\/uploads\/2024\/08\/chavindehuantar-1024x682.jpg);\" role=\"img\" aria-label=\"Chavindehu\u00e1ntar\"><\/div>\n\t\t\t\t<div class=\"elementor-cta__bg-overlay\"><\/div>\n\t\t\t<\/div>\n\t\t\t\t\t\t\t<div class=\"elementor-cta__content\">\n\t\t\t\t\n\t\t\t\t\n\t\t\t\t\t\t\t\t\t<div class=\"elementor-cta__description elementor-cta__content-item elementor-content-item\">\n\t\t\t\t\t\tTour Chav\u00edn de Hu\u00e1ntar desde Huaraz | Cultura antigua\t\t\t\t\t<\/div>\n\t\t\t\t\n\t\t\t\t\t\t\t\t\t<div class=\"elementor-cta__button-wrapper elementor-cta__content-item elementor-content-item\">\n\t\t\t\t\t<a class=\"elementor-cta__button elementor-button elementor-size-\" href=\"https:\/\/andeantopexpeditions.com\/es\/peru\/huaraz\/chavin-de-huantar-tour-from-huaraz\/\">\n\t\t\t\t\t\tDESCUBRIR\t\t\t\t\t<\/a>\n\t\t\t\t\t<\/div>\n\t\t\t\t\t\t\t<\/div>\n\t\t\t\t\t\t<\/div>\n\t\t\t\t\t\t<\/div>\n\t\t\t\t<\/div>\n\t\t\t\t\t<\/div>\n\t\t\t\t<\/div>\n\t\t<div class=\"elementor-element elementor-element-52a9a07 e-flex e-con-boxed e-con e-parent\" data-id=\"52a9a07\" data-element_type=\"container\" data-e-type=\"container\" data-settings=\"{&quot;background_background&quot;:&quot;classic&quot;}\">\n\t\t\t\t\t<div class=\"e-con-inner\">\n\t\t<div class=\"elementor-element elementor-element-b7d1390 e-con-full e-flex e-con e-child\" data-id=\"b7d1390\" data-element_type=\"container\" data-e-type=\"container\">\n\t\t\t\t<\/div>\n\t\t<div class=\"elementor-element elementor-element-eec8721 e-con-full e-flex e-con e-child\" data-id=\"eec8721\" data-element_type=\"container\" data-e-type=\"container\">\n\t\t\t\t<div class=\"elementor-element elementor-element-2dc81da elementor-cta--layout-image-above elementor-cta--skin-classic elementor-animated-content elementor-bg-transform elementor-bg-transform-zoom-in elementor-invisible elementor-widget elementor-widget-call-to-action\" data-id=\"2dc81da\" data-element_type=\"widget\" data-e-type=\"widget\" data-settings=\"{&quot;_animation&quot;:&quot;fadeInUp&quot;}\" data-widget_type=\"call-to-action.default\">\n\t\t\t\t<div class=\"elementor-widget-container\">\n\t\t\t\t\t\t\t<div class=\"elementor-cta\">\n\t\t\t\t\t<div class=\"elementor-cta__bg-wrapper\">\n\t\t\t\t<div class=\"elementor-cta__bg elementor-bg\" style=\"background-image: url(https:\/\/andeantopexpeditions.com\/wp-content\/uploads\/2024\/08\/huaraz-2-1024x684.jpg);\" role=\"img\" aria-label=\"Huaraz en Per\u00fa con la Cordillera Blanca y una caba\u00f1a andina tradicional con picos nevados.\"><\/div>\n\t\t\t\t<div class=\"elementor-cta__bg-overlay\"><\/div>\n\t\t\t<\/div>\n\t\t\t\t\t\t\t<div class=\"elementor-cta__content\">\n\t\t\t\t\n\t\t\t\t\n\t\t\t\t\t\t\t\t\t<div class=\"elementor-cta__description elementor-cta__content-item elementor-content-item\">\n\t\t\t\t\t\tExcursi\u00f3n de d\u00eda completo a la laguna de Llanganuco desde Huaraz\t\t\t\t\t<\/div>\n\t\t\t\t\n\t\t\t\t\t\t\t\t\t<div class=\"elementor-cta__button-wrapper elementor-cta__content-item elementor-content-item\">\n\t\t\t\t\t<a class=\"elementor-cta__button elementor-button elementor-size-\" href=\"https:\/\/andeantopexpeditions.com\/es\/peru\/huaraz\/llanganuco-lagoon-tour-huaraz-full-day\/\">\n\t\t\t\t\t\tDESCUBRIR\t\t\t\t\t<\/a>\n\t\t\t\t\t<\/div>\n\t\t\t\t\t\t\t<\/div>\n\t\t\t\t\t\t<\/div>\n\t\t\t\t\t\t<\/div>\n\t\t\t\t<\/div>\n\t\t\t\t<\/div>\n\t\t<div class=\"elementor-element elementor-element-6735037 e-con-full e-flex e-con e-child\" data-id=\"6735037\" data-element_type=\"container\" data-e-type=\"container\">\n\t\t\t\t<div class=\"elementor-element elementor-element-0d64640 elementor-cta--layout-image-above elementor-cta--skin-classic elementor-animated-content elementor-bg-transform elementor-bg-transform-zoom-in elementor-invisible elementor-widget elementor-widget-call-to-action\" data-id=\"0d64640\" data-element_type=\"widget\" data-e-type=\"widget\" data-settings=\"{&quot;_animation&quot;:&quot;fadeInUp&quot;}\" data-widget_type=\"call-to-action.default\">\n\t\t\t\t<div class=\"elementor-widget-container\">\n\t\t\t\t\t\t\t<div class=\"elementor-cta\">\n\t\t\t\t\t<div class=\"elementor-cta__bg-wrapper\">\n\t\t\t\t<div class=\"elementor-cta__bg elementor-bg\" style=\"background-image: url(https:\/\/andeantopexpeditions.com\/wp-content\/uploads\/2024\/08\/FULL-DAY-PASTORURI-GLACIERS-TOUR-1024x683.jpg);\" role=\"img\" aria-label=\"TOUR DE D\u00cdA COMPLETO A LOS GLACIARES PASTORURI\"><\/div>\n\t\t\t\t<div class=\"elementor-cta__bg-overlay\"><\/div>\n\t\t\t<\/div>\n\t\t\t\t\t\t\t<div class=\"elementor-cta__content\">\n\t\t\t\t\n\t\t\t\t\n\t\t\t\t\t\t\t\t\t<div class=\"elementor-cta__description elementor-cta__content-item elementor-content-item\">\n\t\t\t\t\t\tExcursi\u00f3n al Glaciar Pastoruri desde Huaraz | Caminata en hielo y aguas termales\n\t\t\t\t\t<\/div>\n\t\t\t\t\n\t\t\t\t\t\t\t\t\t<div class=\"elementor-cta__button-wrapper elementor-cta__content-item elementor-content-item\">\n\t\t\t\t\t<a class=\"elementor-cta__button elementor-button elementor-size-\" href=\"https:\/\/andeantopexpeditions.com\/es\/peru\/huaraz\/full-day-pastoruri-glaciers-tour\/\">\n\t\t\t\t\t\tDESCUBRIR\t\t\t\t\t<\/a>\n\t\t\t\t\t<\/div>\n\t\t\t\t\t\t\t<\/div>\n\t\t\t\t\t\t<\/div>\n\t\t\t\t\t\t<\/div>\n\t\t\t\t<\/div>\n\t\t\t\t<\/div>\n\t\t<div class=\"elementor-element elementor-element-502c941 e-con-full e-flex e-con e-child\" data-id=\"502c941\" data-element_type=\"container\" data-e-type=\"container\">\n\t\t\t\t<\/div>\n\t\t\t\t\t<\/div>\n\t\t\t\t<\/div>\n\t\t\t\t<\/div>","protected":false},"excerpt":{"rendered":"<p>HUARAZ Explore the culture, history and nature of Peru with our tours If you\u2019re looking for your next great mountain escape, Huaraz might be the hidden gem you\u2019ve been searching for. It is located in the heart of the Peruvian Andes. This high-altitude city is famous for its breathtaking scenery, friendly locals, and access to&#8230;<\/p>","protected":false},"author":3,"featured_media":3073,"parent":1584,"menu_order":0,"comment_status":"closed","ping_status":"closed","template":"elementor_header_footer","meta":{"footnotes":""},"class_list":["post-2086","page","type-page","status-publish","has-post-thumbnail","hentry"],"yoast_head":"<!-- This site is optimized with the Yoast SEO plugin v27.2 - https:\/\/yoast.com\/product\/yoast-seo-wordpress\/ -->\n<title>HUARAZ - Andean Top Expeditions<\/title>\n<meta name=\"description\" content=\"Discover Huaraz: explore Peru\u2019s rich culture, history, and breathtaking natural landscapes with our unforgettable tours\" \/>\n<meta name=\"robots\" content=\"index, follow, max-snippet:-1, max-image-preview:large, max-video-preview:-1\" \/>\n<link rel=\"canonical\" href=\"https:\/\/andeantopexpeditions.com\/es\/peru\/huaraz\/\" \/>\n<meta property=\"og:locale\" content=\"es_ES\" \/>\n<meta property=\"og:type\" content=\"article\" \/>\n<meta property=\"og:title\" content=\"HUARAZ - Andean Top Expeditions\" \/>\n<meta property=\"og:description\" content=\"Discover Huaraz: explore Peru\u2019s rich culture, history, and breathtaking natural landscapes with our unforgettable tours\" \/>\n<meta property=\"og:url\" content=\"https:\/\/andeantopexpeditions.com\/es\/peru\/huaraz\/\" \/>\n<meta property=\"og:site_name\" content=\"Andean Top Expeditions\" \/>\n<meta property=\"article:publisher\" content=\"https:\/\/www.facebook.com\/andeantopexpeditions\/?locale=es_LA\" \/>\n<meta property=\"article:modified_time\" content=\"2026-03-22T19:39:35+00:00\" \/>\n<meta property=\"og:image\" content=\"https:\/\/andeantopexpeditions.com\/wp-content\/uploads\/2024\/08\/huaraz-2.jpg\" \/>\n\t<meta property=\"og:image:width\" content=\"2560\" \/>\n\t<meta property=\"og:image:height\" content=\"1710\" \/>\n\t<meta property=\"og:image:type\" content=\"image\/jpeg\" \/>\n<meta name=\"twitter:card\" content=\"summary_large_image\" \/>\n<meta name=\"twitter:label1\" content=\"Est. reading time\" \/>\n\t<meta name=\"twitter:data1\" content=\"1 minuto\" \/>\n<script type=\"application\/ld+json\" class=\"yoast-schema-graph\">{\"@context\":\"https:\/\/schema.org\",\"@graph\":[{\"@type\":\"WebPage\",\"@id\":\"https:\/\/andeantopexpeditions.com\/pt\/peru\/huaraz\/\",\"url\":\"https:\/\/andeantopexpeditions.com\/pt\/peru\/huaraz\/\",\"name\":\"HUARAZ - Andean Top Expeditions\",\"isPartOf\":{\"@id\":\"https:\/\/andeantopexpeditions.com\/#website\"},\"primaryImageOfPage\":{\"@id\":\"https:\/\/andeantopexpeditions.com\/pt\/peru\/huaraz\/#primaryimage\"},\"image\":{\"@id\":\"https:\/\/andeantopexpeditions.com\/pt\/peru\/huaraz\/#primaryimage\"},\"thumbnailUrl\":\"https:\/\/andeantopexpeditions.com\/wp-content\/uploads\/2024\/08\/huaraz-2.jpg\",\"datePublished\":\"2024-07-19T15:45:32+00:00\",\"dateModified\":\"2026-03-22T19:39:35+00:00\",\"description\":\"Discover Huaraz: explore Peru\u2019s rich culture, history, and breathtaking natural landscapes with our unforgettable tours\",\"breadcrumb\":{\"@id\":\"https:\/\/andeantopexpeditions.com\/pt\/peru\/huaraz\/#breadcrumb\"},\"inLanguage\":\"es-PE\",\"potentialAction\":[{\"@type\":\"ReadAction\",\"target\":[\"https:\/\/andeantopexpeditions.com\/pt\/peru\/huaraz\/\"]}]},{\"@type\":\"ImageObject\",\"inLanguage\":\"es-PE\",\"@id\":\"https:\/\/andeantopexpeditions.com\/pt\/peru\/huaraz\/#primaryimage\",\"url\":\"https:\/\/andeantopexpeditions.com\/wp-content\/uploads\/2024\/08\/huaraz-2.jpg\",\"contentUrl\":\"https:\/\/andeantopexpeditions.com\/wp-content\/uploads\/2024\/08\/huaraz-2.jpg\",\"width\":2560,\"height\":1710,\"caption\":\"Huaraz is the starting point for unforgettable treks in the Cordillera Blanca, surrounded by snow-capped peaks and scenic valleys.\"},{\"@type\":\"BreadcrumbList\",\"@id\":\"https:\/\/andeantopexpeditions.com\/pt\/peru\/huaraz\/#breadcrumb\",\"itemListElement\":[{\"@type\":\"ListItem\",\"position\":1,\"name\":\"Portada\",\"item\":\"https:\/\/andeantopexpeditions.com\/\"},{\"@type\":\"ListItem\",\"position\":2,\"name\":\"PERU\",\"item\":\"https:\/\/andeantopexpeditions.com\/pt\/peru\/\"},{\"@type\":\"ListItem\",\"position\":3,\"name\":\"HUARAZ\"}]},{\"@type\":\"WebSite\",\"@id\":\"https:\/\/andeantopexpeditions.com\/#website\",\"url\":\"https:\/\/andeantopexpeditions.com\/\",\"name\":\"Andean top Expeditions\",\"description\":\"Travel &amp; Tour Booking Agency WordPress Theme\",\"publisher\":{\"@id\":\"https:\/\/andeantopexpeditions.com\/#organization\"},\"potentialAction\":[{\"@type\":\"SearchAction\",\"target\":{\"@type\":\"EntryPoint\",\"urlTemplate\":\"https:\/\/andeantopexpeditions.com\/?s={search_term_string}\"},\"query-input\":{\"@type\":\"PropertyValueSpecification\",\"valueRequired\":true,\"valueName\":\"search_term_string\"}}],\"inLanguage\":\"es-PE\"},{\"@type\":\"Organization\",\"@id\":\"https:\/\/andeantopexpeditions.com\/#organization\",\"name\":\"Andean top Expeditions\",\"url\":\"https:\/\/andeantopexpeditions.com\/\",\"logo\":{\"@type\":\"ImageObject\",\"inLanguage\":\"es-PE\",\"@id\":\"https:\/\/andeantopexpeditions.com\/#\/schema\/logo\/image\/\",\"url\":\"https:\/\/andeantopexpeditions.com\/wp-content\/uploads\/2024\/08\/andean-log.png\",\"contentUrl\":\"https:\/\/andeantopexpeditions.com\/wp-content\/uploads\/2024\/08\/andean-log.png\",\"width\":180,\"height\":60,\"caption\":\"Andean top Expeditions\"},\"image\":{\"@id\":\"https:\/\/andeantopexpeditions.com\/#\/schema\/logo\/image\/\"},\"sameAs\":[\"https:\/\/www.facebook.com\/andeantopexpeditions\/?locale=es_LA\",\"https:\/\/www.instagram.com\/andeantopexpeditions\/\",\"https:\/\/www.tripadvisor.co\/Attraction_Review-g294314-d15244712-Reviews-Andean_Top_Expeditions-Cusco_Cusco_Region.html\"]}]}<\/script>\n<!-- \/ Yoast SEO plugin. -->","yoast_head_json":{"title":"HUARAZ - Andean Top Expeditions","description":"Discover Huaraz: explore Peru\u2019s rich culture, history, and breathtaking natural landscapes with our unforgettable tours","robots":{"index":"index","follow":"follow","max-snippet":"max-snippet:-1","max-image-preview":"max-image-preview:large","max-video-preview":"max-video-preview:-1"},"canonical":"https:\/\/andeantopexpeditions.com\/es\/peru\/huaraz\/","og_locale":"es_ES","og_type":"article","og_title":"HUARAZ - Andean Top Expeditions","og_description":"Discover Huaraz: explore Peru\u2019s rich culture, history, and breathtaking natural landscapes with our unforgettable tours","og_url":"https:\/\/andeantopexpeditions.com\/es\/peru\/huaraz\/","og_site_name":"Andean Top Expeditions","article_publisher":"https:\/\/www.facebook.com\/andeantopexpeditions\/?locale=es_LA","article_modified_time":"2026-03-22T19:39:35+00:00","og_image":[{"width":2560,"height":1710,"url":"https:\/\/andeantopexpeditions.com\/wp-content\/uploads\/2024\/08\/huaraz-2.jpg","type":"image\/jpeg"}],"twitter_card":"summary_large_image","twitter_misc":{"Est. reading time":"1 minuto"},"schema":{"@context":"https:\/\/schema.org","@graph":[{"@type":"WebPage","@id":"https:\/\/andeantopexpeditions.com\/pt\/peru\/huaraz\/","url":"https:\/\/andeantopexpeditions.com\/pt\/peru\/huaraz\/","name":"HUARAZ - Andean Top Expeditions","isPartOf":{"@id":"https:\/\/andeantopexpeditions.com\/#website"},"primaryImageOfPage":{"@id":"https:\/\/andeantopexpeditions.com\/pt\/peru\/huaraz\/#primaryimage"},"image":{"@id":"https:\/\/andeantopexpeditions.com\/pt\/peru\/huaraz\/#primaryimage"},"thumbnailUrl":"https:\/\/andeantopexpeditions.com\/wp-content\/uploads\/2024\/08\/huaraz-2.jpg","datePublished":"2024-07-19T15:45:32+00:00","dateModified":"2026-03-22T19:39:35+00:00","description":"Discover Huaraz: explore Peru\u2019s rich culture, history, and breathtaking natural landscapes with our unforgettable tours","breadcrumb":{"@id":"https:\/\/andeantopexpeditions.com\/pt\/peru\/huaraz\/#breadcrumb"},"inLanguage":"es-PE","potentialAction":[{"@type":"ReadAction","target":["https:\/\/andeantopexpeditions.com\/pt\/peru\/huaraz\/"]}]},{"@type":"ImageObject","inLanguage":"es-PE","@id":"https:\/\/andeantopexpeditions.com\/pt\/peru\/huaraz\/#primaryimage","url":"https:\/\/andeantopexpeditions.com\/wp-content\/uploads\/2024\/08\/huaraz-2.jpg","contentUrl":"https:\/\/andeantopexpeditions.com\/wp-content\/uploads\/2024\/08\/huaraz-2.jpg","width":2560,"height":1710,"caption":"Huaraz is the starting point for unforgettable treks in the Cordillera Blanca, surrounded by snow-capped peaks and scenic valleys."},{"@type":"BreadcrumbList","@id":"https:\/\/andeantopexpeditions.com\/pt\/peru\/huaraz\/#breadcrumb","itemListElement":[{"@type":"ListItem","position":1,"name":"Portada","item":"https:\/\/andeantopexpeditions.com\/"},{"@type":"ListItem","position":2,"name":"PERU","item":"https:\/\/andeantopexpeditions.com\/pt\/peru\/"},{"@type":"ListItem","position":3,"name":"HUARAZ"}]},{"@type":"WebSite","@id":"https:\/\/andeantopexpeditions.com\/#website","url":"https:\/\/andeantopexpeditions.com\/","name":"Andean top Expeditions","description":"Travel &amp; Tour Booking Agency WordPress Theme","publisher":{"@id":"https:\/\/andeantopexpeditions.com\/#organization"},"potentialAction":[{"@type":"SearchAction","target":{"@type":"EntryPoint","urlTemplate":"https:\/\/andeantopexpeditions.com\/?s={search_term_string}"},"query-input":{"@type":"PropertyValueSpecification","valueRequired":true,"valueName":"search_term_string"}}],"inLanguage":"es-PE"},{"@type":"Organization","@id":"https:\/\/andeantopexpeditions.com\/#organization","name":"Andean top Expeditions","url":"https:\/\/andeantopexpeditions.com\/","logo":{"@type":"ImageObject","inLanguage":"es-PE","@id":"https:\/\/andeantopexpeditions.com\/#\/schema\/logo\/image\/","url":"https:\/\/andeantopexpeditions.com\/wp-content\/uploads\/2024\/08\/andean-log.png","contentUrl":"https:\/\/andeantopexpeditions.com\/wp-content\/uploads\/2024\/08\/andean-log.png","width":180,"height":60,"caption":"Andean top Expeditions"},"image":{"@id":"https:\/\/andeantopexpeditions.com\/#\/schema\/logo\/image\/"},"sameAs":["https:\/\/www.facebook.com\/andeantopexpeditions\/?locale=es_LA","https:\/\/www.instagram.com\/andeantopexpeditions\/","https:\/\/www.tripadvisor.co\/Attraction_Review-g294314-d15244712-Reviews-Andean_Top_Expeditions-Cusco_Cusco_Region.html"]}]}},"_links":{"self":[{"href":"https:\/\/andeantopexpeditions.com\/es\/wp-json\/wp\/v2\/pages\/2086","targetHints":{"allow":["GET"]}}],"collection":[{"href":"https:\/\/andeantopexpeditions.com\/es\/wp-json\/wp\/v2\/pages"}],"about":[{"href":"https:\/\/andeantopexpeditions.com\/es\/wp-json\/wp\/v2\/types\/page"}],"author":[{"embeddable":true,"href":"https:\/\/andeantopexpeditions.com\/es\/wp-json\/wp\/v2\/users\/3"}],"replies":[{"embeddable":true,"href":"https:\/\/andeantopexpeditions.com\/es\/wp-json\/wp\/v2\/comments?post=2086"}],"version-history":[{"count":3,"href":"https:\/\/andeantopexpeditions.com\/es\/wp-json\/wp\/v2\/pages\/2086\/revisions"}],"predecessor-version":[{"id":16305,"href":"https:\/\/andeantopexpeditions.com\/es\/wp-json\/wp\/v2\/pages\/2086\/revisions\/16305"}],"up":[{"embeddable":true,"href":"https:\/\/andeantopexpeditions.com\/es\/wp-json\/wp\/v2\/pages\/1584"}],"wp:featuredmedia":[{"embeddable":true,"href":"https:\/\/andeantopexpeditions.com\/es\/wp-json\/wp\/v2\/media\/3073"}],"wp:attachment":[{"href":"https:\/\/andeantopexpeditions.com\/es\/wp-json\/wp\/v2\/media?parent=2086"}],"curies":[{"name":"wp","href":"https:\/\/api.w.org\/{rel}","templated":true}]}}