{"id":15621,"date":"2026-03-14T15:59:13","date_gmt":"2026-03-14T20:59:13","guid":{"rendered":"https:\/\/andeantopexpeditions.com\/?page_id=15621"},"modified":"2026-03-14T16:00:55","modified_gmt":"2026-03-14T21:00:55","slug":"privacy-policy","status":"publish","type":"page","link":"https:\/\/andeantopexpeditions.com\/es\/privacy-policy\/","title":{"rendered":"pol\u00edtica de privacidad"},"content":{"rendered":"<div data-elementor-type=\"wp-page\" data-elementor-id=\"15621\" class=\"elementor elementor-15621\" data-elementor-post-type=\"page\">\n\t\t\t\t<div class=\"elementor-element elementor-element-1365cae e-con-full e-flex e-con e-parent\" data-id=\"1365cae\" data-element_type=\"container\" data-e-type=\"container\" data-settings=\"{&quot;background_background&quot;:&quot;classic&quot;}\">\n\t\t<div class=\"elementor-element elementor-element-f2fbed0 e-flex e-con-boxed e-con e-child\" data-id=\"f2fbed0\" data-element_type=\"container\" data-e-type=\"container\">\n\t\t\t\t\t<div class=\"e-con-inner\">\n\t\t\t\t<div class=\"elementor-element elementor-element-32f5e7a elementor-widget elementor-widget-heading\" data-id=\"32f5e7a\" data-element_type=\"widget\" data-e-type=\"widget\" data-widget_type=\"heading.default\">\n\t\t\t\t<div class=\"elementor-widget-container\">\n\t\t\t\t\t<h1 class=\"elementor-heading-title elementor-size-default\">pol\u00edtica de privacidad<\/h1>\t\t\t\t<\/div>\n\t\t\t\t<\/div>\n\t\t\t\t\t<\/div>\n\t\t\t\t<\/div>\n\t\t\t\t<\/div>\n\t\t<div class=\"elementor-element elementor-element-6df3fbe e-flex e-con-boxed e-con e-parent\" data-id=\"6df3fbe\" data-element_type=\"container\" data-e-type=\"container\">\n\t\t\t\t\t<div class=\"e-con-inner\">\n\t\t\r\n\t\t<div class=\"elementor-element elementor-element-1afa5b1 elementor-widget elementor-widget-text-editor\" data-id=\"1afa5b1\" data-element_type=\"widget\" data-e-type=\"widget\" data-widget_type=\"text-editor.default\">\n\t\t\t\t<div class=\"elementor-widget-container\">\n\t\t\t\t\t\t\t\t\t<h2>\u00a0<\/h2><h2 style=\"text-align: center;\"><strong><span style=\"color: #000080;\"><span style=\"color: #003366;\">POL\u00cdTICAS, CONDICIONES Y M\u00c9TODOS DE PAGO<\/span><\/span><\/strong><\/h2><p>En <strong>Andean Top EIRL<\/strong>Le garantizamos un servicio transparente y confiable para que disfrute de su viaje sin inconvenientes. A continuaci\u00f3n, le presentamos nuestras condiciones de reserva, cancelaci\u00f3n y pago.<\/p><p>AL REALIZAR EL PAGO, EL CLIENTE DECLARA HABER LE\u00cdDO, COMPRENDIDO Y ACEPTADO LAS POL\u00cdTICAS AQU\u00cd DESCRITAS. NO SE ACEPTAR\u00c1N RECLAMACIONES POSTERIORES POR DESCONOCIMIENTO DE ESTOS T\u00c9RMINOS.<\/p><ol><li><strong> Reservas y Pagos<\/strong><\/li><\/ol><p>Puedes reservar a trav\u00e9s de nuestra web, WhatsApp, email o en cualquiera de nuestras oficinas.<\/p><p>Para confirmar la reserva se requiere un dep\u00f3sito:<\/p><ul><li><strong>50% del total<\/strong> para paquetes que incluyen tours y alojamiento.<\/li><li><strong>100% del total<\/strong> para paquetes tur\u00edsticos que incluyen <strong>billetes de avi\u00f3n y billetes de tren<\/strong>.<\/li><\/ul><p>Una vez realizado el pago se deber\u00e1 enviar la siguiente informaci\u00f3n v\u00eda <strong>correo electr\u00f3nico, WhatsApp<\/strong>, o proporcionados en nuestras oficinas:<\/p><ul><li style=\"list-style-type: none;\"><ul><li>Fecha de viaje<\/li><li>Tour seleccionado<\/li><li>Recibo de pago<\/li><li>Nombres completos y n\u00famero de pasajeros<\/li><li>N\u00fameros de pasaporte<\/li><\/ul><\/li><\/ul><p>El saldo restante deber\u00e1 ser pagado <strong>24 horas antes del inicio del tour<\/strong>.<\/p><p>Los horarios de recogida ser\u00e1n proporcionados en detalle por el representante de ventas y ser\u00e1n reenviados v\u00eda <strong>correo electr\u00f3nico o WhatsApp<\/strong>.<\/p><ol start=\"2\"><li><strong> Modificaciones y cambios<\/strong><\/li><\/ol><p>Todas las cancelaciones y\/o cambios de servicio en <strong>paquetes tur\u00edsticos<\/strong> debe hacerse al menos <strong>31 d\u00edas de antelaci\u00f3n<\/strong> para evitar cualquier penalizaci\u00f3n. <em>(No aplica para boletos de ingreso a Machu Picchu, rutas del Camino Inca, tickets a\u00e9reos, tickets de tren, alojamiento, ni tickets de ingreso a sitios arqueol\u00f3gicos.)<\/em><\/p><p>Para <strong>excursiones de d\u00eda completo<\/strong>, todas las cancelaciones y\/o cambios <em>(excepto los relacionados con Machu Picchu)<\/em> debe hacerse al menos <strong>48 horas de antelaci\u00f3n<\/strong>.<\/p><ol start=\"3\"><li><strong> Cancelaciones y reembolsos<\/strong><\/li><\/ol><ul><li style=\"list-style-type: none;\"><ul><li><strong>M\u00e1s de 31 d\u00edas antes:<\/strong> Reembolso del 80%. <em>(No aplica para boletos de ingreso a Machu Picchu, rutas del Camino Inca, tickets a\u00e9reos, tickets de tren, alojamiento, ni tickets de ingreso a sitios arqueol\u00f3gicos.)<\/em><\/li><li><strong>Entre 30 y 15 d\u00edas antes:<\/strong> Reembolso del 50%.<\/li><li><strong>Menos de 15 d\u00edas antes:<\/strong> No hay reembolso.<\/li><li><strong>Cancelaciones con menos de 24 horas de aviso<\/strong> ser\u00e1 considerado <strong>NO PRESENTACI\u00d3N<\/strong> <em>(no se permiten reembolsos ni reprogramaciones).<\/em><\/li><\/ul><\/li><\/ul><p><strong>Importante:<\/strong> Los reembolsos se hacen <strong>no<\/strong> Aplican en caso de inasistencia, retrasos, cambios de planes de \u00faltima hora o problemas de transporte. Tampoco aplican en situaciones imprevistas como condiciones clim\u00e1ticas adversas, huelgas o cierres de carreteras. Recomendamos planificar con antelaci\u00f3n para disfrutar al m\u00e1ximo de su experiencia.<\/p><p>Los beneficios no aplican para vuelos internacionales desde o hacia Per\u00fa. Si necesita asistencia para un vuelo internacional o nacional dentro de Per\u00fa, debe comprar su boleto de inmediato, preferiblemente el mismo d\u00eda de la solicitud o, de ser posible, al d\u00eda siguiente. Esto garantizar\u00e1 la validez de la oferta, ya que las tarifas est\u00e1n sujetas a variaciones diarias y la disponibilidad depende del d\u00eda.<\/p><ol start=\"4\"><li><strong> M\u00e9todos de pago<\/strong><\/li><\/ol><p>Aceptamos: <strong>Efectivo, transferencias bancarias, enlaces de pago en l\u00ednea y pagos con tarjeta de cr\u00e9dito\/d\u00e9bito.<\/strong><\/p><p style=\"text-align: center;\">\ud83d\udce9 <strong>Para m\u00e1s informaci\u00f3n o asistencia cont\u00e1ctenos a trav\u00e9s de nuestros canales oficiales.<\/strong><\/p><p style=\"text-align: center;\"><strong>Andean Top Expeditions \u2013 Creando experiencias inolvidables para ti. <\/strong><strong>\ud83c\udf0e\u2728<\/strong><\/p><div><span style=\"font-size: 11pt; font-family: Arial, sans-serif; background-color: transparent; font-variant-numeric: normal; font-variant-east-asian: normal; font-variant-alternates: normal; font-variant-position: normal; font-variant-emoji: normal; vertical-align: baseline; white-space-collapse: preserve;\">\u00a0<\/span><\/div>\t\t\t\t\t\t\t\t<\/div>\n\t\t\t\t<\/div>\n\t\t\t\t\t<\/div>\n\t\t\t\t<\/div>\n\t\t\t\t<\/div>","protected":false},"excerpt":{"rendered":"<p>Privacy Policy \u00a0 POLICIES, CONDITIONS, AND PAYMENT METHODS At Andean Top E.I.R.L, we guarantee a transparent and reliable service so you can enjoy your trip without any inconvenience. Below, we present our booking, cancellation, and payment conditions. BY MAKING THE PAYMENT, THE CLIENT DECLARES THAT THEY HAVE READ, UNDERSTOOD, AND ACCEPTED THE POLICIES DESCRIBED HERE&#8230;.<\/p>","protected":false},"author":3,"featured_media":0,"parent":0,"menu_order":0,"comment_status":"closed","ping_status":"closed","template":"elementor_header_footer","meta":{"footnotes":""},"class_list":["post-15621","page","type-page","status-publish","hentry"],"yoast_head":"<!-- This site is optimized with the Yoast SEO plugin v27.2 - https:\/\/yoast.com\/product\/yoast-seo-wordpress\/ -->\n<title>Privacy Policy - Andean Top Expeditions<\/title>\n<meta name=\"robots\" content=\"index, follow, max-snippet:-1, max-image-preview:large, max-video-preview:-1\" \/>\n<link rel=\"canonical\" href=\"https:\/\/andeantopexpeditions.com\/es\/privacy-policy\/\" \/>\n<meta property=\"og:locale\" content=\"es_ES\" \/>\n<meta property=\"og:type\" content=\"article\" \/>\n<meta property=\"og:title\" content=\"Privacy Policy - Andean Top Expeditions\" \/>\n<meta property=\"og:description\" content=\"Privacy Policy \u00a0 POLICIES, CONDITIONS, AND PAYMENT METHODS At Andean Top E.I.R.L, we guarantee a transparent and reliable service so you can enjoy your trip without any inconvenience. Below, we present our booking, cancellation, and payment conditions. BY MAKING THE PAYMENT, THE CLIENT DECLARES THAT THEY HAVE READ, UNDERSTOOD, AND ACCEPTED THE POLICIES DESCRIBED HERE....\" \/>\n<meta property=\"og:url\" content=\"https:\/\/andeantopexpeditions.com\/es\/privacy-policy\/\" \/>\n<meta property=\"og:site_name\" content=\"Andean Top Expeditions\" \/>\n<meta property=\"article:publisher\" content=\"https:\/\/www.facebook.com\/andeantopexpeditions\/?locale=es_LA\" \/>\n<meta property=\"article:modified_time\" content=\"2026-03-14T21:00:55+00:00\" \/>\n<meta name=\"twitter:card\" content=\"summary_large_image\" \/>\n<meta name=\"twitter:label1\" content=\"Est. reading time\" \/>\n\t<meta name=\"twitter:data1\" content=\"2 minutos\" \/>\n<script type=\"application\/ld+json\" class=\"yoast-schema-graph\">{\"@context\":\"https:\/\/schema.org\",\"@graph\":[{\"@type\":\"WebPage\",\"@id\":\"https:\/\/andeantopexpeditions.com\/privacy-policy\/\",\"url\":\"https:\/\/andeantopexpeditions.com\/privacy-policy\/\",\"name\":\"Privacy Policy - Andean Top Expeditions\",\"isPartOf\":{\"@id\":\"https:\/\/andeantopexpeditions.com\/#website\"},\"datePublished\":\"2026-03-14T20:59:13+00:00\",\"dateModified\":\"2026-03-14T21:00:55+00:00\",\"breadcrumb\":{\"@id\":\"https:\/\/andeantopexpeditions.com\/privacy-policy\/#breadcrumb\"},\"inLanguage\":\"es-PE\",\"potentialAction\":[{\"@type\":\"ReadAction\",\"target\":[\"https:\/\/andeantopexpeditions.com\/privacy-policy\/\"]}]},{\"@type\":\"BreadcrumbList\",\"@id\":\"https:\/\/andeantopexpeditions.com\/privacy-policy\/#breadcrumb\",\"itemListElement\":[{\"@type\":\"ListItem\",\"position\":1,\"name\":\"Portada\",\"item\":\"https:\/\/andeantopexpeditions.com\/\"},{\"@type\":\"ListItem\",\"position\":2,\"name\":\"Privacy Policy\"}]},{\"@type\":\"WebSite\",\"@id\":\"https:\/\/andeantopexpeditions.com\/#website\",\"url\":\"https:\/\/andeantopexpeditions.com\/\",\"name\":\"Andean top Expeditions\",\"description\":\"Travel &amp; Tour Booking Agency WordPress Theme\",\"publisher\":{\"@id\":\"https:\/\/andeantopexpeditions.com\/#organization\"},\"potentialAction\":[{\"@type\":\"SearchAction\",\"target\":{\"@type\":\"EntryPoint\",\"urlTemplate\":\"https:\/\/andeantopexpeditions.com\/?s={search_term_string}\"},\"query-input\":{\"@type\":\"PropertyValueSpecification\",\"valueRequired\":true,\"valueName\":\"search_term_string\"}}],\"inLanguage\":\"es-PE\"},{\"@type\":\"Organization\",\"@id\":\"https:\/\/andeantopexpeditions.com\/#organization\",\"name\":\"Andean top Expeditions\",\"url\":\"https:\/\/andeantopexpeditions.com\/\",\"logo\":{\"@type\":\"ImageObject\",\"inLanguage\":\"es-PE\",\"@id\":\"https:\/\/andeantopexpeditions.com\/#\/schema\/logo\/image\/\",\"url\":\"https:\/\/andeantopexpeditions.com\/wp-content\/uploads\/2024\/08\/andean-log.png\",\"contentUrl\":\"https:\/\/andeantopexpeditions.com\/wp-content\/uploads\/2024\/08\/andean-log.png\",\"width\":180,\"height\":60,\"caption\":\"Andean top Expeditions\"},\"image\":{\"@id\":\"https:\/\/andeantopexpeditions.com\/#\/schema\/logo\/image\/\"},\"sameAs\":[\"https:\/\/www.facebook.com\/andeantopexpeditions\/?locale=es_LA\",\"https:\/\/www.instagram.com\/andeantopexpeditions\/\",\"https:\/\/www.tripadvisor.co\/Attraction_Review-g294314-d15244712-Reviews-Andean_Top_Expeditions-Cusco_Cusco_Region.html\"]}]}<\/script>\n<!-- \/ Yoast SEO plugin. -->","yoast_head_json":{"title":"Privacy Policy - Andean Top Expeditions","robots":{"index":"index","follow":"follow","max-snippet":"max-snippet:-1","max-image-preview":"max-image-preview:large","max-video-preview":"max-video-preview:-1"},"canonical":"https:\/\/andeantopexpeditions.com\/es\/privacy-policy\/","og_locale":"es_ES","og_type":"article","og_title":"Privacy Policy - Andean Top Expeditions","og_description":"Privacy Policy \u00a0 POLICIES, CONDITIONS, AND PAYMENT METHODS At Andean Top E.I.R.L, we guarantee a transparent and reliable service so you can enjoy your trip without any inconvenience. Below, we present our booking, cancellation, and payment conditions. BY MAKING THE PAYMENT, THE CLIENT DECLARES THAT THEY HAVE READ, UNDERSTOOD, AND ACCEPTED THE POLICIES DESCRIBED HERE....","og_url":"https:\/\/andeantopexpeditions.com\/es\/privacy-policy\/","og_site_name":"Andean Top Expeditions","article_publisher":"https:\/\/www.facebook.com\/andeantopexpeditions\/?locale=es_LA","article_modified_time":"2026-03-14T21:00:55+00:00","twitter_card":"summary_large_image","twitter_misc":{"Est. reading time":"2 minutos"},"schema":{"@context":"https:\/\/schema.org","@graph":[{"@type":"WebPage","@id":"https:\/\/andeantopexpeditions.com\/privacy-policy\/","url":"https:\/\/andeantopexpeditions.com\/privacy-policy\/","name":"Privacy Policy - Andean Top Expeditions","isPartOf":{"@id":"https:\/\/andeantopexpeditions.com\/#website"},"datePublished":"2026-03-14T20:59:13+00:00","dateModified":"2026-03-14T21:00:55+00:00","breadcrumb":{"@id":"https:\/\/andeantopexpeditions.com\/privacy-policy\/#breadcrumb"},"inLanguage":"es-PE","potentialAction":[{"@type":"ReadAction","target":["https:\/\/andeantopexpeditions.com\/privacy-policy\/"]}]},{"@type":"BreadcrumbList","@id":"https:\/\/andeantopexpeditions.com\/privacy-policy\/#breadcrumb","itemListElement":[{"@type":"ListItem","position":1,"name":"Portada","item":"https:\/\/andeantopexpeditions.com\/"},{"@type":"ListItem","position":2,"name":"Privacy Policy"}]},{"@type":"WebSite","@id":"https:\/\/andeantopexpeditions.com\/#website","url":"https:\/\/andeantopexpeditions.com\/","name":"Andean top Expeditions","description":"Travel &amp; Tour Booking Agency WordPress Theme","publisher":{"@id":"https:\/\/andeantopexpeditions.com\/#organization"},"potentialAction":[{"@type":"SearchAction","target":{"@type":"EntryPoint","urlTemplate":"https:\/\/andeantopexpeditions.com\/?s={search_term_string}"},"query-input":{"@type":"PropertyValueSpecification","valueRequired":true,"valueName":"search_term_string"}}],"inLanguage":"es-PE"},{"@type":"Organization","@id":"https:\/\/andeantopexpeditions.com\/#organization","name":"Andean top Expeditions","url":"https:\/\/andeantopexpeditions.com\/","logo":{"@type":"ImageObject","inLanguage":"es-PE","@id":"https:\/\/andeantopexpeditions.com\/#\/schema\/logo\/image\/","url":"https:\/\/andeantopexpeditions.com\/wp-content\/uploads\/2024\/08\/andean-log.png","contentUrl":"https:\/\/andeantopexpeditions.com\/wp-content\/uploads\/2024\/08\/andean-log.png","width":180,"height":60,"caption":"Andean top Expeditions"},"image":{"@id":"https:\/\/andeantopexpeditions.com\/#\/schema\/logo\/image\/"},"sameAs":["https:\/\/www.facebook.com\/andeantopexpeditions\/?locale=es_LA","https:\/\/www.instagram.com\/andeantopexpeditions\/","https:\/\/www.tripadvisor.co\/Attraction_Review-g294314-d15244712-Reviews-Andean_Top_Expeditions-Cusco_Cusco_Region.html"]}]}},"_links":{"self":[{"href":"https:\/\/andeantopexpeditions.com\/es\/wp-json\/wp\/v2\/pages\/15621","targetHints":{"allow":["GET"]}}],"collection":[{"href":"https:\/\/andeantopexpeditions.com\/es\/wp-json\/wp\/v2\/pages"}],"about":[{"href":"https:\/\/andeantopexpeditions.com\/es\/wp-json\/wp\/v2\/types\/page"}],"author":[{"embeddable":true,"href":"https:\/\/andeantopexpeditions.com\/es\/wp-json\/wp\/v2\/users\/3"}],"replies":[{"embeddable":true,"href":"https:\/\/andeantopexpeditions.com\/es\/wp-json\/wp\/v2\/comments?post=15621"}],"version-history":[{"count":0,"href":"https:\/\/andeantopexpeditions.com\/es\/wp-json\/wp\/v2\/pages\/15621\/revisions"}],"wp:attachment":[{"href":"https:\/\/andeantopexpeditions.com\/es\/wp-json\/wp\/v2\/media?parent=15621"}],"curies":[{"name":"wp","href":"https:\/\/api.w.org\/{rel}","templated":true}]}}